{"id":12884,"date":"2021-03-22T12:53:55","date_gmt":"2021-03-22T11:53:55","guid":{"rendered":"https:\/\/www.ness.de\/centre-de-telechargement\/"},"modified":"2021-03-31T14:01:32","modified_gmt":"2021-03-31T12:01:32","slug":"centre-de-telechargement","status":"publish","type":"page","link":"https:\/\/ness.de\/fr\/centre-de-telechargement\/","title":{"rendered":"Centre de t\u00e9l\u00e9chargement"},"content":{"rendered":"<div id='full_slider_1'  class='avia-fullwidth-slider main_color avia-shadow av-small-hide av-mini-hide  avia-builder-el-0  el_before_av_section  avia-builder-el-first   container_wrap sidebar_right'  ><div  class='avia-slideshow av-jikbtuwa-385da4bd21980cb90c9cdb5ccdd34ac5 avia-slideshow-featured av_slideshow_full avia-slide-slider av-small-hide av-mini-hide av-slideshow-ui av-control-default av-slideshow-manual av-loop-once av-loop-manual-endless av-default-height-applied   avia-slideshow-1' data-slideshow-options=\"{&quot;animation&quot;:&quot;slide&quot;,&quot;autoplay&quot;:false,&quot;loop_autoplay&quot;:&quot;once&quot;,&quot;interval&quot;:7,&quot;loop_manual&quot;:&quot;manual-endless&quot;,&quot;autoplay_stopper&quot;:false,&quot;noNavigation&quot;:false,&quot;bg_slider&quot;:false,&quot;keep_padding&quot;:false,&quot;hoverpause&quot;:false,&quot;show_slide_delay&quot;:0}\"  itemprop=\"image\" itemscope=\"itemscope\" itemtype=\"https:\/\/schema.org\/ImageObject\" ><ul class='avia-slideshow-inner ' style='padding-bottom: 31.818181818182%;'><li  class='avia-slideshow-slide av-jikbtuwa-385da4bd21980cb90c9cdb5ccdd34ac5__0  av-single-slide slide-1 slide-odd'><div data-rel='slideshow-1' class='avia-slide-wrap '   ><img decoding=\"async\" fetchpriority=\"high\" class=\"wp-image-12899 avia-img-lazy-loading-not-12899\"  src=\"https:\/\/ness.de\/wp-content\/uploads\/2018\/08\/NESS_Datenautobahn_web-1500x630-1-2200x700.jpg\" width=\"2200\" height=\"700\" title='NESS_Datenautobahn_web-1500x630' alt=''  itemprop=\"thumbnailUrl\"   \/><\/div><\/li><\/ul><\/div><\/div>\n<div id='av_section_1'  class='avia-section av-2wm50-acaa273e2697e29ee8de4f4cc4a0101d main_color avia-section-large avia-no-border-styling  avia-builder-el-1  el_after_av_slideshow_full  el_before_av_tab_section  avia-bg-style-scroll container_wrap sidebar_right'  ><div class='container av-section-cont-open' ><div class='template-page content  av-content-small alpha units'><div class='post-entry post-entry-type-page post-entry-12884'><div class='entry-content-wrapper clearfix'>\n<div class='flex_column_table av-26zgc-40e6bb468d60f1a01784778e68a56410 sc-av_one_full av-equal-height-column-flextable'>\n<style type=\"text\/css\" data-created_by=\"avia_inline_auto\" id=\"style-css-av-26zgc-40e6bb468d60f1a01784778e68a56410\">\n.flex_column.av-26zgc-40e6bb468d60f1a01784778e68a56410{\nborder-radius:0px 0px 0px 0px;\npadding:0px 0px 0px 0px;\n}\n<\/style>\n<div  class='flex_column av-26zgc-40e6bb468d60f1a01784778e68a56410 av_one_full  avia-builder-el-2  avia-builder-el-no-sibling  first flex_column_table_cell av-equal-height-column av-align-middle av-zero-column-padding  '     ><section  class='av_textblock_section av-1cjjk-9ed203448515012ba4ccc0c8a497fedf '   itemscope=\"itemscope\" itemtype=\"https:\/\/schema.org\/CreativeWork\" ><div class='avia_textblock'  itemprop=\"text\" ><h1 style=\"text-align: center;\">Centre de t\u00e9l\u00e9chargement<\/h1>\n<h2 style=\"font-weight: 400; text-align: center;\">Ici, vous trouverez tous les documents importants et autres fichiers multim\u00e9dia disponibles pour le t\u00e9l\u00e9chargement<\/h2>\n<\/div><\/section><\/div><\/div><!--close column table wrapper. Autoclose: 1 -->\n\n<\/div><\/div><\/div><!-- close content main div --><\/div><\/div><div id='av-tab-section-1'  class='av-tab-section-container entry-content-wrapper main_color av-tab-no-transition   av-tab-above-content  avia-builder-el-4  el_after_av_section  avia-builder-el-last  tab-section-not-first container_wrap sidebar_right'  ><div class='av-tab-section-outer-container av-2f816n-a5256d3be375a7d07ad32720ca0d19bf'><div class='av-tab-section-tab-title-container avia-tab-title-padding-small' role='tablist'><a href='#ness-brochures' data-av-tab-section-title='1' class='av-section-tab-title av-active-tab-title no-scroll av-jje9ucw6-0b4d2c5e3cde74ecfcd022fa77dc4e81 av-tab-no-icon av-tab-no-image ' role='tab' tabindex='0' aria-controls='av-tab-section-1-1'><span class='av-outer-tab-title'><span class='av-inner-tab-title'>NESS Brochures<\/span><\/span><span class=\"av-tab-arrow-container\"><span><\/span><\/span><\/a><a href='#nessessities' data-av-tab-section-title='2' class='av-section-tab-title  av-jje9ucw6-d67d7f92a669c234f574f71a0d0cc683 av-tab-no-icon av-tab-no-image ' role='tab' tabindex='0' aria-controls='av-tab-section-1-2'><span class='av-outer-tab-title'><span class='av-inner-tab-title'>NESSessities<\/span><\/span><span class=\"av-tab-arrow-container\"><span><\/span><\/span><\/a><a href='#whitepaper' data-av-tab-section-title='3' class='av-section-tab-title  av-kmd4xi6r-e235d302a75450e244b2777bc63d6a44 av-tab-no-icon av-tab-no-image ' role='tab' tabindex='0' aria-controls='av-tab-section-1-3'><span class='av-outer-tab-title'><span class='av-inner-tab-title'>Whitepaper<\/span><\/span><span class=\"av-tab-arrow-container\"><span><\/span><\/span><\/a><a href='#questionnaire-en-langue-anglaise' data-av-tab-section-title='4' class='av-section-tab-title  av-kdpv83er-43d88c51412bb7f8cf4b83346bc079e8 av-tab-no-icon av-tab-no-image ' role='tab' tabindex='0' aria-controls='av-tab-section-1-4'><span class='av-outer-tab-title'><span class='av-inner-tab-title'>Questionnaire (en langue anglaise)<\/span><\/span><span class=\"av-tab-arrow-container\"><span><\/span><\/span><\/a><a href='#conditions-gnrales-de-vente-en-langue-anglaise' data-av-tab-section-title='5' class='av-section-tab-title  av-jje9vblj-970d4f6ae8cf024f64f015efed82f5f1 av-tab-no-icon av-tab-no-image ' role='tab' tabindex='0' aria-controls='av-tab-section-1-5'><span class='av-outer-tab-title'><span class='av-inner-tab-title'>Conditions g\u00e9n\u00e9rales de vente (en langue anglaise)<\/span><\/span><span class=\"av-tab-arrow-container\"><span><\/span><\/span><\/a><a href='#conditions-gnrales-dachat-en-langue-anglaise' data-av-tab-section-title='6' class='av-section-tab-title  av-jvw2060w-f320bd5af2e892fb2fff9e29f21d5b0d av-tab-no-icon av-tab-no-image ' role='tab' tabindex='0' aria-controls='av-tab-section-1-6'><span class='av-outer-tab-title'><span class='av-inner-tab-title'>Conditions g\u00e9n\u00e9rales d\u2019achat (en langue anglaise)<\/span><\/span><span class=\"av-tab-arrow-container\"><span><\/span><\/span><\/a><\/div><div class='avia-slideshow-arrows av-tabsection-arrow' ><a href='#prev' class='prev-slide av_prev_tab_section av-tab-section-slide avia-svg-icon avia-font-svg_entypo-fontello' data-av_svg_icon='left-open-big' data-av_iconset='svg_entypo-fontello' tabindex='-1' title=\"Pr\u00e9c\u00e9dent\"><svg version=\"1.1\" xmlns=\"http:\/\/www.w3.org\/2000\/svg\" width=\"15\" height=\"32\" viewBox=\"0 0 15 32\" preserveAspectRatio=\"xMidYMid meet\" aria-labelledby='av-svg-title-1' aria-describedby='av-svg-desc-1' role=\"graphics-symbol\" aria-hidden=\"true\">\n<title id='av-svg-title-1'>Pr\u00e9c\u00e9dent<\/title>\n<desc id='av-svg-desc-1'>Pr\u00e9c\u00e9dent<\/desc>\n<path d=\"M14.464 27.84q0.832 0.832 0 1.536-0.832 0.832-1.536 0l-12.544-12.608q-0.768-0.768 0-1.6l12.544-12.608q0.704-0.832 1.536 0 0.832 0.704 0 1.536l-11.456 11.904z\"><\/path>\n<\/svg><span class='avia_hidden_link_text'>Pr\u00e9c\u00e9dent<\/span><\/a><a href='#next' class='next-slide av_next_tab_section av-tab-section-slide avia-svg-icon avia-font-svg_entypo-fontello' data-av_svg_icon='right-open-big' data-av_iconset='svg_entypo-fontello' tabindex='-1' title=\"Suivant\"><svg version=\"1.1\" xmlns=\"http:\/\/www.w3.org\/2000\/svg\" width=\"15\" height=\"32\" viewBox=\"0 0 15 32\" preserveAspectRatio=\"xMidYMid meet\" aria-labelledby='av-svg-title-2' aria-describedby='av-svg-desc-2' role=\"graphics-symbol\" aria-hidden=\"true\">\n<title id='av-svg-title-2'>Suivant<\/title>\n<desc id='av-svg-desc-2'>Suivant<\/desc>\n<path d=\"M0.416 27.84l11.456-11.84-11.456-11.904q-0.832-0.832 0-1.536 0.832-0.832 1.536 0l12.544 12.608q0.768 0.832 0 1.6l-12.544 12.608q-0.704 0.832-1.536 0-0.832-0.704 0-1.536z\"><\/path>\n<\/svg><span class='avia_hidden_link_text'>Suivant<\/span><\/a><\/div><div class='av-tab-section-inner-container avia-section-small' style='width:600vw; left:0%;'><span class=\"av_prev_tab_section av_tab_navigation\"><\/span><span class=\"av_next_tab_section av_tab_navigation\"><\/span>\n\n<style type=\"text\/css\" data-created_by=\"avia_inline_auto\" id=\"style-css-av-jje9ucw6-0b4d2c5e3cde74ecfcd022fa77dc4e81\">\n.av-layout-tab.av-jje9ucw6-0b4d2c5e3cde74ecfcd022fa77dc4e81{\nvertical-align:top;\n}\n<\/style>\n<div id='av-tab-section-1-1' class='av-layout-tab av-jje9ucw6-0b4d2c5e3cde74ecfcd022fa77dc4e81 av-animation-delay-container  avia-builder-el-5  el_before_av_tab_sub_section  avia-builder-el-first  av-active-tab-content __av_init_open ' data-av-deeplink-tabs=\"\" data-av-tab-section-content=\"1\" data-tab-section-id=\"ness-brochures\"><div class=\"av-layout-tab-inner\"><div class=\"container\"><section  class='av_textblock_section av-jjea68s9-85861ea8b1a93a75a734d6dd7545f7c2 '   itemscope=\"itemscope\" itemtype=\"https:\/\/schema.org\/CreativeWork\" ><div class='avia_textblock'  itemprop=\"text\" ><p class=\"bodytext\">\n<p><strong>NESS Plaquette de promotion<br \/>\n<\/strong><\/p>\n<p>&gt; <a href=\"\/wp-content\/uploads\/2021\/03\/NESS_Companybrochure_V05_01_FR.pdf\">Plaquette de promotion NESS W\u00e4rmetechnik<\/a> (Fran\u00e7ais) | <a href=\"\/wp-content\/uploads\/2019\/09\/NESS_Companybrochure_V05_01_EN.pdf\">Anglais<\/a><\/p>\n<p><strong>NESS Brochures produits<br \/>\n<\/strong><\/p>\n<p>&gt; <a href=\"\/wp-content\/uploads\/2021\/03\/NESS_WEH_WEV_V01_01_FR-1.pdf\">NESS Brochure produits WEH \/ WEV<\/a> (Fran\u00e7ais) | <a href=\"\/wp-content\/uploads\/2021\/02\/NESS_WEH_WEV_V03_01_EN-lowres.pdf\">Anglais<\/a><\/p>\n<p>&gt; <a href=\"\/wp-content\/uploads\/2021\/03\/NESS_BIOMASS_V02_01_FR.pdf\">NESS Brochure produits Installations \u00e0 biomasse<\/a> (Fran\u00e7ais) | <a href=\"\/wp-content\/uploads\/2021\/03\/NESS_BIOMASS_V03_01_EN-lowres.pdf\">Anglais<\/a><\/p>\n<p><strong>NESS Fiches de donn\u00e9es<br \/>\n<\/strong><\/p>\n<p>&gt; <a href=\"https:\/\/ness.de\/wp-content\/uploads\/2021\/03\/NESS-Waermetraegeroelanlagen_V01_02_FR.pdf\">NESS Installations \u00e0 huile caloporteuse<\/a> (Fran\u00e7ais)\u00a0 |\u00a0 <a href=\"https:\/\/ness.de\/wp-content\/uploads\/2018\/11\/NESS-Waermetraegeroelanlagen_V01_02_EN.pdf\">Anglais\u00a0<\/a><\/p>\n<p>&gt; <a href=\"https:\/\/ness.de\/wp-content\/uploads\/2021\/03\/NESS_WEH_WEV_V02_01_FR.pdf\">NESS R\u00e9chauffeurs d\u2019huile caloporteuse \u00e0 combustion WEH\/WEV<\/a> (Fran\u00e7ais) | <a href=\"https:\/\/ness.de\/wp-content\/uploads\/2021\/02\/NESS_WEH_WEV_V03_01_EN-lowres.pdf\">Anglais<\/a><\/p>\n<p>&gt; <a href=\"https:\/\/ness.de\/wp-content\/uploads\/2021\/03\/NESS-EWE_V01_02_FR.pdf\">NESS R\u00e9chauffeurs d\u2019huile caloporteuse \u00e9lectrique EWE<\/a> (Fran\u00e7ais)\u00a0 |\u00a0 <a href=\"https:\/\/ness.de\/wp-content\/uploads\/2018\/11\/NESS-EWE_V01_02_EN.pdf\">Anglais<\/a><\/p>\n<p>&gt; <a href=\"https:\/\/ness.de\/wp-content\/uploads\/2021\/03\/NESS-Heiz-Kuehlanlagen_V01_02_FR.pdf\">NESS Installations de chauffage-refroidissement<\/a> (Fran\u00e7ais)\u00a0 |\u00a0 <a href=\"https:\/\/ness.de\/wp-content\/uploads\/2018\/11\/NESS-Heiz-Kuehlanlagen_V01_02_EN.pdf\">Anglais<\/a><\/p>\n<p>&gt; <a href=\"https:\/\/ness.de\/wp-content\/uploads\/2021\/03\/NESS-Dampf_Heisswasser_V01_02_FR.pdf\">NESS Installations \u00e0 vapeur\/eau chaude<\/a> (Fran\u00e7ais)\u00a0 |\u00a0 <a href=\"https:\/\/ness.de\/wp-content\/uploads\/2018\/11\/NESS-Dampf_Heisswasser_V01_02_EN.pdf\">Anglais<\/a><\/p>\n<p>&gt; <a href=\"https:\/\/ness.de\/wp-content\/uploads\/2021\/03\/NESS-Sekundaerkreise_V01_02_FR.pdf\">NESS Circuits secondaires<\/a> (Fran\u00e7ais)\u00a0 |\u00a0 <a href=\"https:\/\/ness.de\/wp-content\/uploads\/2018\/11\/NESS-Sekundaerkreise_V01_02_EN.pdf\">Anglais<\/a><\/p>\n<p>&gt; <a href=\"https:\/\/ness.de\/wp-content\/uploads\/2021\/03\/NESS-Luvo_V01_02_FR.pdf\">NESS R\u00e9cup\u00e9ration de chaleur<\/a> (Fran\u00e7ais)\u00a0 |\u00a0 <a href=\"https:\/\/ness.de\/wp-content\/uploads\/2018\/11\/NESS-Luvo_V01_02_EN.pdf\">Anglais<\/a><\/p>\n<p>&gt; <a href=\"https:\/\/ness.de\/wp-content\/uploads\/2021\/03\/NESS-Waermetauscher_V01_02_FR.pdf\">NESS \u00c9changeur thermique<\/a> (Fran\u00e7ais)\u00a0 |\u00a0 <a href=\"https:\/\/ness.de\/wp-content\/uploads\/2018\/11\/NESS-Waermetauscher_V01_02_EN.pdf\">Anglais<\/a><\/p>\n<\/div><\/section>\n<\/div><\/div><\/div>\n<style type=\"text\/css\" data-created_by=\"avia_inline_auto\" id=\"style-css-av-jje9ucw6-d67d7f92a669c234f574f71a0d0cc683\">\n.av-layout-tab.av-jje9ucw6-d67d7f92a669c234f574f71a0d0cc683{\nvertical-align:top;\n}\n<\/style>\n<div id='av-tab-section-1-2' class='av-layout-tab av-jje9ucw6-d67d7f92a669c234f574f71a0d0cc683 av-animation-delay-container  avia-builder-el-7  el_after_av_tab_sub_section  el_before_av_tab_sub_section  ' data-av-deeplink-tabs=\"\" data-av-tab-section-content=\"2\" data-tab-section-id=\"nessessities\"><div class=\"av-layout-tab-inner\"><div class=\"container\"><section  class='av_textblock_section av-jjea68s9-85861ea8b1a93a75a734d6dd7545f7c2 '   itemscope=\"itemscope\" itemtype=\"https:\/\/schema.org\/CreativeWork\" ><div class='avia_textblock'  itemprop=\"text\" ><p><strong>NESSessities Brochure<\/strong><\/p>\n<p>> <a href=\"\/wp-content\/uploads\/2021\/03\/NESSessitiesbrochure_V03_01_FR.pdf\">NESSessities Brochure<\/a>\u00a0(Fran\u00e7ais)\u00a0 |\u00a0 <a href=\"\/wp-content\/uploads\/2019\/09\/NESSessitiesbrochure_V04_01_EN-lowres.pdf\">Anglais<\/a><\/p>\n<p><strong>NESSessities Fiches de donn\u00e9es<br \/>\n<\/strong><\/p>\n<p>> <a href=\"https:\/\/ness.de\/wp-content\/uploads\/2021\/03\/NESS-Probenentnahmekuehler_V01_02_FR.pdf\">Probenentnahmek\u00fchler<\/a>\u00a0(Fran\u00e7ais)\u00a0 |\u00a0 <a href=\"https:\/\/ness.de\/wp-content\/uploads\/2018\/08\/NESS-Probenentnahmekuehler_V01_02_EN.pdf\">Anglais<\/a><\/p>\n<p>> <a href=\"https:\/\/ness.de\/wp-content\/uploads\/2021\/03\/NESS-Feinfilterstation_V01_02_FR.pdf\">Feinfilterstation<\/a>\u00a0(Fran\u00e7ais)\u00a0 |\u00a0 <a href=\"https:\/\/ness.de\/wp-content\/uploads\/2018\/08\/NESS_FF_Produkt\u00fcbersicht_V01_01_EN.pdf\">Anglais<\/a><\/p>\n<p>> <a href=\"https:\/\/ness.de\/wp-content\/uploads\/2021\/03\/NESS-Leichtsiederentfernung_V01_02_FR.pdf\">Leichtsiederentfernung<\/a>\u00a0(Fran\u00e7ais)\u00a0 |\u00a0 <a href=\"https:\/\/ness.de\/wp-content\/uploads\/2018\/08\/NESS-Leichtsiederentfernung_V01_02_EN.pdf\">Anglais<\/a><\/p>\n<p>> <a href=\"https:\/\/ness.de\/wp-content\/uploads\/2021\/03\/NESS-Stickstoffueberlagerung_V01_02_FR.pdf\">Stickstoff\u00fcberlagerung<\/a>\u00a0(Fran\u00e7ais)\u00a0 |\u00a0 <a href=\"https:\/\/ness.de\/wp-content\/uploads\/2018\/08\/NESS-Stickstoffueberlagerung_V01_02_EN.pdf\">Anglais<\/a><\/p>\n<p>> <a href=\"https:\/\/ness.de\/wp-content\/uploads\/2021\/03\/NESS-Pumpenueberwachung_V01_02_FR.pdf\">Pumpen\u00fcberwachung<\/a>\u00a0(Fran\u00e7ais)\u00a0 |\u00a0 <a href=\"https:\/\/ness.de\/wp-content\/uploads\/2018\/08\/NESS-Pumpenueberwachung_V01_02_EN.pdf\">Anglais<\/a><\/p>\n<p>> <a href=\"https:\/\/ness.de\/wp-content\/uploads\/2021\/03\/NESS-Loeschanlagen_V01_02_FR.pdf\">L\u00f6schanlagen<\/a>\u00a0(Fran\u00e7ais)\u00a0 |\u00a0 <a href=\"https:\/\/ness.de\/wp-content\/uploads\/2018\/08\/NESS-Loeschanlagen_V01_02_EN.pdf\">Anglais<\/a><\/p>\n<p>> <a href=\"https:\/\/ness.de\/wp-content\/uploads\/2021\/03\/NESS-Spritzschutzbaender_V01_02_FR.pdf\">Spritzschutzb\u00e4nder<\/a>\u00a0(Fran\u00e7ais)\u00a0 |\u00a0 <a href=\"https:\/\/ness.de\/wp-content\/uploads\/2018\/08\/NESS-Spritzschutzbaender_V01_02_EN.pdf\">Anglais<\/a><\/p>\n<p>> <a href=\"https:\/\/ness.de\/wp-content\/uploads\/2021\/03\/NESS_NG300_V01_01_FR.pdf\">Stickstoffgenerator<\/a> (Fran\u00e7ais)\u00a0 |\u00a0 <a href=\"https:\/\/ness.de\/wp-content\/uploads\/2018\/10\/NESS_NG300_V01_01_EN-1.pdf\">Anglais<\/a><\/p>\n<p>> <a href=\"https:\/\/ness.de\/wp-content\/uploads\/2021\/03\/NESS-Mobile-Druckpruefpumpe_V1_02_FR.pdf\">Mobile Druckpr\u00fcfpumpe<\/a> (Fran\u00e7ais)\u00a0 |\u00a0 <a href=\"https:\/\/ness.de\/wp-content\/uploads\/2019\/03\/NESS-Mobile-Druckpruefpumpe_V01_02_EN.pdf\">Anglais<\/a><\/p>\n<p>> <a href=\"https:\/\/ness.de\/wp-content\/uploads\/2021\/03\/NESS-Mobile_Kuehleinrichtung_V01_02_FR.pdf\">Mobile K\u00fchleinrichtung<\/a> (Fran\u00e7ais)\u00a0 |\u00a0 <a href=\"https:\/\/ness.de\/wp-content\/uploads\/2019\/12\/NESS-Mobile_Kuehleinrichtung_V01_02_EN.pdf\">Anglais<\/a><\/p>\n<\/div><\/section>\n<\/div><\/div><\/div>\n<style type=\"text\/css\" data-created_by=\"avia_inline_auto\" id=\"style-css-av-kmd4xi6r-e235d302a75450e244b2777bc63d6a44\">\n.av-layout-tab.av-kmd4xi6r-e235d302a75450e244b2777bc63d6a44{\nvertical-align:top;\n}\n<\/style>\n<div id='av-tab-section-1-3' class='av-layout-tab av-kmd4xi6r-e235d302a75450e244b2777bc63d6a44 av-animation-delay-container  avia-builder-el-9  el_after_av_tab_sub_section  el_before_av_tab_sub_section  ' data-av-deeplink-tabs=\"\" data-av-tab-section-content=\"3\" data-tab-section-id=\"whitepaper\"><div class=\"av-layout-tab-inner\"><div class=\"container\"><section  class='av_textblock_section av-kmd52oe2-e2eb6fef1db5d0d192035a909d3e451c '   itemscope=\"itemscope\" itemtype=\"https:\/\/schema.org\/CreativeWork\" ><div class='avia_textblock'  itemprop=\"text\" ><p><strong>Whitepaper &#8211; Energy efficiencyin supplying industrial process heat<br \/>\n<\/strong><\/p>\n<p>> <a href=\"https:\/\/ness.de\/wp-content\/uploads\/2020\/08\/Whitepaper-Einsparung-Pumpen-V02-01-en.pdf\">Savings with Controlled pumps \u2013 some cases from the field<\/a> (en langue anglaise)<\/p>\n<\/div><\/section>\n<\/div><\/div><\/div>\n<style type=\"text\/css\" data-created_by=\"avia_inline_auto\" id=\"style-css-av-kdpv83er-43d88c51412bb7f8cf4b83346bc079e8\">\n.av-layout-tab.av-kdpv83er-43d88c51412bb7f8cf4b83346bc079e8{\nvertical-align:top;\n}\n<\/style>\n<div id='av-tab-section-1-4' class='av-layout-tab av-kdpv83er-43d88c51412bb7f8cf4b83346bc079e8 av-animation-delay-container  avia-builder-el-11  el_after_av_tab_sub_section  el_before_av_tab_sub_section  ' data-av-deeplink-tabs=\"\" data-av-tab-section-content=\"4\" data-tab-section-id=\"questionnaire-en-langue-anglaise\"><div class=\"av-layout-tab-inner\"><div class=\"container\"><section  class='av_textblock_section av-jjea68s9-85861ea8b1a93a75a734d6dd7545f7c2 '   itemscope=\"itemscope\" itemtype=\"https:\/\/schema.org\/CreativeWork\" ><div class='avia_textblock'  itemprop=\"text\" ><p>> <a href=\"\/wp-content\/uploads\/2020\/08\/NESS_Fragebogen_W\u00e4rmetr\u00e4ger\u00f6lanlagen_V01_01_EN_web.pdf\">Questionnaire pour Installations \u00e0 huile caloporteuse<\/a> (en langue anglaise)<\/p>\n<p>> <a href=\"\/wp-content\/uploads\/2020\/09\/NESS_Fragebogen_NESSessities_V01_02_EN.pdf\">Questionnaire pour NESSessities<\/a> (en langue anglaise)<\/p>\n<\/div><\/section>\n<\/div><\/div><\/div>\n<style type=\"text\/css\" data-created_by=\"avia_inline_auto\" id=\"style-css-av-jje9vblj-970d4f6ae8cf024f64f015efed82f5f1\">\n.av-layout-tab.av-jje9vblj-970d4f6ae8cf024f64f015efed82f5f1{\nvertical-align:top;\n}\n<\/style>\n<div id='av-tab-section-1-5' class='av-layout-tab av-jje9vblj-970d4f6ae8cf024f64f015efed82f5f1 av-animation-delay-container  avia-builder-el-13  el_after_av_tab_sub_section  el_before_av_tab_sub_section  ' data-av-deeplink-tabs=\"\" data-av-tab-section-content=\"5\" data-tab-section-id=\"conditions-gnrales-de-vente-en-langue-anglaise\"><div class=\"av-layout-tab-inner\"><div class=\"container\"><section  class='av_textblock_section av-jjeatdup-0428834f10ff6bf815d39ead897ef34f '   itemscope=\"itemscope\" itemtype=\"https:\/\/schema.org\/CreativeWork\" ><div class='avia_textblock'  itemprop=\"text\" ><p>> <a href=\"\/wp-content\/uploads\/2019\/04\/Verkaufsbed-NWT-0419-E.pdf\">NESS Conditions g\u00e9n\u00e9rales de vente<\/a> (en langue anglaise)<\/p>\n<\/div><\/section>\n<\/div><\/div><\/div>\n<style type=\"text\/css\" data-created_by=\"avia_inline_auto\" id=\"style-css-av-jvw2060w-f320bd5af2e892fb2fff9e29f21d5b0d\">\n.av-layout-tab.av-jvw2060w-f320bd5af2e892fb2fff9e29f21d5b0d{\nvertical-align:top;\n}\n<\/style>\n<div id='av-tab-section-1-6' class='av-layout-tab av-jvw2060w-f320bd5af2e892fb2fff9e29f21d5b0d av-animation-delay-container  avia-builder-el-15  el_after_av_tab_sub_section  avia-builder-el-last  ' data-av-deeplink-tabs=\"\" data-av-tab-section-content=\"6\" data-tab-section-id=\"conditions-gnrales-dachat-en-langue-anglaise\"><div class=\"av-layout-tab-inner\"><div class=\"container\"><section  class='av_textblock_section av-jvw21h7u-47939d8bfa4eb79c5282d76c1f0e0440 '   itemscope=\"itemscope\" itemtype=\"https:\/\/schema.org\/CreativeWork\" ><div class='avia_textblock'  itemprop=\"text\" ><p>> <a href=\"a href=\"https:\/\/ness.de\/wp-content\/uploads\/2019\/05\/Einkaufsbed-NWT-0618_E.pdf\">NESS Allgemeine Conditions g\u00e9n\u00e9rales d&rsquo;achat<\/a> (en langue anglaise)<\/p>\n<\/div><\/section>\n<\/div><\/div><\/div><\/div><\/div><\/div>\n","protected":false},"excerpt":{"rendered":"","protected":false},"author":3,"featured_media":0,"parent":0,"menu_order":0,"comment_status":"closed","ping_status":"closed","template":"","meta":{"footnotes":""},"class_list":["post-12884","page","type-page","status-publish","hentry"],"yoast_head":"<!-- This site is optimized with the Yoast SEO Premium plugin v27.4 (Yoast SEO v27.4) - https:\/\/yoast.com\/product\/yoast-seo-premium-wordpress\/ -->\n<title>Centre de t\u00e9l\u00e9chargement pour vos t\u00e9l\u00e9chargements - NESS W\u00e4rmetechnik GmbH<\/title>\n<meta name=\"description\" content=\"Dans cette section, vous trouverez toutes les fiches de donn\u00e9es, les documents \u00e0 imprimer et autres fichiers multim\u00e9dia au format num\u00e9rique disponibles pour le t\u00e9l\u00e9chargement.\" \/>\n<meta name=\"robots\" content=\"index, follow, max-snippet:-1, max-image-preview:large, max-video-preview:-1\" \/>\n<link rel=\"canonical\" href=\"https:\/\/ness.de\/fr\/centre-de-telechargement\/\" \/>\n<meta property=\"og:locale\" content=\"fr_FR\" \/>\n<meta property=\"og:type\" content=\"article\" \/>\n<meta property=\"og:title\" content=\"Centre de t\u00e9l\u00e9chargement\" \/>\n<meta property=\"og:description\" content=\"Dans cette section, vous trouverez toutes les fiches de donn\u00e9es, les documents \u00e0 imprimer et autres fichiers multim\u00e9dia au format num\u00e9rique disponibles pour le t\u00e9l\u00e9chargement.\" \/>\n<meta property=\"og:url\" content=\"https:\/\/ness.de\/fr\/centre-de-telechargement\/\" \/>\n<meta property=\"og:site_name\" content=\"NESS W\u00e4rmetechnik\" \/>\n<meta property=\"article:modified_time\" content=\"2021-03-31T12:01:32+00:00\" \/>\n<meta name=\"twitter:card\" content=\"summary_large_image\" \/>\n<meta name=\"twitter:label1\" content=\"Dur\u00e9e de lecture estim\u00e9e\" \/>\n\t<meta name=\"twitter:data1\" content=\"3 minutes\" \/>\n<!-- \/ Yoast SEO Premium plugin. -->","yoast_head_json":{"title":"Centre de t\u00e9l\u00e9chargement pour vos t\u00e9l\u00e9chargements - NESS W\u00e4rmetechnik GmbH","description":"Dans cette section, vous trouverez toutes les fiches de donn\u00e9es, les documents \u00e0 imprimer et autres fichiers multim\u00e9dia au format num\u00e9rique disponibles pour le t\u00e9l\u00e9chargement.","robots":{"index":"index","follow":"follow","max-snippet":"max-snippet:-1","max-image-preview":"max-image-preview:large","max-video-preview":"max-video-preview:-1"},"canonical":"https:\/\/ness.de\/fr\/centre-de-telechargement\/","og_locale":"fr_FR","og_type":"article","og_title":"Centre de t\u00e9l\u00e9chargement","og_description":"Dans cette section, vous trouverez toutes les fiches de donn\u00e9es, les documents \u00e0 imprimer et autres fichiers multim\u00e9dia au format num\u00e9rique disponibles pour le t\u00e9l\u00e9chargement.","og_url":"https:\/\/ness.de\/fr\/centre-de-telechargement\/","og_site_name":"NESS W\u00e4rmetechnik","article_modified_time":"2021-03-31T12:01:32+00:00","twitter_card":"summary_large_image","twitter_misc":{"Dur\u00e9e de lecture estim\u00e9e":"3 minutes"},"schema":{"@context":"https:\/\/schema.org","@graph":[{"@type":"WebPage","@id":"https:\/\/ness.de\/fr\/centre-de-telechargement\/","url":"https:\/\/ness.de\/fr\/centre-de-telechargement\/","name":"Centre de t\u00e9l\u00e9chargement pour vos t\u00e9l\u00e9chargements - NESS W\u00e4rmetechnik GmbH","isPartOf":{"@id":"https:\/\/ness.de\/#website"},"datePublished":"2021-03-22T11:53:55+00:00","dateModified":"2021-03-31T12:01:32+00:00","description":"Dans cette section, vous trouverez toutes les fiches de donn\u00e9es, les documents \u00e0 imprimer et autres fichiers multim\u00e9dia au format num\u00e9rique disponibles pour le t\u00e9l\u00e9chargement.","breadcrumb":{"@id":"https:\/\/ness.de\/fr\/centre-de-telechargement\/#breadcrumb"},"inLanguage":"fr-FR","potentialAction":[{"@type":"ReadAction","target":["https:\/\/ness.de\/fr\/centre-de-telechargement\/"]}]},{"@type":"BreadcrumbList","@id":"https:\/\/ness.de\/fr\/centre-de-telechargement\/#breadcrumb","itemListElement":[{"@type":"ListItem","position":1,"name":"Startseite","item":"https:\/\/ness.de\/fr\/"},{"@type":"ListItem","position":2,"name":"Centre de t\u00e9l\u00e9chargement"}]},{"@type":"WebSite","@id":"https:\/\/ness.de\/#website","url":"https:\/\/ness.de\/","name":"NESS W\u00e4rmetechnik","description":"The Process Heat Company","publisher":{"@id":"https:\/\/ness.de\/#organization"},"potentialAction":[{"@type":"SearchAction","target":{"@type":"EntryPoint","urlTemplate":"https:\/\/ness.de\/?s={search_term_string}"},"query-input":{"@type":"PropertyValueSpecification","valueRequired":true,"valueName":"search_term_string"}}],"inLanguage":"fr-FR"},{"@type":"Organization","@id":"https:\/\/ness.de\/#organization","name":"NESS W\u00e4rmetechnik GmbH","url":"https:\/\/ness.de\/","logo":{"@type":"ImageObject","inLanguage":"fr-FR","@id":"https:\/\/ness.de\/#\/schema\/logo\/image\/","url":"https:\/\/ness.de\/wp-content\/uploads\/2018\/06\/ness_logo_web-01.png","contentUrl":"https:\/\/ness.de\/wp-content\/uploads\/2018\/06\/ness_logo_web-01.png","width":492,"height":210,"caption":"NESS W\u00e4rmetechnik GmbH"},"image":{"@id":"https:\/\/ness.de\/#\/schema\/logo\/image\/"},"sameAs":["https:\/\/www.linkedin.com\/company\/12209647\/","https:\/\/www.youtube.com\/channel\/UCDhnohU-u-vr6G2SDUw0dbQ"]}]}},"_links":{"self":[{"href":"https:\/\/ness.de\/fr\/wp-json\/wp\/v2\/pages\/12884","targetHints":{"allow":["GET"]}}],"collection":[{"href":"https:\/\/ness.de\/fr\/wp-json\/wp\/v2\/pages"}],"about":[{"href":"https:\/\/ness.de\/fr\/wp-json\/wp\/v2\/types\/page"}],"author":[{"embeddable":true,"href":"https:\/\/ness.de\/fr\/wp-json\/wp\/v2\/users\/3"}],"replies":[{"embeddable":true,"href":"https:\/\/ness.de\/fr\/wp-json\/wp\/v2\/comments?post=12884"}],"version-history":[{"count":26,"href":"https:\/\/ness.de\/fr\/wp-json\/wp\/v2\/pages\/12884\/revisions"}],"predecessor-version":[{"id":13569,"href":"https:\/\/ness.de\/fr\/wp-json\/wp\/v2\/pages\/12884\/revisions\/13569"}],"wp:attachment":[{"href":"https:\/\/ness.de\/fr\/wp-json\/wp\/v2\/media?parent=12884"}],"curies":[{"name":"wp","href":"https:\/\/api.w.org\/{rel}","templated":true}]}}