{"id":12854,"date":"2021-03-22T11:43:26","date_gmt":"2021-03-22T10:43:26","guid":{"rendered":"https:\/\/www.ness.de\/service-apres-vente\/"},"modified":"2021-10-28T10:57:56","modified_gmt":"2021-10-28T08:57:56","slug":"service-apres-vente","status":"publish","type":"page","link":"https:\/\/ness.de\/fr\/service-apres-vente\/","title":{"rendered":"Service apr\u00e8s-vente"},"content":{"rendered":"<div id='full_slider_1'  class='avia-fullwidth-slider main_color avia-shadow   avia-builder-el-0  el_before_av_section  avia-builder-el-first   container_wrap sidebar_right'  ><div  class='avia-slideshow av-jikbtuwa-935ee7f4ea2742fdf1aedbd2424361c8 avia-slideshow-featured av_slideshow_full avia-slide-slider av-slideshow-ui av-control-default av-slideshow-manual av-loop-once av-loop-manual-endless av-default-height-applied   avia-slideshow-1' data-slideshow-options=\"{&quot;animation&quot;:&quot;slide&quot;,&quot;autoplay&quot;:false,&quot;loop_autoplay&quot;:&quot;once&quot;,&quot;interval&quot;:7,&quot;loop_manual&quot;:&quot;manual-endless&quot;,&quot;autoplay_stopper&quot;:false,&quot;noNavigation&quot;:false,&quot;bg_slider&quot;:false,&quot;keep_padding&quot;:false,&quot;hoverpause&quot;:false,&quot;show_slide_delay&quot;:0}\"  itemprop=\"image\" itemscope=\"itemscope\" itemtype=\"https:\/\/schema.org\/ImageObject\" ><ul class='avia-slideshow-inner ' style='padding-bottom: 31.818181818182%;'><li  class='avia-slideshow-slide av-jikbtuwa-935ee7f4ea2742fdf1aedbd2424361c8__0  av-single-slide slide-1 slide-odd'><div data-rel='slideshow-1' class='avia-slide-wrap '   ><img decoding=\"async\" fetchpriority=\"high\" class=\"wp-image-11862 avia-img-lazy-loading-not-11862\"  src=\"https:\/\/ness.de\/wp-content\/uploads\/2019\/10\/slider-ness-service.jpg\" width=\"2200\" height=\"700\" title='slider-ness-service' alt=''  itemprop=\"thumbnailUrl\" srcset=\"https:\/\/ness.de\/wp-content\/uploads\/2019\/10\/slider-ness-service.jpg 2200w, https:\/\/ness.de\/wp-content\/uploads\/2019\/10\/slider-ness-service-300x95.jpg 300w, https:\/\/ness.de\/wp-content\/uploads\/2019\/10\/slider-ness-service-768x244.jpg 768w, https:\/\/ness.de\/wp-content\/uploads\/2019\/10\/slider-ness-service-1030x328.jpg 1030w, https:\/\/ness.de\/wp-content\/uploads\/2019\/10\/slider-ness-service-1500x477.jpg 1500w, https:\/\/ness.de\/wp-content\/uploads\/2019\/10\/slider-ness-service-705x224.jpg 705w, https:\/\/ness.de\/wp-content\/uploads\/2019\/10\/slider-ness-service-450x143.jpg 450w\" sizes=\"(max-width: 2200px) 100vw, 2200px\" \/><\/div><\/li><\/ul><\/div><\/div>\n<div id='av_section_1'  class='avia-section av-2wm50-51e0264b12d9452832fbbb2d57682612 main_color avia-section-default avia-no-border-styling  avia-builder-el-1  el_after_av_slideshow_full  el_before_av_section  avia-bg-style-scroll container_wrap sidebar_right'  ><div class='container av-section-cont-open' ><div class='template-page content  av-content-small alpha units'><div class='post-entry post-entry-type-page post-entry-12854'><div class='entry-content-wrapper clearfix'>\n<div class='flex_column_table av-26zgc-40e6bb468d60f1a01784778e68a56410 sc-av_one_half av-equal-height-column-flextable'>\n<style type=\"text\/css\" data-created_by=\"avia_inline_auto\" id=\"style-css-av-26zgc-40e6bb468d60f1a01784778e68a56410\">\n.flex_column.av-26zgc-40e6bb468d60f1a01784778e68a56410{\nborder-radius:0px 0px 0px 0px;\npadding:0px 0px 0px 0px;\n}\n<\/style>\n<div  class='flex_column av-26zgc-40e6bb468d60f1a01784778e68a56410 av_one_half  avia-builder-el-2  el_before_av_one_half  avia-builder-el-first  first flex_column_table_cell av-equal-height-column av-align-middle av-zero-column-padding  '     ><section  class='av_textblock_section av-1cjjk-0bdfb1916815865511318cd5574ef1cd '   itemscope=\"itemscope\" itemtype=\"https:\/\/schema.org\/CreativeWork\" ><div class='avia_textblock'  itemprop=\"text\" ><h1 class=\"avia-caption-title \">Service apr\u00e8s-vente<\/h1>\n<h2>Maintenances, contr\u00f4les de s\u00e9curit\u00e9, et beaucoup plus encore<\/h2>\n<p>L&rsquo;entretien est fondamental pour la s\u00e9curit\u00e9 et l&rsquo;efficacit\u00e9 des installations. Nous accordons une grande importance \u00e0 la collaboration partenariale et durable. Pour cette raison, nous nous occupons de vous pendant toute la dur\u00e9e de vie de votre installation et nous vous aidons en cas de probl\u00e8mes et de questions.<\/p>\n<h1 class=\"avia-caption-title \">Approvisionnement en pi\u00e8ces de rechange<\/h1>\n<h2 style=\"font-weight: 400;\">Il est tr\u00e8s important pour nous que votre installation fonctionne parfaitement<\/h2>\n<p>Gr\u00e2ce \u00e0 notre Hotline, vous pouvez contacter rapidement nos entrep\u00f4ts de pi\u00e8ces de rechange partout dans le monde entier. Nous stockons pour vous les pi\u00e8ces de rechange les plus fr\u00e9quemment requises. Si un jour une pi\u00e8ce n&rsquo;est pas disponible, en r\u00e8gle g\u00e9n\u00e9rale nous pouvons l&rsquo;obtenir rapidement gr\u00e2ce \u00e0 des accords correspondants avec nos fournisseurs.<\/p>\n<\/div><\/section><\/div><div class='av-flex-placeholder'><\/div>\n<style type=\"text\/css\" data-created_by=\"avia_inline_auto\" id=\"style-css-av-26zgc-8a9c13e20a71c90d13921cb9cd416a63\">\n.flex_column.av-26zgc-8a9c13e20a71c90d13921cb9cd416a63{\nborder-radius:0px 0px 0px 0px;\npadding:0px 0px 0px 0px;\n}\n<\/style>\n<div  class='flex_column av-26zgc-8a9c13e20a71c90d13921cb9cd416a63 av_one_half  avia-builder-el-4  el_after_av_one_half  avia-builder-el-last  flex_column_table_cell av-equal-height-column av-align-middle av-zero-column-padding  '     ><style type=\"text\/css\" data-created_by=\"avia_inline_auto\" id=\"style-css-av-jj9ypa1j-c478b1214b5ae9350774b0bb9e653321\">\n.avia-image-container.av-jj9ypa1j-c478b1214b5ae9350774b0bb9e653321 img.avia_image{\nbox-shadow:none;\n}\n.avia-image-container.av-jj9ypa1j-c478b1214b5ae9350774b0bb9e653321 .av-image-caption-overlay-center{\ncolor:#ffffff;\n}\n<\/style>\n<div  class='avia-image-container av-jj9ypa1j-c478b1214b5ae9350774b0bb9e653321 av-styling- avia-align-center  avia-builder-el-5  avia-builder-el-no-sibling '   itemprop=\"image\" itemscope=\"itemscope\" itemtype=\"https:\/\/schema.org\/ImageObject\" ><div class=\"avia-image-container-inner\"><div class=\"avia-image-overlay-wrap\"><img decoding=\"async\" fetchpriority=\"high\" class='wp-image-12861 avia-img-lazy-loading-not-12861 avia_image ' src=\"https:\/\/ness.de\/wp-content\/uploads\/2019\/10\/ness-spare-parts.jpg\" alt='' title='ness-spare-parts'  height=\"300\" width=\"500\"  itemprop=\"thumbnailUrl\" srcset=\"https:\/\/ness.de\/wp-content\/uploads\/2019\/10\/ness-spare-parts.jpg 500w, https:\/\/ness.de\/wp-content\/uploads\/2019\/10\/ness-spare-parts-300x180.jpg 300w, https:\/\/ness.de\/wp-content\/uploads\/2019\/10\/ness-spare-parts-450x270.jpg 450w\" sizes=\"(max-width: 500px) 100vw, 500px\" \/><\/div><\/div><\/div><\/div><\/div><!--close column table wrapper. Autoclose: 1 -->\n\n<\/div><\/div><\/div><!-- close content main div --><\/div><\/div><div id='av_section_2'  class='avia-section av-2wm50-51e0264b12d9452832fbbb2d57682612 main_color avia-section-default avia-no-border-styling  avia-builder-el-6  el_after_av_section  el_before_av_section  avia-bg-style-scroll container_wrap sidebar_right'  ><div class='container av-section-cont-open' ><div class='template-page content  av-content-small alpha units'><div class='post-entry post-entry-type-page post-entry-12854'><div class='entry-content-wrapper clearfix'>\n\n<style type=\"text\/css\" data-created_by=\"avia_inline_auto\" id=\"style-css-av-26zgc-c0535fd36d0ba8b3f2d5418257ef1a1d\">\n.flex_column.av-26zgc-c0535fd36d0ba8b3f2d5418257ef1a1d{\nborder-radius:0px 0px 0px 0px;\npadding:0px 0px 0px 0px;\n}\n<\/style>\n<div  class='flex_column av-26zgc-c0535fd36d0ba8b3f2d5418257ef1a1d av_one_half  avia-builder-el-7  el_before_av_one_half  avia-builder-el-first  first flex_column_div av-zero-column-padding  '     ><p><section  class='avia-team-member av-jj9ygytr-145ff5e4ce91ecc9213ad4eb5f9ed851  avia-builder-el-8  el_before_av_team_member  avia-builder-el-first '  itemscope=\"itemscope\" itemtype=\"https:\/\/schema.org\/Person\" ><h3 class='team-member-name '  itemprop=\"name\" >Montage et mise en service<\/h3><div class='team-member-job-title '  itemprop=\"jobTitle\" >Direction de montage ou montage complet au choix<\/div><span class='hidden team-member-affiliation'  itemprop=\"affiliation\" >NESS W\u00e4rmetechnik<\/span><\/section><br \/>\n<section  class='avia-team-member av-jj9ygytr-8e2538b51d04d709e65e92c00bb5f398  avia-builder-el-9  el_after_av_team_member  el_before_av_team_member '  itemscope=\"itemscope\" itemtype=\"https:\/\/schema.org\/Person\" ><h3 class='team-member-name '  itemprop=\"name\" >Hotline - Assistance t\u00e9l\u00e9phonique 24 heures sur 24<\/h3><div class='team-member-job-title '  itemprop=\"jobTitle\" >Acc\u00e8s rapide et premi\u00e8res mesures en cas de dysfonctionnements. Dans de nombreux cas, nous pouvons vous apporter de l\u2019aide rapidement et \u00e9viter des pertes de production, ou les minimiser<\/div><span class='hidden team-member-affiliation'  itemprop=\"affiliation\" >NESS W\u00e4rmetechnik<\/span><\/section><br \/>\n<section  class='avia-team-member av-jj9ygytr-e943e042ee9cd0aa3fc7f799f1d0b41e  avia-builder-el-10  el_after_av_team_member  avia-builder-el-last '  itemscope=\"itemscope\" itemtype=\"https:\/\/schema.org\/Person\" ><h3 class='team-member-name '  itemprop=\"name\" >Interventions de service apr\u00e8s-vente<\/h3><div class='team-member-job-title '  itemprop=\"jobTitle\" >Dans le monde entier, par du personnel apr\u00e8s-vente expert<\/div><span class='hidden team-member-affiliation'  itemprop=\"affiliation\" >NESS W\u00e4rmetechnik<\/span><\/section><\/p><\/div>\n<style type=\"text\/css\" data-created_by=\"avia_inline_auto\" id=\"style-css-av-26zgc-8a9c13e20a71c90d13921cb9cd416a63\">\n.flex_column.av-26zgc-8a9c13e20a71c90d13921cb9cd416a63{\nborder-radius:0px 0px 0px 0px;\npadding:0px 0px 0px 0px;\n}\n<\/style>\n<div  class='flex_column av-26zgc-8a9c13e20a71c90d13921cb9cd416a63 av_one_half  avia-builder-el-11  el_after_av_one_half  avia-builder-el-last  flex_column_div av-zero-column-padding  '     ><p><section  class='avia-team-member av-jj9ygytr-77fd27db12fdadedcab0d918cf24a182  avia-builder-el-12  el_before_av_team_member  avia-builder-el-first '  itemscope=\"itemscope\" itemtype=\"https:\/\/schema.org\/Person\" ><h3 class='team-member-name '  itemprop=\"name\" >Contr\u00f4les de s\u00e9curit\u00e9 prescrits<\/h3><div class='team-member-job-title '  itemprop=\"jobTitle\" >Du personnel sp\u00e9cialis\u00e9 qualifi\u00e9 et autoris\u00e9 \u00e9value la s\u00e9curit\u00e9 des installations<\/div><span class='hidden team-member-affiliation'  itemprop=\"affiliation\" >NESS W\u00e4rmetechnik<\/span><\/section><br \/>\n<section  class='avia-team-member av-jj9ygytr-243d6d0176eae300d2296412c1ba4dcc  avia-builder-el-13  el_after_av_team_member  el_before_av_team_member '  itemscope=\"itemscope\" itemtype=\"https:\/\/schema.org\/Person\" ><h3 class='team-member-name '  itemprop=\"name\" >Maintenance pr\u00e9ventive des installations<\/h3><div class='team-member-job-title '  itemprop=\"jobTitle\" >Du personnel sp\u00e9cialis\u00e9 identifie et \u00e9limine pr\u00e9ventivement les probl\u00e8mes \u00e9ventuels et assure ainsi la disponibilit\u00e9 de votre installation<\/div><span class='hidden team-member-affiliation'  itemprop=\"affiliation\" >NESS W\u00e4rmetechnik<\/span><\/section><br \/>\n<section  class='avia-team-member av-jj9ygytr-bfc92118c390e79c0d10cc0db5fd7af7  avia-builder-el-14  el_after_av_team_member  avia-builder-el-last '  itemscope=\"itemscope\" itemtype=\"https:\/\/schema.org\/Person\" ><h3 class='team-member-name '  itemprop=\"name\" >Modernisation et extension<\/h3><div class='team-member-job-title '  itemprop=\"jobTitle\" >Des chefs de montage et des experts de mise en service s\u2019occupent de la conversion pour en assurer la r\u00e9ussite<\/div><span class='hidden team-member-affiliation'  itemprop=\"affiliation\" >NESS W\u00e4rmetechnik<\/span><\/section><\/p><\/div>\n\n<\/div><\/div><\/div><!-- close content main div --><\/div><\/div>\n<style type=\"text\/css\" data-created_by=\"avia_inline_auto\" id=\"style-css-av-jiectw21-cb023eef9145c6ff3c15c3014489a02f\">\n.avia-section.av-jiectw21-cb023eef9145c6ff3c15c3014489a02f .av-parallax .av-parallax-inner{\nbackground-repeat:no-repeat;\nbackground-image:url(https:\/\/ness.de\/wp-content\/uploads\/2018\/08\/slider-service-team-845x321.jpg);\nbackground-position:50% 50%;\nbackground-attachment:scroll;\n}\n.avia-section.av-jiectw21-cb023eef9145c6ff3c15c3014489a02f .av-section-color-overlay{\nopacity:0.7;\nbackground-color:#ffffff;\n}\n<\/style>\n<div id='av_section_3'  class='avia-section av-jiectw21-cb023eef9145c6ff3c15c3014489a02f main_color avia-section-default avia-no-border-styling  avia-builder-el-15  el_after_av_section  el_before_av_section  avia-full-stretch av-parallax-section avia-bg-style-parallax av-section-color-overlay-active container_wrap sidebar_right'  data-section-bg-repeat='stretch'><div class='av-parallax' data-avia-parallax-ratio='0.3' ><div class='av-parallax-inner main_color avia-full-stretch'><\/div><\/div><div class=\"av-section-color-overlay-wrap\"><div class=\"av-section-color-overlay\"><\/div><div class='container av-section-cont-open' ><div class='template-page content  av-content-small alpha units'><div class='post-entry post-entry-type-page post-entry-12854'><div class='entry-content-wrapper clearfix'>\n<div class='flex_column_table av-1fv7w-72109d7d6aa661a72fe9f6f5d292193b sc-av_one_half av-equal-height-column-flextable'>\n<style type=\"text\/css\" data-created_by=\"avia_inline_auto\" id=\"style-css-av-1fv7w-72109d7d6aa661a72fe9f6f5d292193b\">\n.flex_column.av-1fv7w-72109d7d6aa661a72fe9f6f5d292193b{\nborder-radius:0px 0px 0px 0px;\npadding:0px 0px 0px 0px;\n}\n<\/style>\n<div  class='flex_column av-1fv7w-72109d7d6aa661a72fe9f6f5d292193b av_one_half  avia-builder-el-16  el_before_av_one_half  avia-builder-el-first  first flex_column_table_cell av-equal-height-column av-align-middle av-zero-column-padding  '     ><section  class='av_textblock_section av-1cjjk-9ed203448515012ba4ccc0c8a497fedf '   itemscope=\"itemscope\" itemtype=\"https:\/\/schema.org\/CreativeWork\" ><div class='avia_textblock'  itemprop=\"text\" ><h1 class=\"avia-caption-title \">Service apr\u00e8s-vente<\/h1>\n<p>Pour vous garantir ces services, nous mettons \u00e0 votre disposition deux num\u00e9ros de t\u00e9l\u00e9phone pour joindre notre \u00e9quipe Service apr\u00e8s-vente.<!--Kontakt aufnehmen--><\/p>\n<\/div><\/section><\/div><div class='av-flex-placeholder'><\/div>\n<style type=\"text\/css\" data-created_by=\"avia_inline_auto\" id=\"style-css-av-1fv7w-fc044f83aec2b5a64476f543f93f39c6\">\n.flex_column.av-1fv7w-fc044f83aec2b5a64476f543f93f39c6{\nborder-radius:0px 0px 0px 0px;\npadding:0px 0px 0px 0px;\n}\n<\/style>\n<div  class='flex_column av-1fv7w-fc044f83aec2b5a64476f543f93f39c6 av_one_half  avia-builder-el-18  el_after_av_one_half  el_before_av_one_half  flex_column_table_cell av-equal-height-column av-align-middle av-zero-column-padding  '     ><\/div><\/div><!--close column table wrapper. Autoclose: 1 --><div class='flex_column_table av-1fv7w-72109d7d6aa661a72fe9f6f5d292193b sc-av_one_half av-equal-height-column-flextable'>\n<style type=\"text\/css\" data-created_by=\"avia_inline_auto\" id=\"style-css-av-1fv7w-72109d7d6aa661a72fe9f6f5d292193b\">\n.flex_column.av-1fv7w-72109d7d6aa661a72fe9f6f5d292193b{\nborder-radius:0px 0px 0px 0px;\npadding:0px 0px 0px 0px;\n}\n<\/style>\n<div  class='flex_column av-1fv7w-72109d7d6aa661a72fe9f6f5d292193b av_one_half  avia-builder-el-19  el_after_av_one_half  el_before_av_one_half  first flex_column_table_cell av-equal-height-column av-align-middle av-zero-column-padding  column-top-margin'     ><section  class='av_textblock_section av-1cjjk-9ed203448515012ba4ccc0c8a497fedf '   itemscope=\"itemscope\" itemtype=\"https:\/\/schema.org\/CreativeWork\" ><div class='avia_textblock'  itemprop=\"text\" ><h2 class=\"avia-caption-title \">Pendant nos heures de bureau<\/h2>\n<h1><span style=\"color: #e1081a;\"><em>+49<\/em> (7181) 9675 20<\/span><\/h1>\n<p>Du lundi au vendredi de 7h \u00e0 16h<br \/>\n<div  class='avia-button-wrap av-hax2q-dc767f1bdf7aab8006dc0d8a058a86e6-wrap avia-button-left  avia-builder-el-21  avia-builder-el-no-sibling '><a href='tel:+497181967520'  class='avia-button av-hax2q-dc767f1bdf7aab8006dc0d8a058a86e6 av-link-btn avia-icon_select-no avia-size-large avia-position-left avia-color-theme-color'   aria-label=\"Appeler maintenant\"><span class='avia_iconbox_title' >Appeler maintenant<\/span><\/a><\/div><\/p>\n<\/div><\/section><\/div><div class='av-flex-placeholder'><\/div>\n<style type=\"text\/css\" data-created_by=\"avia_inline_auto\" id=\"style-css-av-1fv7w-fc044f83aec2b5a64476f543f93f39c6\">\n.flex_column.av-1fv7w-fc044f83aec2b5a64476f543f93f39c6{\nborder-radius:0px 0px 0px 0px;\npadding:0px 0px 0px 0px;\n}\n<\/style>\n<div  class='flex_column av-1fv7w-fc044f83aec2b5a64476f543f93f39c6 av_one_half  avia-builder-el-22  el_after_av_one_half  avia-builder-el-last  flex_column_table_cell av-equal-height-column av-align-middle av-zero-column-padding  column-top-margin'     ><section  class='av_textblock_section av-1cjjk-0bdfb1916815865511318cd5574ef1cd '   itemscope=\"itemscope\" itemtype=\"https:\/\/schema.org\/CreativeWork\" ><div class='avia_textblock'  itemprop=\"text\" ><h2 class=\"avia-caption-title \">En dehors de nos heures de bureau<\/h2>\n<h1><span style=\"color: #8b8989;\"><em>+49<\/em> <span lang=\"DE\">152<\/span> <span lang=\"DE\">90014026<\/span><br \/>\n<\/span><\/h1>\n<p>Du lundi au vendredi de 16h \u00e0 7h, fin de semaine et jours f\u00e9ri\u00e9s<br \/>\n<div  class='avia-button-wrap av-8kbgi-7857e9d03536eddc202a3faccfdb4e53-wrap avia-button-left  avia-builder-el-24  avia-builder-el-no-sibling '>\n<style type=\"text\/css\" data-created_by=\"avia_inline_auto\" id=\"style-css-av-8kbgi-7857e9d03536eddc202a3faccfdb4e53\">\n#top #wrap_all .avia-button.av-8kbgi-7857e9d03536eddc202a3faccfdb4e53{\nbackground-color:#8b8989;\nborder-color:#8b8989;\ncolor:#ffffff;\ntransition:all 0.4s ease-in-out;\n}\n#top #wrap_all .avia-button.av-8kbgi-7857e9d03536eddc202a3faccfdb4e53 .avia-svg-icon svg:first-child{\nfill:#ffffff;\nstroke:#ffffff;\n}\n<\/style>\n<a href='tel:+4915290014026'  class='avia-button av-8kbgi-7857e9d03536eddc202a3faccfdb4e53 av-link-btn avia-icon_select-no avia-size-large avia-position-left'   aria-label=\"Appeler maintenant\"><span class='avia_iconbox_title' >Appeler maintenant<\/span><\/a><\/div><\/p>\n<\/div><\/section><\/div><\/div><!--close column table wrapper. Autoclose: 1 --><\/div><\/div><\/div><!-- close content main div --><\/div><\/div><\/div><div id='av_section_4'  class='avia-section av-15zig-1b82593d1a9165ece3a1bbdb47054958 main_color avia-section-default avia-no-border-styling  avia-builder-el-25  el_after_av_section  avia-builder-el-last  avia-bg-style-scroll container_wrap sidebar_right'  ><div class='container av-section-cont-open' ><div class='template-page content  av-content-small alpha units'><div class='post-entry post-entry-type-page post-entry-12854'><div class='entry-content-wrapper clearfix'><\/div><\/div><\/div><!-- close content main div --><\/div><\/div><div id='after_section_4'  class='main_color av_default_container_wrap container_wrap sidebar_right'  ><div class='container av-section-cont-open' ><div class='template-page content  av-content-small alpha units'><div class='post-entry post-entry-type-page post-entry-12854'><div class='entry-content-wrapper clearfix'><\/p>\n","protected":false},"excerpt":{"rendered":"","protected":false},"author":3,"featured_media":0,"parent":0,"menu_order":0,"comment_status":"closed","ping_status":"closed","template":"","meta":{"footnotes":""},"class_list":["post-12854","page","type-page","status-publish","hentry"],"yoast_head":"<!-- This site is optimized with the Yoast SEO Premium plugin v27.4 (Yoast SEO v27.4) - https:\/\/yoast.com\/product\/yoast-seo-premium-wordpress\/ -->\n<title>Notre Service apr\u00e8s-vente pour vous - NESS W\u00e4rmetechnik GmbH<\/title>\n<meta name=\"description\" content=\"Notre \u00e9quipe de service est pr\u00eate \u00e0 vous aider. Que vous ayez seulement des questions sur nos produits ou que vous souhaitiez une visite de service sur place.\" \/>\n<meta name=\"robots\" content=\"index, follow, max-snippet:-1, max-image-preview:large, max-video-preview:-1\" \/>\n<link rel=\"canonical\" href=\"https:\/\/ness.de\/fr\/service-apres-vente\/\" \/>\n<meta property=\"og:locale\" content=\"fr_FR\" \/>\n<meta property=\"og:type\" content=\"article\" \/>\n<meta property=\"og:title\" content=\"Service apr\u00e8s-vente\" \/>\n<meta property=\"og:description\" content=\"Notre \u00e9quipe de service est pr\u00eate \u00e0 vous aider. Que vous ayez seulement des questions sur nos produits ou que vous souhaitiez une visite de service sur place.\" \/>\n<meta property=\"og:url\" content=\"https:\/\/ness.de\/fr\/service-apres-vente\/\" \/>\n<meta property=\"og:site_name\" content=\"NESS W\u00e4rmetechnik\" \/>\n<meta property=\"article:modified_time\" content=\"2021-10-28T08:57:56+00:00\" \/>\n<meta name=\"twitter:card\" content=\"summary_large_image\" \/>\n<meta name=\"twitter:label1\" content=\"Dur\u00e9e de lecture estim\u00e9e\" \/>\n\t<meta name=\"twitter:data1\" content=\"4 minutes\" \/>\n<!-- \/ Yoast SEO Premium plugin. -->","yoast_head_json":{"title":"Notre Service apr\u00e8s-vente pour vous - NESS W\u00e4rmetechnik GmbH","description":"Notre \u00e9quipe de service est pr\u00eate \u00e0 vous aider. Que vous ayez seulement des questions sur nos produits ou que vous souhaitiez une visite de service sur place.","robots":{"index":"index","follow":"follow","max-snippet":"max-snippet:-1","max-image-preview":"max-image-preview:large","max-video-preview":"max-video-preview:-1"},"canonical":"https:\/\/ness.de\/fr\/service-apres-vente\/","og_locale":"fr_FR","og_type":"article","og_title":"Service apr\u00e8s-vente","og_description":"Notre \u00e9quipe de service est pr\u00eate \u00e0 vous aider. Que vous ayez seulement des questions sur nos produits ou que vous souhaitiez une visite de service sur place.","og_url":"https:\/\/ness.de\/fr\/service-apres-vente\/","og_site_name":"NESS W\u00e4rmetechnik","article_modified_time":"2021-10-28T08:57:56+00:00","twitter_card":"summary_large_image","twitter_misc":{"Dur\u00e9e de lecture estim\u00e9e":"4 minutes"},"schema":{"@context":"https:\/\/schema.org","@graph":[{"@type":"WebPage","@id":"https:\/\/ness.de\/fr\/service-apres-vente\/","url":"https:\/\/ness.de\/fr\/service-apres-vente\/","name":"Notre Service apr\u00e8s-vente pour vous - NESS W\u00e4rmetechnik GmbH","isPartOf":{"@id":"https:\/\/ness.de\/#website"},"datePublished":"2021-03-22T10:43:26+00:00","dateModified":"2021-10-28T08:57:56+00:00","description":"Notre \u00e9quipe de service est pr\u00eate \u00e0 vous aider. Que vous ayez seulement des questions sur nos produits ou que vous souhaitiez une visite de service sur place.","breadcrumb":{"@id":"https:\/\/ness.de\/fr\/service-apres-vente\/#breadcrumb"},"inLanguage":"fr-FR","potentialAction":[{"@type":"ReadAction","target":["https:\/\/ness.de\/fr\/service-apres-vente\/"]}]},{"@type":"BreadcrumbList","@id":"https:\/\/ness.de\/fr\/service-apres-vente\/#breadcrumb","itemListElement":[{"@type":"ListItem","position":1,"name":"Startseite","item":"https:\/\/ness.de\/fr\/"},{"@type":"ListItem","position":2,"name":"Service apr\u00e8s-vente"}]},{"@type":"WebSite","@id":"https:\/\/ness.de\/#website","url":"https:\/\/ness.de\/","name":"NESS W\u00e4rmetechnik","description":"The Process Heat Company","publisher":{"@id":"https:\/\/ness.de\/#organization"},"potentialAction":[{"@type":"SearchAction","target":{"@type":"EntryPoint","urlTemplate":"https:\/\/ness.de\/?s={search_term_string}"},"query-input":{"@type":"PropertyValueSpecification","valueRequired":true,"valueName":"search_term_string"}}],"inLanguage":"fr-FR"},{"@type":"Organization","@id":"https:\/\/ness.de\/#organization","name":"NESS W\u00e4rmetechnik GmbH","url":"https:\/\/ness.de\/","logo":{"@type":"ImageObject","inLanguage":"fr-FR","@id":"https:\/\/ness.de\/#\/schema\/logo\/image\/","url":"https:\/\/ness.de\/wp-content\/uploads\/2018\/06\/ness_logo_web-01.png","contentUrl":"https:\/\/ness.de\/wp-content\/uploads\/2018\/06\/ness_logo_web-01.png","width":492,"height":210,"caption":"NESS W\u00e4rmetechnik GmbH"},"image":{"@id":"https:\/\/ness.de\/#\/schema\/logo\/image\/"},"sameAs":["https:\/\/www.linkedin.com\/company\/12209647\/","https:\/\/www.youtube.com\/channel\/UCDhnohU-u-vr6G2SDUw0dbQ"]}]}},"_links":{"self":[{"href":"https:\/\/ness.de\/fr\/wp-json\/wp\/v2\/pages\/12854","targetHints":{"allow":["GET"]}}],"collection":[{"href":"https:\/\/ness.de\/fr\/wp-json\/wp\/v2\/pages"}],"about":[{"href":"https:\/\/ness.de\/fr\/wp-json\/wp\/v2\/types\/page"}],"author":[{"embeddable":true,"href":"https:\/\/ness.de\/fr\/wp-json\/wp\/v2\/users\/3"}],"replies":[{"embeddable":true,"href":"https:\/\/ness.de\/fr\/wp-json\/wp\/v2\/comments?post=12854"}],"version-history":[{"count":9,"href":"https:\/\/ness.de\/fr\/wp-json\/wp\/v2\/pages\/12854\/revisions"}],"predecessor-version":[{"id":14235,"href":"https:\/\/ness.de\/fr\/wp-json\/wp\/v2\/pages\/12854\/revisions\/14235"}],"wp:attachment":[{"href":"https:\/\/ness.de\/fr\/wp-json\/wp\/v2\/media?parent=12854"}],"curies":[{"name":"wp","href":"https:\/\/api.w.org\/{rel}","templated":true}]}}