{"id":12835,"date":"2021-03-22T11:35:39","date_gmt":"2021-03-22T10:35:39","guid":{"rendered":"https:\/\/www.ness.de\/certifications\/"},"modified":"2021-03-24T09:58:50","modified_gmt":"2021-03-24T08:58:50","slug":"certifications","status":"publish","type":"page","link":"https:\/\/ness.de\/fr\/certifications\/","title":{"rendered":"Certifications"},"content":{"rendered":"<div id='full_slider_1'  class='avia-fullwidth-slider main_color avia-shadow av-small-hide av-mini-hide  avia-builder-el-0  el_before_av_section  avia-builder-el-first   container_wrap sidebar_right'  ><div  class='avia-slideshow av-jikbtuwa-5d3ef604b0c1da7f08a2459987ef8b84 avia-slideshow-featured av_slideshow_full avia-slide-slider av-small-hide av-mini-hide av-slideshow-ui av-control-default av-slideshow-manual av-loop-once av-loop-manual-endless av-default-height-applied   avia-slideshow-1' data-slideshow-options=\"{&quot;animation&quot;:&quot;slide&quot;,&quot;autoplay&quot;:false,&quot;loop_autoplay&quot;:&quot;once&quot;,&quot;interval&quot;:7,&quot;loop_manual&quot;:&quot;manual-endless&quot;,&quot;autoplay_stopper&quot;:false,&quot;noNavigation&quot;:false,&quot;bg_slider&quot;:false,&quot;keep_padding&quot;:false,&quot;hoverpause&quot;:false,&quot;show_slide_delay&quot;:0}\"  itemprop=\"image\" itemscope=\"itemscope\" itemtype=\"https:\/\/schema.org\/ImageObject\" ><ul class='avia-slideshow-inner ' style='padding-bottom: 31.818181818182%;'><li  class='avia-slideshow-slide av-jikbtuwa-5d3ef604b0c1da7f08a2459987ef8b84__0  av-single-slide slide-1 slide-odd'><div data-rel='slideshow-1' class='avia-slide-wrap '   ><img decoding=\"async\" fetchpriority=\"high\" class=\"wp-image-12842 avia-img-lazy-loading-not-12842\"  src=\"https:\/\/ness.de\/wp-content\/uploads\/2019\/10\/slider-certifications.jpg\" width=\"2200\" height=\"700\" title='slider-certifications' alt=''  itemprop=\"thumbnailUrl\" srcset=\"https:\/\/ness.de\/wp-content\/uploads\/2019\/10\/slider-certifications.jpg 2200w, https:\/\/ness.de\/wp-content\/uploads\/2019\/10\/slider-certifications-300x95.jpg 300w, https:\/\/ness.de\/wp-content\/uploads\/2019\/10\/slider-certifications-768x244.jpg 768w, https:\/\/ness.de\/wp-content\/uploads\/2019\/10\/slider-certifications-1030x328.jpg 1030w, https:\/\/ness.de\/wp-content\/uploads\/2019\/10\/slider-certifications-1500x477.jpg 1500w, https:\/\/ness.de\/wp-content\/uploads\/2019\/10\/slider-certifications-705x224.jpg 705w, https:\/\/ness.de\/wp-content\/uploads\/2019\/10\/slider-certifications-450x143.jpg 450w\" sizes=\"(max-width: 2200px) 100vw, 2200px\" \/><\/div><\/li><\/ul><\/div><\/div>\n<div id='av_section_1'  class='avia-section av-2wm50-acaa273e2697e29ee8de4f4cc4a0101d main_color avia-section-large avia-no-border-styling  avia-builder-el-1  el_after_av_slideshow_full  el_before_av_tab_section  avia-bg-style-scroll container_wrap sidebar_right'  ><div class='container av-section-cont-open' ><div class='template-page content  av-content-small alpha units'><div class='post-entry post-entry-type-page post-entry-12835'><div class='entry-content-wrapper clearfix'>\n<div class='flex_column_table av-26zgc-40e6bb468d60f1a01784778e68a56410 sc-av_one_full av-equal-height-column-flextable'>\n<style type=\"text\/css\" data-created_by=\"avia_inline_auto\" id=\"style-css-av-26zgc-40e6bb468d60f1a01784778e68a56410\">\n.flex_column.av-26zgc-40e6bb468d60f1a01784778e68a56410{\nborder-radius:0px 0px 0px 0px;\npadding:0px 0px 0px 0px;\n}\n<\/style>\n<div  class='flex_column av-26zgc-40e6bb468d60f1a01784778e68a56410 av_one_full  avia-builder-el-2  avia-builder-el-no-sibling  first flex_column_table_cell av-equal-height-column av-align-middle av-zero-column-padding  '     ><section  class='av_textblock_section av-1cjjk-0bdfb1916815865511318cd5574ef1cd '   itemscope=\"itemscope\" itemtype=\"https:\/\/schema.org\/CreativeWork\" ><div class='avia_textblock'  itemprop=\"text\" ><h1 style=\"text-align: left;\">Certifications<\/h1>\n<h2 style=\"font-weight: 400; text-align: left;\">Nous avons tout ce qu&rsquo;il vous faut et des innovations parfaitement adapt\u00e9es aussi<\/h2>\n<p style=\"text-align: left;\">Des processus normalis\u00e9s et des structures efficaces sont pour nous une \u00e9vidence et constituent la base de la coop\u00e9ration avec nos clients. Par cons\u00e9quent, nos produits r\u00e9pondent \u00e9galement aux exigences des principaux march\u00e9s internationaux.<\/p>\n<p><img loading=\"lazy\" decoding=\"async\" class=\"alignnone size-full wp-image-12838\" src=\"https:\/\/ness.de\/wp-content\/uploads\/2018\/07\/ISO_9001_farbe_de.jpg\" alt=\"\" width=\"261\" height=\"130\" srcset=\"https:\/\/ness.de\/wp-content\/uploads\/2018\/07\/ISO_9001_farbe_de.jpg 261w, https:\/\/ness.de\/wp-content\/uploads\/2018\/07\/ISO_9001_farbe_de-260x130.jpg 260w\" sizes=\"auto, (max-width: 261px) 100vw, 261px\" \/><\/p>\n<\/div><\/section><\/div><\/div><!--close column table wrapper. Autoclose: 1 -->\n\n<\/div><\/div><\/div><!-- close content main div --><\/div><\/div><div id='av-tab-section-1'  class='av-tab-section-container entry-content-wrapper main_color av-tab-no-transition av-tab-content-auto  av-tab-above-content  avia-builder-el-4  el_after_av_section  avia-builder-el-last  tab-section-not-first container_wrap sidebar_right'  ><div class='av-tab-section-outer-container av-2f816n-6bfe234579731a82e3325a32ba91b6f9'><div class='av-tab-section-tab-title-container avia-tab-title-padding-small' role='tablist'><a href='#certifications' data-av-tab-section-title='1' class='av-section-tab-title av-active-tab-title no-scroll av-jje9ucw6-0bcf607125b008d91077e5878a529f5b av-tab-no-icon av-tab-no-image ' role='tab' tabindex='0' aria-controls='av-tab-section-1-1'><span class='av-outer-tab-title'><span class='av-inner-tab-title'>Certifications<\/span><\/span><span class=\"av-tab-arrow-container\"><span><\/span><\/span><\/a><\/div><div class='avia-slideshow-arrows av-tabsection-arrow' ><a href='#prev' class='prev-slide av_prev_tab_section av-tab-section-slide avia-svg-icon avia-font-svg_entypo-fontello' data-av_svg_icon='left-open-big' data-av_iconset='svg_entypo-fontello' tabindex='-1' title=\"Pr\u00e9c\u00e9dent\"><svg version=\"1.1\" xmlns=\"http:\/\/www.w3.org\/2000\/svg\" width=\"15\" height=\"32\" viewBox=\"0 0 15 32\" preserveAspectRatio=\"xMidYMid meet\" aria-labelledby='av-svg-title-1' aria-describedby='av-svg-desc-1' role=\"graphics-symbol\" aria-hidden=\"true\">\n<title id='av-svg-title-1'>Pr\u00e9c\u00e9dent<\/title>\n<desc id='av-svg-desc-1'>Pr\u00e9c\u00e9dent<\/desc>\n<path d=\"M14.464 27.84q0.832 0.832 0 1.536-0.832 0.832-1.536 0l-12.544-12.608q-0.768-0.768 0-1.6l12.544-12.608q0.704-0.832 1.536 0 0.832 0.704 0 1.536l-11.456 11.904z\"><\/path>\n<\/svg><span class='avia_hidden_link_text'>Pr\u00e9c\u00e9dent<\/span><\/a><a href='#next' class='next-slide av_next_tab_section av-tab-section-slide avia-svg-icon avia-font-svg_entypo-fontello' data-av_svg_icon='right-open-big' data-av_iconset='svg_entypo-fontello' tabindex='-1' title=\"Suivant\"><svg version=\"1.1\" xmlns=\"http:\/\/www.w3.org\/2000\/svg\" width=\"15\" height=\"32\" viewBox=\"0 0 15 32\" preserveAspectRatio=\"xMidYMid meet\" aria-labelledby='av-svg-title-2' aria-describedby='av-svg-desc-2' role=\"graphics-symbol\" aria-hidden=\"true\">\n<title id='av-svg-title-2'>Suivant<\/title>\n<desc id='av-svg-desc-2'>Suivant<\/desc>\n<path d=\"M0.416 27.84l11.456-11.84-11.456-11.904q-0.832-0.832 0-1.536 0.832-0.832 1.536 0l12.544 12.608q0.768 0.832 0 1.6l-12.544 12.608q-0.704 0.832-1.536 0-0.832-0.704 0-1.536z\"><\/path>\n<\/svg><span class='avia_hidden_link_text'>Suivant<\/span><\/a><\/div><div class='av-tab-section-inner-container avia-section-default' style='width:100vw; left:0%;'><span class=\"av_prev_tab_section av_tab_navigation\"><\/span><span class=\"av_next_tab_section av_tab_navigation\"><\/span>\n\n<style type=\"text\/css\" data-created_by=\"avia_inline_auto\" id=\"style-css-av-jje9ucw6-0bcf607125b008d91077e5878a529f5b\">\n.av-layout-tab.av-jje9ucw6-0bcf607125b008d91077e5878a529f5b{\nvertical-align:top;\n}\n<\/style>\n<div id='av-tab-section-1-1' class='av-layout-tab av-jje9ucw6-0bcf607125b008d91077e5878a529f5b av-animation-delay-container  avia-builder-el-5  avia-builder-el-no-sibling  av-active-tab-content __av_init_open ' data-av-deeplink-tabs=\"\" data-av-tab-section-content=\"1\" data-tab-section-id=\"certifications\"><div class=\"av-layout-tab-inner\"><div class=\"container\"><section  class='av_textblock_section av-jjea68s9-85861ea8b1a93a75a734d6dd7545f7c2 '   itemscope=\"itemscope\" itemtype=\"https:\/\/schema.org\/CreativeWork\" ><div class='avia_textblock'  itemprop=\"text\" ><p><a href=\"https:\/\/ness.de\/wp-content\/uploads\/2019\/02\/NESS-ISO-9001_2021-de.pdf\">&gt; NESS ISO 9001<\/a> (Allemand)<\/p>\n<p><a href=\"https:\/\/ness.de\/wp-content\/uploads\/2019\/02\/NESS-ISO-9001_2021-en.pdf\">&gt; NESS ISO 9001<\/a> (Anglais)<\/p>\n<p><a href=\"\/wp-content\/uploads\/2019\/10\/NESS-HP0-2022-de.pdf\">&gt; NESS Druckger\u00e4terichtlinie<\/a> (Allemand)<\/p>\n<p><a href=\"\/wp-content\/uploads\/2019\/06\/NESS-ASME-S-2022.pdf\">&gt; NESS American Society of Mechanical Engineers (ASME) S<\/a><\/p>\n<p><a href=\"\/wp-content\/uploads\/2019\/06\/NESS-ASME-U-2022.pdf\">&gt; NESS American Society of Mechanical Engineers (ASME) U<\/a><\/p>\n<p><a href=\"\/wp-content\/uploads\/2019\/10\/NESS-HP0-2022-en.pdf\">&gt; NESS Pressure equipment directive<\/a> (Anglais)<\/p>\n<p><a href=\"\/wp-content\/uploads\/2021\/02\/Certificate-WEH_WEV_WEAS_WEAK.pdf\">&gt; NESS Zollunion Konformit\u00e4ts-Deklaration f\u00fcr Thermal\u00f6lanlagen<\/a> (Russe)<\/p>\n<p>Nous disposons de toutes les d\u00e9clarations et certifications requises, y compris pour tous les autres produits que nous livrons en Bi\u00e9lorussie et au Kazakhstan.<\/p>\n<\/div><\/section>\n<\/div><\/div><\/div><\/div><\/div><\/div>\n","protected":false},"excerpt":{"rendered":"","protected":false},"author":3,"featured_media":0,"parent":0,"menu_order":0,"comment_status":"closed","ping_status":"closed","template":"","meta":{"footnotes":""},"class_list":["post-12835","page","type-page","status-publish","hentry"],"yoast_head":"<!-- This site is optimized with the Yoast SEO Premium plugin v27.4 (Yoast SEO v27.4) - https:\/\/yoast.com\/product\/yoast-seo-premium-wordpress\/ -->\n<title>Certifications pour l&#039;assurance qualit\u00e9 - NESS W\u00e4rmetechnik<\/title>\n<meta name=\"description\" content=\"Des processus normalis\u00e9s et des structures efficaces sont pour nous une \u00e9vidence et constituent la base de la coop\u00e9ration avec nos clients.\" \/>\n<meta name=\"robots\" content=\"index, follow, max-snippet:-1, max-image-preview:large, max-video-preview:-1\" \/>\n<link rel=\"canonical\" href=\"https:\/\/ness.de\/fr\/certifications\/\" \/>\n<meta property=\"og:locale\" content=\"fr_FR\" \/>\n<meta property=\"og:type\" content=\"article\" \/>\n<meta property=\"og:title\" content=\"Certifications\" \/>\n<meta property=\"og:description\" content=\"Des processus normalis\u00e9s et des structures efficaces sont pour nous une \u00e9vidence et constituent la base de la coop\u00e9ration avec nos clients.\" \/>\n<meta property=\"og:url\" content=\"https:\/\/ness.de\/fr\/certifications\/\" \/>\n<meta property=\"og:site_name\" content=\"NESS W\u00e4rmetechnik\" \/>\n<meta property=\"article:modified_time\" content=\"2021-03-24T08:58:50+00:00\" \/>\n<meta property=\"og:image\" content=\"https:\/\/ness.de\/wp-content\/uploads\/2018\/07\/ISO_9001_farbe_de.jpg\" \/>\n<meta name=\"twitter:card\" content=\"summary_large_image\" \/>\n<meta name=\"twitter:label1\" content=\"Dur\u00e9e de lecture estim\u00e9e\" \/>\n\t<meta name=\"twitter:data1\" content=\"2 minutes\" \/>\n<!-- \/ Yoast SEO Premium plugin. -->","yoast_head_json":{"title":"Certifications pour l'assurance qualit\u00e9 - NESS W\u00e4rmetechnik","description":"Des processus normalis\u00e9s et des structures efficaces sont pour nous une \u00e9vidence et constituent la base de la coop\u00e9ration avec nos clients.","robots":{"index":"index","follow":"follow","max-snippet":"max-snippet:-1","max-image-preview":"max-image-preview:large","max-video-preview":"max-video-preview:-1"},"canonical":"https:\/\/ness.de\/fr\/certifications\/","og_locale":"fr_FR","og_type":"article","og_title":"Certifications","og_description":"Des processus normalis\u00e9s et des structures efficaces sont pour nous une \u00e9vidence et constituent la base de la coop\u00e9ration avec nos clients.","og_url":"https:\/\/ness.de\/fr\/certifications\/","og_site_name":"NESS W\u00e4rmetechnik","article_modified_time":"2021-03-24T08:58:50+00:00","og_image":[{"url":"https:\/\/ness.de\/wp-content\/uploads\/2018\/07\/ISO_9001_farbe_de.jpg","type":"","width":"","height":""}],"twitter_card":"summary_large_image","twitter_misc":{"Dur\u00e9e de lecture estim\u00e9e":"2 minutes"},"schema":{"@context":"https:\/\/schema.org","@graph":[{"@type":"WebPage","@id":"https:\/\/ness.de\/fr\/certifications\/","url":"https:\/\/ness.de\/fr\/certifications\/","name":"Certifications pour l'assurance qualit\u00e9 - NESS W\u00e4rmetechnik","isPartOf":{"@id":"https:\/\/ness.de\/#website"},"primaryImageOfPage":{"@id":"https:\/\/ness.de\/fr\/certifications\/#primaryimage"},"image":{"@id":"https:\/\/ness.de\/fr\/certifications\/#primaryimage"},"thumbnailUrl":"https:\/\/ness.de\/wp-content\/uploads\/2018\/07\/ISO_9001_farbe_de.jpg","datePublished":"2021-03-22T10:35:39+00:00","dateModified":"2021-03-24T08:58:50+00:00","description":"Des processus normalis\u00e9s et des structures efficaces sont pour nous une \u00e9vidence et constituent la base de la coop\u00e9ration avec nos clients.","breadcrumb":{"@id":"https:\/\/ness.de\/fr\/certifications\/#breadcrumb"},"inLanguage":"fr-FR","potentialAction":[{"@type":"ReadAction","target":["https:\/\/ness.de\/fr\/certifications\/"]}]},{"@type":"ImageObject","inLanguage":"fr-FR","@id":"https:\/\/ness.de\/fr\/certifications\/#primaryimage","url":"https:\/\/ness.de\/wp-content\/uploads\/2018\/07\/ISO_9001_farbe_de.jpg","contentUrl":"https:\/\/ness.de\/wp-content\/uploads\/2018\/07\/ISO_9001_farbe_de.jpg"},{"@type":"BreadcrumbList","@id":"https:\/\/ness.de\/fr\/certifications\/#breadcrumb","itemListElement":[{"@type":"ListItem","position":1,"name":"Startseite","item":"https:\/\/ness.de\/fr\/"},{"@type":"ListItem","position":2,"name":"Certifications"}]},{"@type":"WebSite","@id":"https:\/\/ness.de\/#website","url":"https:\/\/ness.de\/","name":"NESS W\u00e4rmetechnik","description":"The Process Heat Company","publisher":{"@id":"https:\/\/ness.de\/#organization"},"potentialAction":[{"@type":"SearchAction","target":{"@type":"EntryPoint","urlTemplate":"https:\/\/ness.de\/?s={search_term_string}"},"query-input":{"@type":"PropertyValueSpecification","valueRequired":true,"valueName":"search_term_string"}}],"inLanguage":"fr-FR"},{"@type":"Organization","@id":"https:\/\/ness.de\/#organization","name":"NESS W\u00e4rmetechnik GmbH","url":"https:\/\/ness.de\/","logo":{"@type":"ImageObject","inLanguage":"fr-FR","@id":"https:\/\/ness.de\/#\/schema\/logo\/image\/","url":"https:\/\/ness.de\/wp-content\/uploads\/2018\/06\/ness_logo_web-01.png","contentUrl":"https:\/\/ness.de\/wp-content\/uploads\/2018\/06\/ness_logo_web-01.png","width":492,"height":210,"caption":"NESS W\u00e4rmetechnik GmbH"},"image":{"@id":"https:\/\/ness.de\/#\/schema\/logo\/image\/"},"sameAs":["https:\/\/www.linkedin.com\/company\/12209647\/","https:\/\/www.youtube.com\/channel\/UCDhnohU-u-vr6G2SDUw0dbQ"]}]}},"_links":{"self":[{"href":"https:\/\/ness.de\/fr\/wp-json\/wp\/v2\/pages\/12835","targetHints":{"allow":["GET"]}}],"collection":[{"href":"https:\/\/ness.de\/fr\/wp-json\/wp\/v2\/pages"}],"about":[{"href":"https:\/\/ness.de\/fr\/wp-json\/wp\/v2\/types\/page"}],"author":[{"embeddable":true,"href":"https:\/\/ness.de\/fr\/wp-json\/wp\/v2\/users\/3"}],"replies":[{"embeddable":true,"href":"https:\/\/ness.de\/fr\/wp-json\/wp\/v2\/comments?post=12835"}],"version-history":[{"count":5,"href":"https:\/\/ness.de\/fr\/wp-json\/wp\/v2\/pages\/12835\/revisions"}],"predecessor-version":[{"id":13323,"href":"https:\/\/ness.de\/fr\/wp-json\/wp\/v2\/pages\/12835\/revisions\/13323"}],"wp:attachment":[{"href":"https:\/\/ness.de\/fr\/wp-json\/wp\/v2\/media?parent=12835"}],"curies":[{"name":"wp","href":"https:\/\/api.w.org\/{rel}","templated":true}]}}