{"id":12794,"date":"2021-03-22T11:19:36","date_gmt":"2021-03-22T10:19:36","guid":{"rendered":"https:\/\/www.ness.de\/entreprise\/"},"modified":"2021-03-24T09:45:32","modified_gmt":"2021-03-24T08:45:32","slug":"entreprise","status":"publish","type":"page","link":"https:\/\/ness.de\/fr\/entreprise\/","title":{"rendered":"Entreprise"},"content":{"rendered":"<div id='full_slider_1'  class='avia-fullwidth-slider main_color avia-shadow   avia-builder-el-0  el_before_av_section  avia-builder-el-first   container_wrap sidebar_right'  ><div  class='avia-slideshow av-jikbtuwa-935ee7f4ea2742fdf1aedbd2424361c8 avia-slideshow-featured av_slideshow_full avia-slide-slider av-slideshow-ui av-control-default av-slideshow-manual av-loop-once av-loop-manual-endless av-default-height-applied   avia-slideshow-1' data-slideshow-options=\"{&quot;animation&quot;:&quot;slide&quot;,&quot;autoplay&quot;:false,&quot;loop_autoplay&quot;:&quot;once&quot;,&quot;interval&quot;:7,&quot;loop_manual&quot;:&quot;manual-endless&quot;,&quot;autoplay_stopper&quot;:false,&quot;noNavigation&quot;:false,&quot;bg_slider&quot;:false,&quot;keep_padding&quot;:false,&quot;hoverpause&quot;:false,&quot;show_slide_delay&quot;:0}\"  itemprop=\"image\" itemscope=\"itemscope\" itemtype=\"https:\/\/schema.org\/ImageObject\" ><ul class='avia-slideshow-inner ' style='padding-bottom: 31.818181818182%;'><li  class='avia-slideshow-slide av-jikbtuwa-935ee7f4ea2742fdf1aedbd2424361c8__0  av-single-slide slide-1 slide-odd'><div data-rel='slideshow-1' class='avia-slide-wrap '   ><img decoding=\"async\" fetchpriority=\"high\" class=\"wp-image-12806 avia-img-lazy-loading-not-12806\"  src=\"https:\/\/ness.de\/wp-content\/uploads\/2019\/10\/slider-ness-company-building.jpg\" width=\"2200\" height=\"700\" title='slider-ness-company-building' alt=''  itemprop=\"thumbnailUrl\" srcset=\"https:\/\/ness.de\/wp-content\/uploads\/2019\/10\/slider-ness-company-building.jpg 2200w, https:\/\/ness.de\/wp-content\/uploads\/2019\/10\/slider-ness-company-building-300x95.jpg 300w, https:\/\/ness.de\/wp-content\/uploads\/2019\/10\/slider-ness-company-building-768x244.jpg 768w, https:\/\/ness.de\/wp-content\/uploads\/2019\/10\/slider-ness-company-building-1030x328.jpg 1030w, https:\/\/ness.de\/wp-content\/uploads\/2019\/10\/slider-ness-company-building-1500x477.jpg 1500w, https:\/\/ness.de\/wp-content\/uploads\/2019\/10\/slider-ness-company-building-705x224.jpg 705w, https:\/\/ness.de\/wp-content\/uploads\/2019\/10\/slider-ness-company-building-450x143.jpg 450w\" sizes=\"(max-width: 2200px) 100vw, 2200px\" \/><\/div><\/li><\/ul><\/div><\/div>\n<div id='av_section_1'  class='avia-section av-2wm50-acaa273e2697e29ee8de4f4cc4a0101d main_color avia-section-large avia-no-border-styling  avia-builder-el-1  el_after_av_slideshow_full  el_before_av_section  avia-bg-style-scroll container_wrap sidebar_right'  ><div class='container av-section-cont-open' ><div class='template-page content  av-content-small alpha units'><div class='post-entry post-entry-type-page post-entry-12794'><div class='entry-content-wrapper clearfix'>\n<div class='flex_column_table av-26zgc-40e6bb468d60f1a01784778e68a56410 sc-av_one_half av-equal-height-column-flextable'>\n<style type=\"text\/css\" data-created_by=\"avia_inline_auto\" id=\"style-css-av-26zgc-40e6bb468d60f1a01784778e68a56410\">\n.flex_column.av-26zgc-40e6bb468d60f1a01784778e68a56410{\nborder-radius:0px 0px 0px 0px;\npadding:0px 0px 0px 0px;\n}\n<\/style>\n<div  class='flex_column av-26zgc-40e6bb468d60f1a01784778e68a56410 av_one_half  avia-builder-el-2  el_before_av_one_half  avia-builder-el-first  first flex_column_table_cell av-equal-height-column av-align-middle av-zero-column-padding  '     ><section  class='av_textblock_section av-1cjjk-9ed203448515012ba4ccc0c8a497fedf '   itemscope=\"itemscope\" itemtype=\"https:\/\/schema.org\/CreativeWork\" ><div class='avia_textblock'  itemprop=\"text\" ><h1>NESS\u2013 Votre partenaire pour les solutions de chaleur industrielle<\/h1>\n<h2 style=\"font-weight: 400;\">Des concepts de solution pour les installations de chaleur industrielle depuis plus de 50 ans<\/h2>\n<p>\u00c0 Remshalden, pr\u00e8s de Stuttgart, en Allemagne, nous d\u00e9veloppons depuis plus de 50 ans des concepts de solutions pour les installations de chaleur industrielle.<br \/>\nNous employons plus de 90 collaborateurs dans les secteurs d\u00e9veloppement, \u00e9tude de projet, distribution et fabrication.<\/p>\n<p>Notre secteur Ing\u00e9nierie \u00e0 lui tout seul compte environ 30 ing\u00e9nieurs hautement qualifi\u00e9s et motiv\u00e9s, qui sont issus de tous les domaines de la technique. Ils travaillent sur des solutions de conversion pour nos clients \u00e0 travers le globe.<\/p>\n<p>L&rsquo;exp\u00e9rience acquise au cours de nos projets par nos ing\u00e9nieurs d&rsquo;\u00e9tude des projets et de service apr\u00e8s-vente est appliqu\u00e9e de mani\u00e8re cons\u00e9quente \u00e0 de nouveaux produits et prestations de service. Nous \u00e9tudions r\u00e9guli\u00e8rement des projets de d\u00e9veloppement au niveau national et international, et nous les r\u00e9alisons avec succ\u00e8s. Ceci explique \u00e9galement le grand nombre de mod\u00e8les d&rsquo;utilit\u00e9 et de brevets qui nous ont \u00e9t\u00e9 accord\u00e9s ces derni\u00e8res d\u00e9cades.<\/p>\n<p>Une \u00e9quipe service apr\u00e8s-vente efficace assure une logistique mondiale sans accroc des produits et des pi\u00e8ces de rechange ainsi que le montage et la mise en service professionnels des installations. En outre, nous offrons des services de maintenance, r\u00e9paration et modernisation d&rsquo;installations existantes \u2013 nous mettons l&rsquo;accent sur la puissance, la disponibilit\u00e9, la s\u00e9curit\u00e9 et l&rsquo;efficacit\u00e9 \u00e9nerg\u00e9tique.<\/p>\n<\/div><\/section><\/div><div class='av-flex-placeholder'><\/div>\n<style type=\"text\/css\" data-created_by=\"avia_inline_auto\" id=\"style-css-av-26zgc-8a9c13e20a71c90d13921cb9cd416a63\">\n.flex_column.av-26zgc-8a9c13e20a71c90d13921cb9cd416a63{\nborder-radius:0px 0px 0px 0px;\npadding:0px 0px 0px 0px;\n}\n<\/style>\n<div  class='flex_column av-26zgc-8a9c13e20a71c90d13921cb9cd416a63 av_one_half  avia-builder-el-4  el_after_av_one_half  avia-builder-el-last  flex_column_table_cell av-equal-height-column av-align-middle av-zero-column-padding  '     ><p>\n<style type=\"text\/css\" data-created_by=\"avia_inline_auto\" id=\"style-css-av-jj9r0bie-d0745f6b82b651f4def006510a222e6e\">\n.avia-image-container.av-jj9r0bie-d0745f6b82b651f4def006510a222e6e img.avia_image{\nbox-shadow:none;\n}\n.avia-image-container.av-jj9r0bie-d0745f6b82b651f4def006510a222e6e .av-image-caption-overlay-center{\ncolor:#ffffff;\n}\n<\/style>\n<div  class='avia-image-container av-jj9r0bie-d0745f6b82b651f4def006510a222e6e av-styling- avia-align-left  avia-builder-el-5  el_before_av_hr  avia-builder-el-first '   itemprop=\"image\" itemscope=\"itemscope\" itemtype=\"https:\/\/schema.org\/ImageObject\" ><div class=\"avia-image-container-inner\"><div class=\"avia-image-overlay-wrap\"><img decoding=\"async\" fetchpriority=\"high\" class='wp-image-12808 avia-img-lazy-loading-not-12808 avia_image ' src=\"https:\/\/ness.de\/wp-content\/uploads\/2018\/08\/Gesch\u00e4ftsf\u00fchrer_web-1-495x400.jpg\" alt='' title='Gesch\u00e4ftsf\u00fchrer_web'  height=\"400\" width=\"495\"  itemprop=\"thumbnailUrl\" srcset=\"https:\/\/ness.de\/wp-content\/uploads\/2018\/08\/Gesch\u00e4ftsf\u00fchrer_web-1-495x400.jpg 495w, https:\/\/ness.de\/wp-content\/uploads\/2018\/08\/Gesch\u00e4ftsf\u00fchrer_web-1-845x684.jpg 845w\" sizes=\"(max-width: 495px) 100vw, 495px\" \/><\/div><\/div><\/div><br \/>\n\n<style type=\"text\/css\" data-created_by=\"avia_inline_auto\" id=\"style-css-av-jiezo4k0-d451e8efef7ac448d903310dd782b0ec\">\n#top .hr.hr-invisible.av-jiezo4k0-d451e8efef7ac448d903310dd782b0ec{\nheight:15px;\n}\n<\/style>\n<div  class='hr av-jiezo4k0-d451e8efef7ac448d903310dd782b0ec hr-invisible  avia-builder-el-6  el_after_av_image  el_before_av_textblock '><span class='hr-inner '><span class=\"hr-inner-style\"><\/span><\/span><\/div><br \/>\n<section  class='av_textblock_section av-1cjjk-9ed203448515012ba4ccc0c8a497fedf '   itemscope=\"itemscope\" itemtype=\"https:\/\/schema.org\/CreativeWork\" ><div class='avia_textblock'  itemprop=\"text\" ><h2 style=\"font-weight: 400;\">Les cerveaux de Ness<\/h2>\n<p>Dietmar Ness et Dr. Andreas Ness sont les pr\u00e9sidents-directeurs g\u00e9n\u00e9raux de Ness W\u00e4rmetechnik GmbH.<\/p>\n<p>Les deux fr\u00e8res apportent chacun leur contribution et aiment \u00eatre au c\u0153ur de l&rsquo;action. Alors que Dietmar Ness s&rsquo;occupe du secteur marketing et promotion des ventes, Dr. Andreas Ness se concentre sur la direction strat\u00e9gique et \u00e9conomique de l&rsquo;entreprise.<\/p>\n<p>Ensemble, ils sont imbattables. Ils vivent et ils aiment passionn\u00e9ment leur entreprise !<\/p>\n<\/div><\/section><\/p><\/div><\/div><!--close column table wrapper. Autoclose: 1 -->\n\n<\/div><\/div><\/div><!-- close content main div --><\/div><\/div>\n<style type=\"text\/css\" data-created_by=\"avia_inline_auto\" id=\"style-css-av-2wm50-421e3cfffca28ee23638928cab5daf9d\">\n.avia-section.av-2wm50-421e3cfffca28ee23638928cab5daf9d .av-parallax .av-parallax-inner{\nbackground-repeat:no-repeat;\nbackground-image:url(https:\/\/ness.de\/wp-content\/uploads\/2018\/07\/Zusammen_arbeiten_web.jpg);\nbackground-position:50% 50%;\nbackground-attachment:scroll;\n}\n.avia-section.av-2wm50-421e3cfffca28ee23638928cab5daf9d .av-section-color-overlay{\nopacity:0.7;\nbackground-color:#e1081a;\n}\n<\/style>\n<div id='av_section_2'  class='avia-section av-2wm50-421e3cfffca28ee23638928cab5daf9d main_color avia-section-large avia-no-border-styling  avia-builder-el-8  el_after_av_section  el_before_av_section  avia-full-stretch av-parallax-section avia-bg-style-parallax av-section-color-overlay-active container_wrap sidebar_right'  data-section-bg-repeat='stretch'><div class='av-parallax' data-avia-parallax-ratio='0.3' ><div class='av-parallax-inner main_color avia-full-stretch'><\/div><\/div><div class=\"av-section-color-overlay-wrap\"><div class=\"av-section-color-overlay\"><\/div><div class='container av-section-cont-open' ><div class='template-page content  av-content-small alpha units'><div class='post-entry post-entry-type-page post-entry-12794'><div class='entry-content-wrapper clearfix'>\n<div class='flex_column_table av-26zgc-40e6bb468d60f1a01784778e68a56410 sc-av_one_half av-equal-height-column-flextable'>\n<style type=\"text\/css\" data-created_by=\"avia_inline_auto\" id=\"style-css-av-26zgc-40e6bb468d60f1a01784778e68a56410\">\n.flex_column.av-26zgc-40e6bb468d60f1a01784778e68a56410{\nborder-radius:0px 0px 0px 0px;\npadding:0px 0px 0px 0px;\n}\n<\/style>\n<div  class='flex_column av-26zgc-40e6bb468d60f1a01784778e68a56410 av_one_half  avia-builder-el-9  el_before_av_one_half  avia-builder-el-first  first flex_column_table_cell av-equal-height-column av-align-middle av-zero-column-padding  '     ><p>\n<style type=\"text\/css\" data-created_by=\"avia_inline_auto\" id=\"style-css-av-jj9u12dg-13f9867d5563cd280f7d759afb320e8a\">\n#top .hr.av-jj9u12dg-13f9867d5563cd280f7d759afb320e8a{\nmargin-top:30px;\nmargin-bottom:30px;\n}\n.hr.av-jj9u12dg-13f9867d5563cd280f7d759afb320e8a .hr-inner{\nwidth:50px;\nborder-color:#ffffff;\nmax-width:45%;\n}\n.hr.av-jj9u12dg-13f9867d5563cd280f7d759afb320e8a .av-seperator-icon{\ncolor:#ffffff;\n}\n.hr.av-jj9u12dg-13f9867d5563cd280f7d759afb320e8a .av-seperator-icon.avia-svg-icon svg:first-child{\nfill:#ffffff;\nstroke:#ffffff;\n}\n<\/style>\n<div  class='hr av-jj9u12dg-13f9867d5563cd280f7d759afb320e8a hr-custom  avia-builder-el-10  el_before_av_textblock  avia-builder-el-first  hr-center hr-icon-yes'><span class='hr-inner inner-border-av-border-thin'><span class=\"hr-inner-style\"><\/span><\/span><span class='av-seperator-icon avia-iconfont avia-font-entypo-fontello' data-av_icon='\ue808' data-av_iconfont='entypo-fontello' ><\/span><span class='hr-inner inner-border-av-border-thin'><span class=\"hr-inner-style\"><\/span><\/span><\/div><br \/>\n<section  class='av_textblock_section av-1cjjk-9ed203448515012ba4ccc0c8a497fedf '   itemscope=\"itemscope\" itemtype=\"https:\/\/schema.org\/CreativeWork\" ><div class='avia_textblock'  itemprop=\"text\" ><h1 class=\"avia-caption-title \" style=\"text-align: center;\"><span style=\"color: #ffffff;\">Chez nous, le travail<br \/>\nd&rsquo;\u00e9quipe est une<br \/>\ncomp\u00e9tence fondamentale<\/span><\/h1>\n<\/div><\/section><br \/>\n\n<style type=\"text\/css\" data-created_by=\"avia_inline_auto\" id=\"style-css-av-jj9u12dg-13f9867d5563cd280f7d759afb320e8a\">\n#top .hr.av-jj9u12dg-13f9867d5563cd280f7d759afb320e8a{\nmargin-top:30px;\nmargin-bottom:30px;\n}\n.hr.av-jj9u12dg-13f9867d5563cd280f7d759afb320e8a .hr-inner{\nwidth:50px;\nborder-color:#ffffff;\nmax-width:45%;\n}\n.hr.av-jj9u12dg-13f9867d5563cd280f7d759afb320e8a .av-seperator-icon{\ncolor:#ffffff;\n}\n.hr.av-jj9u12dg-13f9867d5563cd280f7d759afb320e8a .av-seperator-icon.avia-svg-icon svg:first-child{\nfill:#ffffff;\nstroke:#ffffff;\n}\n<\/style>\n<div  class='hr av-jj9u12dg-13f9867d5563cd280f7d759afb320e8a hr-custom  avia-builder-el-12  el_after_av_textblock  avia-builder-el-last  hr-center hr-icon-yes'><span class='hr-inner inner-border-av-border-thin'><span class=\"hr-inner-style\"><\/span><\/span><span class='av-seperator-icon avia-iconfont avia-font-entypo-fontello' data-av_icon='\ue808' data-av_iconfont='entypo-fontello' ><\/span><span class='hr-inner inner-border-av-border-thin'><span class=\"hr-inner-style\"><\/span><\/span><\/div><\/p><\/div><div class='av-flex-placeholder'><\/div>\n<style type=\"text\/css\" data-created_by=\"avia_inline_auto\" id=\"style-css-av-26zgc-aa3f50e443925c9820b4a8770aea6382\">\n.flex_column.av-26zgc-aa3f50e443925c9820b4a8770aea6382{\nborder-radius:0px 0px 0px 0px;\npadding:0px 0px 0px 0px;\n}\n<\/style>\n<div  class='flex_column av-26zgc-aa3f50e443925c9820b4a8770aea6382 av_one_half  avia-builder-el-13  el_after_av_one_half  avia-builder-el-last  flex_column_table_cell av-equal-height-column av-align-middle av-zero-column-padding  '     ><section  class='av_textblock_section av-1cjjk-9ed203448515012ba4ccc0c8a497fedf '   itemscope=\"itemscope\" itemtype=\"https:\/\/schema.org\/CreativeWork\" ><div class='avia_textblock'  itemprop=\"text\" ><h1 class=\"avia-caption-title \"><\/h1>\n<h2 style=\"font-weight: 400;\"><span style=\"color: #ffffff;\">Pour nous, qui sommes une entreprise familiale \u00e0 la deuxi\u00e8me g\u00e9n\u00e9ration, l&rsquo;entre-aide est extr\u00eamement importante<\/span><\/h2>\n<p><span style=\"color: #ffffff;\">Le respect mutuel et une acceptation sans bornes nous permettent de r\u00e9aliser des performances extraordinaires. L&rsquo;\u00e9change de connaissances, exp\u00e9riences et opinions nous enrichit et nous permet d&rsquo;atteindre des objectifs ensemble.<\/span><\/p>\n<p><span style=\"color: #ffffff;\">La coop\u00e9ration interg\u00e9n\u00e9rationnelle est l&rsquo;exigence de notre \u00e9poque, que nous consid\u00e9rons comme une chance. Pour cette raison, nous faisons confiance aux comp\u00e9tences de nos jeunes collaborateurs et nous les soutenons dans leur d\u00e9veloppement professionnel.<\/span><\/p>\n<\/div><\/section><\/div><\/div><!--close column table wrapper. Autoclose: 1 -->\n\n<\/div><\/div><\/div><!-- close content main div --><\/div><\/div><\/div><div id='av_section_3'  class='avia-section av-15zig-1b82593d1a9165ece3a1bbdb47054958 main_color avia-section-default avia-no-border-styling  avia-builder-el-15  el_after_av_section  avia-builder-el-last  avia-bg-style-scroll container_wrap sidebar_right'  ><div class='container av-section-cont-open' ><div class='template-page content  av-content-small alpha units'><div class='post-entry post-entry-type-page post-entry-12794'><div class='entry-content-wrapper clearfix'>\n\n<style type=\"text\/css\" data-created_by=\"avia_inline_auto\" id=\"style-css-av-15hx4-d1ab8bab3a208348928395a8e08bc7a0\">\n.flex_column.av-15hx4-d1ab8bab3a208348928395a8e08bc7a0{\nborder-radius:0px 0px 0px 0px;\npadding:0px 0px 0px 0px;\n}\n<\/style>\n<div  class='flex_column av-15hx4-d1ab8bab3a208348928395a8e08bc7a0 av_one_half  avia-builder-el-16  el_before_av_one_half  avia-builder-el-first  first flex_column_div av-zero-column-padding  '     ><p>\n<style type=\"text\/css\" data-created_by=\"avia_inline_auto\" id=\"style-css-av-jikdn9sx-cc37ab6050c3dd66965eaae9efc902d5\">\n.avia-image-container.av-jikdn9sx-cc37ab6050c3dd66965eaae9efc902d5 img.avia_image{\nbox-shadow:none;\n}\n.avia-image-container.av-jikdn9sx-cc37ab6050c3dd66965eaae9efc902d5 .av-image-caption-overlay-center{\ncolor:#ffffff;\n}\n<\/style>\n<div  class='avia-image-container av-jikdn9sx-cc37ab6050c3dd66965eaae9efc902d5 av-styling- av-hover-grow av-img-linked avia-align-center  avia-builder-el-17  el_before_av_textblock  avia-builder-el-first '   itemprop=\"image\" itemscope=\"itemscope\" itemtype=\"https:\/\/schema.org\/ImageObject\" ><div class=\"avia-image-container-inner\"><div class=\"avia-image-overlay-wrap\"><a href=\"https:\/\/ness.de\/zertifizierungen\/\" class='avia_image '  aria-label='slider-certifications'><img decoding=\"async\" fetchpriority=\"high\" class='wp-image-12842 avia-img-lazy-loading-not-12842 avia_image ' src=\"https:\/\/ness.de\/wp-content\/uploads\/2019\/10\/slider-certifications-845x321.jpg\" alt='' title='slider-certifications'  height=\"321\" width=\"845\"  itemprop=\"thumbnailUrl\"  \/><\/a><\/div><\/div><\/div><br \/>\n<section  class='av_textblock_section av-jikdoqqu-4afad660e34944fc43ef389c8db1660a '   itemscope=\"itemscope\" itemtype=\"https:\/\/schema.org\/CreativeWork\" ><div class='avia_textblock'  itemprop=\"text\" ><h2>Autorisations<\/h2>\n<p>Notre standard de qualit\u00e9<\/p>\n<\/div><\/section><br \/>\n<div  class='avia-button-wrap av-jikdprvg-596286a1efc4aef6166e3467d18dadc8-wrap avia-button-left  avia-builder-el-19  el_after_av_textblock  avia-builder-el-last '><a href='https:\/\/ness.de\/zertifizierungen\/'  class='avia-button av-jikdprvg-596286a1efc4aef6166e3467d18dadc8 av-link-btn avia-icon_select-no avia-size-large avia-position-left avia-color-theme-color'   aria-label=\"Informez-vous\"><span class='avia_iconbox_title' >Informez-vous<\/span><\/a><\/div><\/p><\/div>\n<style type=\"text\/css\" data-created_by=\"avia_inline_auto\" id=\"style-css-av-15hx4-c68297fc3dad84f5e0c7fb5ecac814cb\">\n.flex_column.av-15hx4-c68297fc3dad84f5e0c7fb5ecac814cb{\nborder-radius:0px 0px 0px 0px;\npadding:0px 0px 0px 0px;\n}\n<\/style>\n<div  class='flex_column av-15hx4-c68297fc3dad84f5e0c7fb5ecac814cb av_one_half  avia-builder-el-20  el_after_av_one_half  avia-builder-el-last  flex_column_div av-zero-column-padding  '     ><p>\n<style type=\"text\/css\" data-created_by=\"avia_inline_auto\" id=\"style-css-av-jikdn9sx-a7481d8a18cdad7aef3a8d5c94cfb324\">\n.avia-image-container.av-jikdn9sx-a7481d8a18cdad7aef3a8d5c94cfb324 img.avia_image{\nbox-shadow:none;\n}\n.avia-image-container.av-jikdn9sx-a7481d8a18cdad7aef3a8d5c94cfb324 .av-image-caption-overlay-center{\ncolor:#ffffff;\n}\n<\/style>\n<div  class='avia-image-container av-jikdn9sx-a7481d8a18cdad7aef3a8d5c94cfb324 av-styling- av-hover-grow av-img-linked avia-align-center  avia-builder-el-21  el_before_av_textblock  avia-builder-el-first '   itemprop=\"image\" itemscope=\"itemscope\" itemtype=\"https:\/\/schema.org\/ImageObject\" ><div class=\"avia-image-container-inner\"><div class=\"avia-image-overlay-wrap\"><a href=\"https:\/\/ness.de\/firmengeschichte\/\" class='avia_image '  aria-label='Griechenland_web'><img decoding=\"async\" fetchpriority=\"high\" class='wp-image-12805 avia-img-lazy-loading-not-12805 avia_image ' src=\"https:\/\/ness.de\/wp-content\/uploads\/2019\/10\/Griechenland_web-845x321.jpg\" alt='' title='Griechenland_web'  height=\"321\" width=\"845\"  itemprop=\"thumbnailUrl\"  \/><\/a><\/div><\/div><\/div><br \/>\n<section  class='av_textblock_section av-jikdoqqu-f13b1e100d1c47151f1bb554f3a8c102 '   itemscope=\"itemscope\" itemtype=\"https:\/\/schema.org\/CreativeWork\" ><div class='avia_textblock'  itemprop=\"text\" ><h2>Histoire de l&rsquo;entreprise<\/h2>\n<p>Historique de l&rsquo;entreprise NESS W\u00e4rmetechnik GmbH<\/p>\n<\/div><\/section><br \/>\n<div  class='avia-button-wrap av-jikdprvg-05bea822facf809811ef96d06f87bf33-wrap avia-button-left  avia-builder-el-23  el_after_av_textblock  avia-builder-el-last '><a href='https:\/\/ness.de\/firmengeschichte\/'  class='avia-button av-jikdprvg-05bea822facf809811ef96d06f87bf33 av-link-btn avia-icon_select-no avia-size-large avia-position-left avia-color-theme-color'   aria-label=\"Histoire de l\u2019entreprise\"><span class='avia_iconbox_title' >Histoire de l\u2019entreprise<\/span><\/a><\/div><\/p><\/div><\/div><\/div><\/div><!-- close content main div --><\/div><\/div><div id='after_section_3'  class='main_color av_default_container_wrap container_wrap sidebar_right'  ><div class='container av-section-cont-open' ><div class='template-page content  av-content-small alpha units'><div class='post-entry post-entry-type-page post-entry-12794'><div class='entry-content-wrapper clearfix'>\n","protected":false},"excerpt":{"rendered":"","protected":false},"author":3,"featured_media":0,"parent":0,"menu_order":0,"comment_status":"closed","ping_status":"closed","template":"","meta":{"footnotes":""},"class_list":["post-12794","page","type-page","status-publish","hentry"],"yoast_head":"<!-- This site is optimized with the Yoast SEO Premium plugin v27.4 (Yoast SEO v27.4) - https:\/\/yoast.com\/product\/yoast-seo-premium-wordpress\/ -->\n<title>Travail d&#039;\u00e9quipe dans Entreprise - NESS W\u00e4rmetechnik GmbH<\/title>\n<meta name=\"description\" content=\"\u00c0 Remshalden, pr\u00e8s de Stuttgart, en Allemagne, nous d\u00e9veloppons depuis plus de 50 ans des concepts de solutions pour les installations de chaleur industrielle.\" \/>\n<meta name=\"robots\" content=\"index, follow, max-snippet:-1, max-image-preview:large, max-video-preview:-1\" \/>\n<link rel=\"canonical\" href=\"https:\/\/ness.de\/fr\/entreprise\/\" \/>\n<meta property=\"og:locale\" content=\"fr_FR\" \/>\n<meta property=\"og:type\" content=\"article\" \/>\n<meta property=\"og:title\" content=\"Entreprise\" \/>\n<meta property=\"og:description\" content=\"\u00c0 Remshalden, pr\u00e8s de Stuttgart, en Allemagne, nous d\u00e9veloppons depuis plus de 50 ans des concepts de solutions pour les installations de chaleur industrielle.\" \/>\n<meta property=\"og:url\" content=\"https:\/\/ness.de\/fr\/entreprise\/\" \/>\n<meta property=\"og:site_name\" content=\"NESS W\u00e4rmetechnik\" \/>\n<meta property=\"article:modified_time\" content=\"2021-03-24T08:45:32+00:00\" \/>\n<meta name=\"twitter:card\" content=\"summary_large_image\" \/>\n<meta name=\"twitter:label1\" content=\"Dur\u00e9e de lecture estim\u00e9e\" \/>\n\t<meta name=\"twitter:data1\" content=\"5 minutes\" \/>\n<!-- \/ Yoast SEO Premium plugin. -->","yoast_head_json":{"title":"Travail d'\u00e9quipe dans Entreprise - NESS W\u00e4rmetechnik GmbH","description":"\u00c0 Remshalden, pr\u00e8s de Stuttgart, en Allemagne, nous d\u00e9veloppons depuis plus de 50 ans des concepts de solutions pour les installations de chaleur industrielle.","robots":{"index":"index","follow":"follow","max-snippet":"max-snippet:-1","max-image-preview":"max-image-preview:large","max-video-preview":"max-video-preview:-1"},"canonical":"https:\/\/ness.de\/fr\/entreprise\/","og_locale":"fr_FR","og_type":"article","og_title":"Entreprise","og_description":"\u00c0 Remshalden, pr\u00e8s de Stuttgart, en Allemagne, nous d\u00e9veloppons depuis plus de 50 ans des concepts de solutions pour les installations de chaleur industrielle.","og_url":"https:\/\/ness.de\/fr\/entreprise\/","og_site_name":"NESS W\u00e4rmetechnik","article_modified_time":"2021-03-24T08:45:32+00:00","twitter_card":"summary_large_image","twitter_misc":{"Dur\u00e9e de lecture estim\u00e9e":"5 minutes"},"schema":{"@context":"https:\/\/schema.org","@graph":[{"@type":"WebPage","@id":"https:\/\/ness.de\/fr\/entreprise\/","url":"https:\/\/ness.de\/fr\/entreprise\/","name":"Travail d'\u00e9quipe dans Entreprise - NESS W\u00e4rmetechnik GmbH","isPartOf":{"@id":"https:\/\/ness.de\/#website"},"datePublished":"2021-03-22T10:19:36+00:00","dateModified":"2021-03-24T08:45:32+00:00","description":"\u00c0 Remshalden, pr\u00e8s de Stuttgart, en Allemagne, nous d\u00e9veloppons depuis plus de 50 ans des concepts de solutions pour les installations de chaleur industrielle.","breadcrumb":{"@id":"https:\/\/ness.de\/fr\/entreprise\/#breadcrumb"},"inLanguage":"fr-FR","potentialAction":[{"@type":"ReadAction","target":["https:\/\/ness.de\/fr\/entreprise\/"]}]},{"@type":"BreadcrumbList","@id":"https:\/\/ness.de\/fr\/entreprise\/#breadcrumb","itemListElement":[{"@type":"ListItem","position":1,"name":"Startseite","item":"https:\/\/ness.de\/fr\/"},{"@type":"ListItem","position":2,"name":"Entreprise"}]},{"@type":"WebSite","@id":"https:\/\/ness.de\/#website","url":"https:\/\/ness.de\/","name":"NESS W\u00e4rmetechnik","description":"The Process Heat Company","publisher":{"@id":"https:\/\/ness.de\/#organization"},"potentialAction":[{"@type":"SearchAction","target":{"@type":"EntryPoint","urlTemplate":"https:\/\/ness.de\/?s={search_term_string}"},"query-input":{"@type":"PropertyValueSpecification","valueRequired":true,"valueName":"search_term_string"}}],"inLanguage":"fr-FR"},{"@type":"Organization","@id":"https:\/\/ness.de\/#organization","name":"NESS W\u00e4rmetechnik GmbH","url":"https:\/\/ness.de\/","logo":{"@type":"ImageObject","inLanguage":"fr-FR","@id":"https:\/\/ness.de\/#\/schema\/logo\/image\/","url":"https:\/\/ness.de\/wp-content\/uploads\/2018\/06\/ness_logo_web-01.png","contentUrl":"https:\/\/ness.de\/wp-content\/uploads\/2018\/06\/ness_logo_web-01.png","width":492,"height":210,"caption":"NESS W\u00e4rmetechnik GmbH"},"image":{"@id":"https:\/\/ness.de\/#\/schema\/logo\/image\/"},"sameAs":["https:\/\/www.linkedin.com\/company\/12209647\/","https:\/\/www.youtube.com\/channel\/UCDhnohU-u-vr6G2SDUw0dbQ"]}]}},"_links":{"self":[{"href":"https:\/\/ness.de\/fr\/wp-json\/wp\/v2\/pages\/12794","targetHints":{"allow":["GET"]}}],"collection":[{"href":"https:\/\/ness.de\/fr\/wp-json\/wp\/v2\/pages"}],"about":[{"href":"https:\/\/ness.de\/fr\/wp-json\/wp\/v2\/types\/page"}],"author":[{"embeddable":true,"href":"https:\/\/ness.de\/fr\/wp-json\/wp\/v2\/users\/3"}],"replies":[{"embeddable":true,"href":"https:\/\/ness.de\/fr\/wp-json\/wp\/v2\/comments?post=12794"}],"version-history":[{"count":4,"href":"https:\/\/ness.de\/fr\/wp-json\/wp\/v2\/pages\/12794\/revisions"}],"predecessor-version":[{"id":13316,"href":"https:\/\/ness.de\/fr\/wp-json\/wp\/v2\/pages\/12794\/revisions\/13316"}],"wp:attachment":[{"href":"https:\/\/ness.de\/fr\/wp-json\/wp\/v2\/media?parent=12794"}],"curies":[{"name":"wp","href":"https:\/\/api.w.org\/{rel}","templated":true}]}}