{"id":12284,"date":"2021-03-22T08:16:29","date_gmt":"2021-03-22T07:16:29","guid":{"rendered":"https:\/\/www.ness.de\/lefficacite-energetique\/"},"modified":"2021-03-23T11:51:02","modified_gmt":"2021-03-23T10:51:02","slug":"lefficacite-energetique","status":"publish","type":"page","link":"https:\/\/ness.de\/fr\/lefficacite-energetique\/","title":{"rendered":"L&rsquo;efficacit\u00e9 \u00e9nerg\u00e9tique"},"content":{"rendered":"<section  class='av_textblock_section av-jikbywl1-59eb46e57a41fca6bbe75c10c01e1820 '   itemscope=\"itemscope\" itemtype=\"https:\/\/schema.org\/CreativeWork\" ><div class='avia_textblock'  itemprop=\"text\" ><h1 style=\"text-align: center;\">L&rsquo;efficacit\u00e9 \u00e9nerg\u00e9tique<\/h1>\n<h2 style=\"text-align: center;\">Fonctionnement durable des installations \u2013 un d\u00e9fi \u00e9cologique et \u00e9conomique<\/h2>\n<\/div><\/section>\n\n<style type=\"text\/css\" data-created_by=\"avia_inline_auto\" id=\"style-css-av-jikjuuzc-358eb38c012e01cf052584db60adfad7\">\n#top .hr.hr-invisible.av-jikjuuzc-358eb38c012e01cf052584db60adfad7{\nheight:30px;\n}\n<\/style>\n<div  class='hr av-jikjuuzc-358eb38c012e01cf052584db60adfad7 hr-invisible  avia-builder-el-1  el_after_av_textblock  el_before_av_image '><span class='hr-inner '><span class=\"hr-inner-style\"><\/span><\/span><\/div>\n\n<style type=\"text\/css\" data-created_by=\"avia_inline_auto\" id=\"style-css-av-jikctntd-d9254424affcabe566a1212608ddd5e7\">\n.avia-image-container.av-jikctntd-d9254424affcabe566a1212608ddd5e7 img.avia_image{\nbox-shadow:none;\n}\n.avia-image-container.av-jikctntd-d9254424affcabe566a1212608ddd5e7 .av-image-caption-overlay-center{\ncolor:#ffffff;\n}\n<\/style>\n<div  class='avia-image-container av-jikctntd-d9254424affcabe566a1212608ddd5e7 av-styling- avia-align-center  avia-builder-el-2  el_after_av_hr  el_before_av_section  avia-builder-el-last '   itemprop=\"image\" itemscope=\"itemscope\" itemtype=\"https:\/\/schema.org\/ImageObject\" ><div class=\"avia-image-container-inner\"><div class=\"avia-image-overlay-wrap\"><img decoding=\"async\" fetchpriority=\"high\" class='wp-image-12131 avia-img-lazy-loading-not-12131 avia_image ' src=\"https:\/\/ness.de\/wp-content\/uploads\/2018\/07\/slider-efficiency-1210x423.jpg\" alt='' title='slider-efficiency'  height=\"423\" width=\"1210\"  itemprop=\"thumbnailUrl\"  \/><\/div><\/div><\/div>\n<\/div><\/div><\/div><!-- close content main div --><\/div><\/div><div id='av_section_1'  class='avia-section av-63tsp-f56bc69621f462b60ff782c47dd8762c main_color avia-section-default avia-no-border-styling  avia-builder-el-3  el_after_av_image  el_before_av_section  avia-bg-style-scroll container_wrap sidebar_right'  ><div class='container av-section-cont-open' ><div class='template-page content  av-content-small alpha units'><div class='post-entry post-entry-type-page post-entry-12284'><div class='entry-content-wrapper clearfix'>\n\n<style type=\"text\/css\" data-created_by=\"avia_inline_auto\" id=\"style-css-av-1jyeqh-4ef1e849578942577eecfb0c99ac3f6d\">\n.flex_column.av-1jyeqh-4ef1e849578942577eecfb0c99ac3f6d{\nborder-radius:0px 0px 0px 0px;\npadding:0px 0px 0px 0px;\n}\n<\/style>\n<div  class='flex_column av-1jyeqh-4ef1e849578942577eecfb0c99ac3f6d av_one_half  avia-builder-el-4  el_before_av_one_half  avia-builder-el-first  first flex_column_div av-zero-column-padding  '     ><section  class='av_textblock_section av-jikc530y-fbf7e560c6b6e522145385effc680a03 '   itemscope=\"itemscope\" itemtype=\"https:\/\/schema.org\/CreativeWork\" ><div class='avia_textblock'  itemprop=\"text\" ><h2>Fonctionnement durable des installations \u2013 un d\u00e9fi \u00e9cologique et \u00e9conomique<\/h2>\n<p>De nombreuses ressources, que nous utilisons aujourd&rsquo;hui, sont pour nous une \u00e9vidence. Mais, dans les ann\u00e9es \u00e0 venir, les exploiter de mani\u00e8re efficace ne sera plus une option, ce sera un devoir. En plus des multiples aspects \u00e9cologiques, \u00e0 moyen terme, l&rsquo;aspect \u00e9conomique aussi deviendra d\u00e9cisif.<\/p>\n<p>Le co\u00fbt des ressources et de l&rsquo;exploitation des installations augmente constamment et certaines solutions peuvent vous aider \u00e0 contrecarrer cette tendance. Ainsi, par exemple, un pr\u00e9chauffeur d&rsquo;air de combustion (Luvo) contribue \u00e0 accro\u00eetre le degr\u00e9 d&rsquo;efficacit\u00e9 du r\u00e9chauffeur.<\/p>\n<\/div><\/section><\/div>\n<style type=\"text\/css\" data-created_by=\"avia_inline_auto\" id=\"style-css-av-51gmh-4d29f50bc90b046fadb23c23e6e0397c\">\n.flex_column.av-51gmh-4d29f50bc90b046fadb23c23e6e0397c{\nborder-radius:0px 0px 0px 0px;\npadding:0px 0px 0px 0px;\n}\n<\/style>\n<div  class='flex_column av-51gmh-4d29f50bc90b046fadb23c23e6e0397c av_one_half  avia-builder-el-6  el_after_av_one_half  avia-builder-el-last  flex_column_div av-zero-column-padding  '     ><style type=\"text\/css\" data-created_by=\"avia_inline_auto\" id=\"style-css-av-jikcduf3-29830bf4348b785f4873b87506a36ea5\">\n#top .avia-icon-list-container.av-jikcduf3-29830bf4348b785f4873b87506a36ea5 .iconlist_icon{\ncolor:#e1081a;\nbackground-color:#ffffff;\nborder:1px solid #e1081a;\n}\n#top .avia-icon-list-container.av-jikcduf3-29830bf4348b785f4873b87506a36ea5 .iconlist_icon svg:first-child{\nstroke:#e1081a;\nfill:#e1081a;\n}\n<\/style>\n<div  class='avia-icon-list-container av-jikcduf3-29830bf4348b785f4873b87506a36ea5  avia-builder-el-7  avia-builder-el-no-sibling '><ul class='avia-icon-list avia_animate_when_almost_visible avia-icon-list-left av-iconlist-big av-jikcduf3-29830bf4348b785f4873b87506a36ea5 avia-iconlist-animate'>\n<li><div class='iconlist_icon av-5f3zxo-a03f4fa4a4d5015d2a6793c35e032596 avia-font-entypo-fontello avia-iconfont avia-font-entypo-fontello'><span class='av-icon-char' data-av_icon='\ue8b8' data-av_iconfont='entypo-fontello' aria-hidden=\"true\"><\/span><\/div><article class=\"article-icon-entry \"  itemscope=\"itemscope\" itemtype=\"https:\/\/schema.org\/CreativeWork\" ><div class=\"iconlist_content_wrap\"><header class=\"entry-content-header\" aria-label=\"Ic\u00f4ne : Durabilit\u00e9\"><h4 class='av_iconlist_title iconlist_title  '  itemprop=\"headline\" >Durabilit\u00e9<\/h4><\/header><div class='iconlist_content '  itemprop=\"text\" ><p>Une exploitation plus efficace des ressources pour am\u00e9liorer l&rsquo;efficacit\u00e9 des installations<\/p>\n<\/div><\/div><footer class=\"entry-footer\"><\/footer><\/article><div class=\"iconlist-timeline\"><\/div><\/li>\n<li><div class='iconlist_icon av-4iydjw-c9be4d792692c4fb54b478688fcb7b90 avia-font-entypo-fontello avia-iconfont avia-font-entypo-fontello'><span class='av-icon-char' data-av_icon='\ue864' data-av_iconfont='entypo-fontello' aria-hidden=\"true\"><\/span><\/div><article class=\"article-icon-entry \"  itemscope=\"itemscope\" itemtype=\"https:\/\/schema.org\/CreativeWork\" ><div class=\"iconlist_content_wrap\"><header class=\"entry-content-header\" aria-label=\"Ic\u00f4ne : Optimisation des syst\u00e8mes\"><h4 class='av_iconlist_title iconlist_title  '  itemprop=\"headline\" >Optimisation des syst\u00e8mes<\/h4><\/header><div class='iconlist_content '  itemprop=\"text\" ><p>Exploitation optimale de l&rsquo;\u00e9nergie dans des syst\u00e8mes existants<\/p>\n<\/div><\/div><footer class=\"entry-footer\"><\/footer><\/article><div class=\"iconlist-timeline\"><\/div><\/li>\n<li><div class='iconlist_icon av-aljuk-029bdad7ed436901e225b9d7742f90fb avia-font-entypo-fontello avia-iconfont avia-font-entypo-fontello'><span class='av-icon-char' data-av_icon='\ue855' data-av_iconfont='entypo-fontello' aria-hidden=\"true\"><\/span><\/div><article class=\"article-icon-entry \"  itemscope=\"itemscope\" itemtype=\"https:\/\/schema.org\/CreativeWork\" ><div class=\"iconlist_content_wrap\"><header class=\"entry-content-header\" aria-label=\"Ic\u00f4ne : Examen du syst\u00e8me\"><h4 class='av_iconlist_title iconlist_title  '  itemprop=\"headline\" >Examen du syst\u00e8me<\/h4><\/header><div class='iconlist_content '  itemprop=\"text\" ><p>Un examen du syst\u00e8me effectu\u00e9 sur place vous \u00e9claire sur l&rsquo;exploitation optimale de l&rsquo;\u00e9nergie<\/p>\n<\/div><\/div><footer class=\"entry-footer\"><\/footer><\/article><div class=\"iconlist-timeline\"><\/div><\/li>\n<\/ul><\/div><\/div>\n\n<\/div><\/div><\/div><!-- close content main div --><\/div><\/div>\n<style type=\"text\/css\" data-created_by=\"avia_inline_auto\" id=\"style-css-av-jiectw21-2a7c1acc9437bc0a7b26a1c5d0283b97\">\n.avia-section.av-jiectw21-2a7c1acc9437bc0a7b26a1c5d0283b97 .av-parallax .av-parallax-inner{\nbackground-repeat:no-repeat;\nbackground-image:url(https:\/\/ness.de\/wp-content\/uploads\/2018\/06\/Fa.jpg);\nbackground-position:50% 50%;\nbackground-attachment:scroll;\n}\n.avia-section.av-jiectw21-2a7c1acc9437bc0a7b26a1c5d0283b97 .av-section-color-overlay{\nopacity:0.6;\nbackground-color:#e1081a;\n}\n<\/style>\n<div id='av_section_2'  class='avia-section av-jiectw21-2a7c1acc9437bc0a7b26a1c5d0283b97 main_color avia-section-small avia-no-border-styling  avia-builder-el-8  el_after_av_section  avia-builder-el-last  avia-full-stretch av-parallax-section avia-bg-style-parallax av-section-color-overlay-active container_wrap sidebar_right'  data-section-bg-repeat='stretch'><div class='av-parallax' data-avia-parallax-ratio='0.3' ><div class='av-parallax-inner main_color avia-full-stretch'><\/div><\/div><div class=\"av-section-color-overlay-wrap\"><div class=\"av-section-color-overlay\"><\/div><div class='container av-section-cont-open' ><div class='template-page content  av-content-small alpha units'><div class='post-entry post-entry-type-page post-entry-12284'><div class='entry-content-wrapper clearfix'>\n<div class='flex_column_table av-1fv7w-72109d7d6aa661a72fe9f6f5d292193b sc-av_two_third av-equal-height-column-flextable'>\n<style type=\"text\/css\" data-created_by=\"avia_inline_auto\" id=\"style-css-av-1fv7w-72109d7d6aa661a72fe9f6f5d292193b\">\n.flex_column.av-1fv7w-72109d7d6aa661a72fe9f6f5d292193b{\nborder-radius:0px 0px 0px 0px;\npadding:0px 0px 0px 0px;\n}\n<\/style>\n<div  class='flex_column av-1fv7w-72109d7d6aa661a72fe9f6f5d292193b av_two_third  avia-builder-el-9  el_before_av_one_third  avia-builder-el-first  first flex_column_table_cell av-equal-height-column av-align-middle av-zero-column-padding  '     ><style type=\"text\/css\" data-created_by=\"avia_inline_auto\" id=\"style-css-av-8kehk-8b94b34623eb7128181c4dae9e6665ce\">\n#top .av-special-heading.av-8kehk-8b94b34623eb7128181c4dae9e6665ce{\nmargin:3% 3% 3% 3%;\npadding-bottom:10px;\ncolor:#ffffff;\n}\nbody .av-special-heading.av-8kehk-8b94b34623eb7128181c4dae9e6665ce .av-special-heading-tag .heading-char{\nfont-size:25px;\n}\n.av-special-heading.av-8kehk-8b94b34623eb7128181c4dae9e6665ce .special-heading-inner-border{\nborder-color:#ffffff;\n}\n.av-special-heading.av-8kehk-8b94b34623eb7128181c4dae9e6665ce .av-subheading{\nfont-size:15px;\n}\n<\/style>\n<div  class='av-special-heading av-8kehk-8b94b34623eb7128181c4dae9e6665ce av-special-heading-h1 custom-color-heading blockquote modern-quote  avia-builder-el-10  avia-builder-el-no-sibling '><h1 class='av-special-heading-tag '  itemprop=\"headline\"  >Notre longue exp\u00e9rience et notre politique de d\u00e9veloppement continu nous ont permis de concevoir une multiplicit\u00e9 de solutions pour la plupart des secteurs<\/h1><div class=\"special-heading-border\"><div class=\"special-heading-inner-border\"><\/div><\/div><\/div><\/div><div class='av-flex-placeholder'><\/div>\n<style type=\"text\/css\" data-created_by=\"avia_inline_auto\" id=\"style-css-av-14tx4-daf164164c2dc4340ffbc8fa80586ed5\">\n.flex_column.av-14tx4-daf164164c2dc4340ffbc8fa80586ed5{\nborder-radius:0px 0px 0px 0px;\npadding:0px 0px 0px 0px;\n}\n<\/style>\n<div  class='flex_column av-14tx4-daf164164c2dc4340ffbc8fa80586ed5 av_one_third  avia-builder-el-11  el_after_av_two_third  avia-builder-el-last  flex_column_table_cell av-equal-height-column av-align-middle av-zero-column-padding  '     ><div  class='avia-button-wrap av-jiecxirw-8269a03ac18de84192d00af056952a40-wrap avia-button-left  avia-builder-el-12  avia-builder-el-no-sibling '><a href='https:\/\/ness.de\/kontakt\/'  class='avia-button av-jiecxirw-8269a03ac18de84192d00af056952a40 av-link-btn avia-icon_select-no avia-size-large avia-position-left avia-color-light'   aria-label=\"Prendre contact maintenant\"><span class='avia_iconbox_title' >Prendre contact maintenant<\/span><\/a><\/div><\/div><\/div><!--close column table wrapper. Autoclose: 1 -->\n<\/div><\/div><\/div><!-- close content main div --><\/div><\/div><\/div><div id='after_section_2'  class='main_color av_default_container_wrap container_wrap sidebar_right'  ><div class='container av-section-cont-open' ><div class='template-page content  av-content-small alpha units'><div class='post-entry post-entry-type-page post-entry-12284'><div class='entry-content-wrapper clearfix'>\n","protected":false},"excerpt":{"rendered":"","protected":false},"author":3,"featured_media":0,"parent":0,"menu_order":0,"comment_status":"closed","ping_status":"closed","template":"","meta":{"footnotes":""},"class_list":["post-12284","page","type-page","status-publish","hentry"],"yoast_head":"<!-- This site is optimized with the Yoast SEO Premium plugin v27.4 (Yoast SEO v27.4) - https:\/\/yoast.com\/product\/yoast-seo-premium-wordpress\/ -->\n<title>L&#039;efficacit\u00e9 \u00e9nerg\u00e9tique pour une exploitation durable des installations - NESS W\u00e4rmetechnik<\/title>\n<meta name=\"description\" content=\"Obtenir une meilleure efficacit\u00e9 des installations et de l&#039;\u00e9nergie gr\u00e2ce \u00e0 une utilisation plus efficace des ressources. Laissez-nous vous conseiller \u00e0 ce sujet.\" \/>\n<meta name=\"robots\" content=\"index, follow, max-snippet:-1, max-image-preview:large, max-video-preview:-1\" \/>\n<link rel=\"canonical\" href=\"https:\/\/ness.de\/fr\/lefficacite-energetique\/\" \/>\n<meta property=\"og:locale\" content=\"fr_FR\" \/>\n<meta property=\"og:type\" content=\"article\" \/>\n<meta property=\"og:title\" content=\"L&#039;efficacit\u00e9 \u00e9nerg\u00e9tique\" \/>\n<meta property=\"og:description\" content=\"Obtenir une meilleure efficacit\u00e9 des installations et de l&#039;\u00e9nergie gr\u00e2ce \u00e0 une utilisation plus efficace des ressources. Laissez-nous vous conseiller \u00e0 ce sujet.\" \/>\n<meta property=\"og:url\" content=\"https:\/\/ness.de\/fr\/lefficacite-energetique\/\" \/>\n<meta property=\"og:site_name\" content=\"NESS W\u00e4rmetechnik\" \/>\n<meta property=\"article:modified_time\" content=\"2021-03-23T10:51:02+00:00\" \/>\n<meta name=\"twitter:card\" content=\"summary_large_image\" \/>\n<meta name=\"twitter:label1\" content=\"Dur\u00e9e de lecture estim\u00e9e\" \/>\n\t<meta name=\"twitter:data1\" content=\"3 minutes\" \/>\n<!-- \/ Yoast SEO Premium plugin. -->","yoast_head_json":{"title":"L'efficacit\u00e9 \u00e9nerg\u00e9tique pour une exploitation durable des installations - NESS W\u00e4rmetechnik","description":"Obtenir une meilleure efficacit\u00e9 des installations et de l'\u00e9nergie gr\u00e2ce \u00e0 une utilisation plus efficace des ressources. Laissez-nous vous conseiller \u00e0 ce sujet.","robots":{"index":"index","follow":"follow","max-snippet":"max-snippet:-1","max-image-preview":"max-image-preview:large","max-video-preview":"max-video-preview:-1"},"canonical":"https:\/\/ness.de\/fr\/lefficacite-energetique\/","og_locale":"fr_FR","og_type":"article","og_title":"L'efficacit\u00e9 \u00e9nerg\u00e9tique","og_description":"Obtenir une meilleure efficacit\u00e9 des installations et de l'\u00e9nergie gr\u00e2ce \u00e0 une utilisation plus efficace des ressources. Laissez-nous vous conseiller \u00e0 ce sujet.","og_url":"https:\/\/ness.de\/fr\/lefficacite-energetique\/","og_site_name":"NESS W\u00e4rmetechnik","article_modified_time":"2021-03-23T10:51:02+00:00","twitter_card":"summary_large_image","twitter_misc":{"Dur\u00e9e de lecture estim\u00e9e":"3 minutes"},"schema":{"@context":"https:\/\/schema.org","@graph":[{"@type":"WebPage","@id":"https:\/\/ness.de\/fr\/lefficacite-energetique\/","url":"https:\/\/ness.de\/fr\/lefficacite-energetique\/","name":"L'efficacit\u00e9 \u00e9nerg\u00e9tique pour une exploitation durable des installations - NESS W\u00e4rmetechnik","isPartOf":{"@id":"https:\/\/ness.de\/#website"},"datePublished":"2021-03-22T07:16:29+00:00","dateModified":"2021-03-23T10:51:02+00:00","description":"Obtenir une meilleure efficacit\u00e9 des installations et de l'\u00e9nergie gr\u00e2ce \u00e0 une utilisation plus efficace des ressources. Laissez-nous vous conseiller \u00e0 ce sujet.","breadcrumb":{"@id":"https:\/\/ness.de\/fr\/lefficacite-energetique\/#breadcrumb"},"inLanguage":"fr-FR","potentialAction":[{"@type":"ReadAction","target":["https:\/\/ness.de\/fr\/lefficacite-energetique\/"]}]},{"@type":"BreadcrumbList","@id":"https:\/\/ness.de\/fr\/lefficacite-energetique\/#breadcrumb","itemListElement":[{"@type":"ListItem","position":1,"name":"Startseite","item":"https:\/\/ness.de\/fr\/"},{"@type":"ListItem","position":2,"name":"L&rsquo;efficacit\u00e9 \u00e9nerg\u00e9tique"}]},{"@type":"WebSite","@id":"https:\/\/ness.de\/#website","url":"https:\/\/ness.de\/","name":"NESS W\u00e4rmetechnik","description":"The Process Heat Company","publisher":{"@id":"https:\/\/ness.de\/#organization"},"potentialAction":[{"@type":"SearchAction","target":{"@type":"EntryPoint","urlTemplate":"https:\/\/ness.de\/?s={search_term_string}"},"query-input":{"@type":"PropertyValueSpecification","valueRequired":true,"valueName":"search_term_string"}}],"inLanguage":"fr-FR"},{"@type":"Organization","@id":"https:\/\/ness.de\/#organization","name":"NESS W\u00e4rmetechnik GmbH","url":"https:\/\/ness.de\/","logo":{"@type":"ImageObject","inLanguage":"fr-FR","@id":"https:\/\/ness.de\/#\/schema\/logo\/image\/","url":"https:\/\/ness.de\/wp-content\/uploads\/2018\/06\/ness_logo_web-01.png","contentUrl":"https:\/\/ness.de\/wp-content\/uploads\/2018\/06\/ness_logo_web-01.png","width":492,"height":210,"caption":"NESS W\u00e4rmetechnik GmbH"},"image":{"@id":"https:\/\/ness.de\/#\/schema\/logo\/image\/"},"sameAs":["https:\/\/www.linkedin.com\/company\/12209647\/","https:\/\/www.youtube.com\/channel\/UCDhnohU-u-vr6G2SDUw0dbQ"]}]}},"_links":{"self":[{"href":"https:\/\/ness.de\/fr\/wp-json\/wp\/v2\/pages\/12284","targetHints":{"allow":["GET"]}}],"collection":[{"href":"https:\/\/ness.de\/fr\/wp-json\/wp\/v2\/pages"}],"about":[{"href":"https:\/\/ness.de\/fr\/wp-json\/wp\/v2\/types\/page"}],"author":[{"embeddable":true,"href":"https:\/\/ness.de\/fr\/wp-json\/wp\/v2\/users\/3"}],"replies":[{"embeddable":true,"href":"https:\/\/ness.de\/fr\/wp-json\/wp\/v2\/comments?post=12284"}],"version-history":[{"count":4,"href":"https:\/\/ness.de\/fr\/wp-json\/wp\/v2\/pages\/12284\/revisions"}],"predecessor-version":[{"id":13149,"href":"https:\/\/ness.de\/fr\/wp-json\/wp\/v2\/pages\/12284\/revisions\/13149"}],"wp:attachment":[{"href":"https:\/\/ness.de\/fr\/wp-json\/wp\/v2\/media?parent=12284"}],"curies":[{"name":"wp","href":"https:\/\/api.w.org\/{rel}","templated":true}]}}