{"id":12245,"date":"2021-03-19T15:09:29","date_gmt":"2021-03-19T14:09:29","guid":{"rendered":"https:\/\/www.ness.de\/ingenierie-electronique\/"},"modified":"2021-03-23T10:55:31","modified_gmt":"2021-03-23T09:55:31","slug":"ingenierie-electronique","status":"publish","type":"page","link":"https:\/\/ness.de\/fr\/ingenierie-electronique\/","title":{"rendered":"Ing\u00e9nierie \u00e9lectronique"},"content":{"rendered":"<section  class='av_textblock_section av-jikbywl1-59eb46e57a41fca6bbe75c10c01e1820 '   itemscope=\"itemscope\" itemtype=\"https:\/\/schema.org\/CreativeWork\" ><div class='avia_textblock'  itemprop=\"text\" ><h1 class=\"r\" style=\"text-align: center;\">Elektroengineering<\/h1>\n<h2 style=\"text-align: center;\">Schaltschrankbau &#038; Automatisierungstechnik<\/h2>\n<\/div><\/section>\n\n<style type=\"text\/css\" data-created_by=\"avia_inline_auto\" id=\"style-css-av-jikjuuzc-358eb38c012e01cf052584db60adfad7\">\n#top .hr.hr-invisible.av-jikjuuzc-358eb38c012e01cf052584db60adfad7{\nheight:30px;\n}\n<\/style>\n<div  class='hr av-jikjuuzc-358eb38c012e01cf052584db60adfad7 hr-invisible  avia-builder-el-1  el_after_av_textblock  el_before_av_image '><span class='hr-inner '><span class=\"hr-inner-style\"><\/span><\/span><\/div>\n\n<style type=\"text\/css\" data-created_by=\"avia_inline_auto\" id=\"style-css-av-jikctntd-08868e36ae79fad4f41156cb7f48c91a\">\n.avia-image-container.av-jikctntd-08868e36ae79fad4f41156cb7f48c91a img.avia_image{\nbox-shadow:none;\n}\n.avia-image-container.av-jikctntd-08868e36ae79fad4f41156cb7f48c91a .av-image-caption-overlay-center{\ncolor:#ffffff;\n}\n<\/style>\n<div  class='avia-image-container av-jikctntd-08868e36ae79fad4f41156cb7f48c91a av-styling- avia-align-center  avia-builder-el-2  el_after_av_hr  el_before_av_section  avia-builder-el-last '   itemprop=\"image\" itemscope=\"itemscope\" itemtype=\"https:\/\/schema.org\/ImageObject\" ><div class=\"avia-image-container-inner\"><div class=\"avia-image-overlay-wrap\"><img decoding=\"async\" fetchpriority=\"high\" class='wp-image-12234 avia-img-lazy-loading-not-12234 avia_image ' src=\"https:\/\/ness.de\/wp-content\/uploads\/2019\/10\/slider-electric-engineering-1210x423.jpg\" alt='' title='slider-electric-engineering'  height=\"423\" width=\"1210\"  itemprop=\"thumbnailUrl\"  \/><\/div><\/div><\/div>\n<\/div><\/div><\/div><!-- close content main div --><\/div><\/div><div id='av_section_1'  class='avia-section av-63tsp-f56bc69621f462b60ff782c47dd8762c main_color avia-section-default avia-no-border-styling  avia-builder-el-3  el_after_av_image  el_before_av_section  avia-bg-style-scroll container_wrap sidebar_right'  ><div class='container av-section-cont-open' ><div class='template-page content  av-content-small alpha units'><div class='post-entry post-entry-type-page post-entry-12245'><div class='entry-content-wrapper clearfix'>\n\n<style type=\"text\/css\" data-created_by=\"avia_inline_auto\" id=\"style-css-av-1jyeqh-4ef1e849578942577eecfb0c99ac3f6d\">\n.flex_column.av-1jyeqh-4ef1e849578942577eecfb0c99ac3f6d{\nborder-radius:0px 0px 0px 0px;\npadding:0px 0px 0px 0px;\n}\n<\/style>\n<div  class='flex_column av-1jyeqh-4ef1e849578942577eecfb0c99ac3f6d av_one_half  avia-builder-el-4  el_before_av_one_half  avia-builder-el-first  first flex_column_div av-zero-column-padding  '     ><section  class='av_textblock_section av-jikc530y-fbf7e560c6b6e522145385effc680a03 '   itemscope=\"itemscope\" itemtype=\"https:\/\/schema.org\/CreativeWork\" ><div class='avia_textblock'  itemprop=\"text\" ><h2>Schaltschrankbau &#038; Automatisierungstechnik<\/h2>\n<p>Zu unseren Anlagen oder Modull\u00f6sungen liefern wir f\u00fcr Sie auch die passende Elektrotechnik. Dies kann von einem kompakten Klemmenkasten \u00fcber eine konventionelle Hardwaresteuerung bis hin zu einem komplexen, klimatisierten Schaltschrank mit SPS-Steuerung (Siemens oder Allen-Bradley) mit Fernwartungsm\u00f6glichkeit reichen.<\/p>\n<p>Die Planung erfolgt kunden- und anwendungsspezifisch, wobei die M\u00f6glichkeit zuk\u00fcnftiger Erweiterungen stets mit bedacht wird. Der Schaltschrankbau und die SPS-Programmierung erfolgt in aller Regel in unserem Haus durch eigenes Fachpersonal. Durch die enge Abstimmung mit unseren Ingenieuren aus der Verfahrenstechnik sind Sicherheit und Funktionalit\u00e4t der Anlage gew\u00e4hrleistet.<\/p>\n<\/div><\/section><br \/>\n\n<style type=\"text\/css\" data-created_by=\"avia_inline_auto\" id=\"style-css-av-jlmb50uc-f42dd0d044cd6c9c7f8a51dc003489e1\">\n#top .hr.hr-invisible.av-jlmb50uc-f42dd0d044cd6c9c7f8a51dc003489e1{\nheight:30px;\n}\n<\/style>\n<div  class='hr av-jlmb50uc-f42dd0d044cd6c9c7f8a51dc003489e1 hr-invisible  avia-builder-el-6  el_after_av_textblock  el_before_av_image '><span class='hr-inner '><span class=\"hr-inner-style\"><\/span><\/span><\/div><br \/>\n\n<style type=\"text\/css\" data-created_by=\"avia_inline_auto\" id=\"style-css-av-jkiekyt5-1f11ab8d871fa962a9d0d6e298072cc2\">\n.avia-image-container.av-jkiekyt5-1f11ab8d871fa962a9d0d6e298072cc2 img.avia_image{\nbox-shadow:none;\n}\n.avia-image-container.av-jkiekyt5-1f11ab8d871fa962a9d0d6e298072cc2 .av-image-caption-overlay-center{\ncolor:#ffffff;\n}\n<\/style>\n<div  class='avia-image-container av-jkiekyt5-1f11ab8d871fa962a9d0d6e298072cc2 av-styling- avia_animated_image av-animated-when-visible-95 top-to-bottom avia-align-center  avia-builder-el-7  el_after_av_hr  avia-builder-el-last '   itemprop=\"image\" itemscope=\"itemscope\" itemtype=\"https:\/\/schema.org\/ImageObject\" ><div class=\"avia-image-container-inner\"><div class=\"avia-image-overlay-wrap\"><img decoding=\"async\" fetchpriority=\"high\" class='wp-image-12248 avia-img-lazy-loading-not-12248 avia_image ' src=\"https:\/\/ness.de\/wp-content\/uploads\/2019\/10\/slider-electric-engineering-working-1030x328.jpg\" alt='' title='slider-electric-engineering-working'  height=\"328\" width=\"1030\"  itemprop=\"thumbnailUrl\" srcset=\"https:\/\/ness.de\/wp-content\/uploads\/2019\/10\/slider-electric-engineering-working-1030x328.jpg 1030w, https:\/\/ness.de\/wp-content\/uploads\/2019\/10\/slider-electric-engineering-working-300x95.jpg 300w, https:\/\/ness.de\/wp-content\/uploads\/2019\/10\/slider-electric-engineering-working-768x244.jpg 768w, https:\/\/ness.de\/wp-content\/uploads\/2019\/10\/slider-electric-engineering-working-1500x477.jpg 1500w, https:\/\/ness.de\/wp-content\/uploads\/2019\/10\/slider-electric-engineering-working-705x224.jpg 705w, https:\/\/ness.de\/wp-content\/uploads\/2019\/10\/slider-electric-engineering-working-450x143.jpg 450w\" sizes=\"(max-width: 1030px) 100vw, 1030px\" \/><\/div><\/div><\/div><\/p><\/div>\n<style type=\"text\/css\" data-created_by=\"avia_inline_auto\" id=\"style-css-av-51gmh-4d29f50bc90b046fadb23c23e6e0397c\">\n.flex_column.av-51gmh-4d29f50bc90b046fadb23c23e6e0397c{\nborder-radius:0px 0px 0px 0px;\npadding:0px 0px 0px 0px;\n}\n<\/style>\n<div  class='flex_column av-51gmh-4d29f50bc90b046fadb23c23e6e0397c av_one_half  avia-builder-el-8  el_after_av_one_half  avia-builder-el-last  flex_column_div av-zero-column-padding  '     ><style type=\"text\/css\" data-created_by=\"avia_inline_auto\" id=\"style-css-av-jikcduf3-29830bf4348b785f4873b87506a36ea5\">\n#top .avia-icon-list-container.av-jikcduf3-29830bf4348b785f4873b87506a36ea5 .iconlist_icon{\ncolor:#e1081a;\nbackground-color:#ffffff;\nborder:1px solid #e1081a;\n}\n#top .avia-icon-list-container.av-jikcduf3-29830bf4348b785f4873b87506a36ea5 .iconlist_icon svg:first-child{\nstroke:#e1081a;\nfill:#e1081a;\n}\n<\/style>\n<div  class='avia-icon-list-container av-jikcduf3-29830bf4348b785f4873b87506a36ea5  avia-builder-el-9  avia-builder-el-no-sibling '><ul class='avia-icon-list avia_animate_when_almost_visible avia-icon-list-left av-iconlist-big av-jikcduf3-29830bf4348b785f4873b87506a36ea5 avia-iconlist-animate'>\n<li><div class='iconlist_icon av-6tz9ft-0cef61bf25ebbbb7a8b387d9cd5cd493 avia-font-entypo-fontello avia-iconfont avia-font-entypo-fontello'><span class='av-icon-char' data-av_icon='\ue803' data-av_iconfont='entypo-fontello' aria-hidden=\"true\"><\/span><\/div><article class=\"article-icon-entry \"  itemscope=\"itemscope\" itemtype=\"https:\/\/schema.org\/CreativeWork\" ><div class=\"iconlist_content_wrap\"><header class=\"entry-content-header\" aria-label=\"Ic\u00f4ne : Transparence pour votre processus\"><h4 class='av_iconlist_title iconlist_title  '  itemprop=\"headline\" >Transparence pour votre processus<\/h4><\/header><div class='iconlist_content '  itemprop=\"text\" ><p>D\u00e9roulement optimal du processus. Vous avez le contr\u00f4le sur tous les param\u00e8tres<\/p>\n<\/div><\/div><footer class=\"entry-footer\"><\/footer><\/article><div class=\"iconlist-timeline\"><\/div><\/li>\n<li><div class='iconlist_icon av-6fvaeh-28ab2fc37a35f408d8e9e911a0a54154 avia-font-entypo-fontello avia-iconfont avia-font-entypo-fontello'><span class='av-icon-char' data-av_icon='\ue841' data-av_iconfont='entypo-fontello' aria-hidden=\"true\"><\/span><\/div><article class=\"article-icon-entry \"  itemscope=\"itemscope\" itemtype=\"https:\/\/schema.org\/CreativeWork\" ><div class=\"iconlist_content_wrap\"><header class=\"entry-content-header\" aria-label=\"Ic\u00f4ne : P\u00e9rennit\u00e9 technologique\"><h4 class='av_iconlist_title iconlist_title  '  itemprop=\"headline\" >P\u00e9rennit\u00e9 technologique<\/h4><\/header><div class='iconlist_content '  itemprop=\"text\" ><p>Technique \u00e0 l&rsquo;\u00e9preuve du temps et extensibilit\u00e9 modulaire<\/p>\n<\/div><\/div><footer class=\"entry-footer\"><\/footer><\/article><div class=\"iconlist-timeline\"><\/div><\/li>\n<li><div class='iconlist_icon av-4ttqmx-7b0a5b97451450d57b1b66a92292f46f avia-font-entypo-fontello avia-iconfont avia-font-entypo-fontello'><span class='av-icon-char' data-av_icon='\ue821' data-av_iconfont='entypo-fontello' aria-hidden=\"true\"><\/span><\/div><article class=\"article-icon-entry \"  itemscope=\"itemscope\" itemtype=\"https:\/\/schema.org\/CreativeWork\" ><div class=\"iconlist_content_wrap\"><header class=\"entry-content-header\" aria-label=\"Ic\u00f4ne : Nous nous occupons de tout\"><h4 class='av_iconlist_title iconlist_title  '  itemprop=\"headline\" >Nous nous occupons de tout<\/h4><\/header><div class='iconlist_content '  itemprop=\"text\" ><p>De l&rsquo;\u00e9tude du projet, du mat\u00e9riel et du logiciel<\/p>\n<\/div><\/div><footer class=\"entry-footer\"><\/footer><\/article><div class=\"iconlist-timeline\"><\/div><\/li>\n<li><div class='iconlist_icon av-2fiyi1-1eeb11d95ef5d49cc6ea7dba700f114b avia-font-entypo-fontello avia-iconfont avia-font-entypo-fontello'><span class='av-icon-char' data-av_icon='\ue824' data-av_iconfont='entypo-fontello' aria-hidden=\"true\"><\/span><\/div><article class=\"article-icon-entry \"  itemscope=\"itemscope\" itemtype=\"https:\/\/schema.org\/CreativeWork\" ><div class=\"iconlist_content_wrap\"><header class=\"entry-content-header\" aria-label=\"Ic\u00f4ne : S\u00e9curit\u00e9\"><h4 class='av_iconlist_title iconlist_title  '  itemprop=\"headline\" >S\u00e9curit\u00e9<\/h4><\/header><div class='iconlist_content '  itemprop=\"text\" ><p>Les param\u00e8tres importants sont prot\u00e9g\u00e9s par mot de passe et, si n\u00e9cessaire, assignables<\/p>\n<\/div><\/div><footer class=\"entry-footer\"><\/footer><\/article><div class=\"iconlist-timeline\"><\/div><\/li>\n<\/ul><\/div><\/div>\n\n<\/div><\/div><\/div><!-- close content main div --><\/div><\/div>\n<style type=\"text\/css\" data-created_by=\"avia_inline_auto\" id=\"style-css-av-jiectw21-2a7c1acc9437bc0a7b26a1c5d0283b97\">\n.avia-section.av-jiectw21-2a7c1acc9437bc0a7b26a1c5d0283b97 .av-parallax .av-parallax-inner{\nbackground-repeat:no-repeat;\nbackground-image:url(https:\/\/ness.de\/wp-content\/uploads\/2018\/06\/Fa.jpg);\nbackground-position:50% 50%;\nbackground-attachment:scroll;\n}\n.avia-section.av-jiectw21-2a7c1acc9437bc0a7b26a1c5d0283b97 .av-section-color-overlay{\nopacity:0.6;\nbackground-color:#e1081a;\n}\n<\/style>\n<div id='av_section_2'  class='avia-section av-jiectw21-2a7c1acc9437bc0a7b26a1c5d0283b97 main_color avia-section-small avia-no-border-styling  avia-builder-el-10  el_after_av_section  avia-builder-el-last  avia-full-stretch av-parallax-section avia-bg-style-parallax av-section-color-overlay-active container_wrap sidebar_right'  data-section-bg-repeat='stretch'><div class='av-parallax' data-avia-parallax-ratio='0.3' ><div class='av-parallax-inner main_color avia-full-stretch'><\/div><\/div><div class=\"av-section-color-overlay-wrap\"><div class=\"av-section-color-overlay\"><\/div><div class='container av-section-cont-open' ><div class='template-page content  av-content-small alpha units'><div class='post-entry post-entry-type-page post-entry-12245'><div class='entry-content-wrapper clearfix'>\n<div class='flex_column_table av-1fv7w-72109d7d6aa661a72fe9f6f5d292193b sc-av_two_third av-equal-height-column-flextable'>\n<style type=\"text\/css\" data-created_by=\"avia_inline_auto\" id=\"style-css-av-1fv7w-72109d7d6aa661a72fe9f6f5d292193b\">\n.flex_column.av-1fv7w-72109d7d6aa661a72fe9f6f5d292193b{\nborder-radius:0px 0px 0px 0px;\npadding:0px 0px 0px 0px;\n}\n<\/style>\n<div  class='flex_column av-1fv7w-72109d7d6aa661a72fe9f6f5d292193b av_two_third  avia-builder-el-11  el_before_av_one_third  avia-builder-el-first  first flex_column_table_cell av-equal-height-column av-align-middle av-zero-column-padding  '     ><style type=\"text\/css\" data-created_by=\"avia_inline_auto\" id=\"style-css-av-8kehk-8b94b34623eb7128181c4dae9e6665ce\">\n#top .av-special-heading.av-8kehk-8b94b34623eb7128181c4dae9e6665ce{\nmargin:3% 3% 3% 3%;\npadding-bottom:10px;\ncolor:#ffffff;\n}\nbody .av-special-heading.av-8kehk-8b94b34623eb7128181c4dae9e6665ce .av-special-heading-tag .heading-char{\nfont-size:25px;\n}\n.av-special-heading.av-8kehk-8b94b34623eb7128181c4dae9e6665ce .special-heading-inner-border{\nborder-color:#ffffff;\n}\n.av-special-heading.av-8kehk-8b94b34623eb7128181c4dae9e6665ce .av-subheading{\nfont-size:15px;\n}\n<\/style>\n<div  class='av-special-heading av-8kehk-8b94b34623eb7128181c4dae9e6665ce av-special-heading-h1 custom-color-heading blockquote modern-quote  avia-builder-el-12  avia-builder-el-no-sibling '><h1 class='av-special-heading-tag '  itemprop=\"headline\"  >Notre longue exp\u00e9rience et notre politique de d\u00e9veloppement continu nous ont permis de concevoir une multiplicit\u00e9 de solutions pour la plupart des secteurs<\/h1><div class=\"special-heading-border\"><div class=\"special-heading-inner-border\"><\/div><\/div><\/div><\/div><div class='av-flex-placeholder'><\/div>\n<style type=\"text\/css\" data-created_by=\"avia_inline_auto\" id=\"style-css-av-14tx4-daf164164c2dc4340ffbc8fa80586ed5\">\n.flex_column.av-14tx4-daf164164c2dc4340ffbc8fa80586ed5{\nborder-radius:0px 0px 0px 0px;\npadding:0px 0px 0px 0px;\n}\n<\/style>\n<div  class='flex_column av-14tx4-daf164164c2dc4340ffbc8fa80586ed5 av_one_third  avia-builder-el-13  el_after_av_two_third  avia-builder-el-last  flex_column_table_cell av-equal-height-column av-align-middle av-zero-column-padding  '     ><div  class='avia-button-wrap av-jiecxirw-8269a03ac18de84192d00af056952a40-wrap avia-button-left  avia-builder-el-14  avia-builder-el-no-sibling '><a href='https:\/\/ness.de\/kontakt\/'  class='avia-button av-jiecxirw-8269a03ac18de84192d00af056952a40 av-link-btn avia-icon_select-no avia-size-large avia-position-left avia-color-light'   aria-label=\"Prendre contact maintenant\"><span class='avia_iconbox_title' >Prendre contact maintenant<\/span><\/a><\/div><\/div><\/div><!--close column table wrapper. Autoclose: 1 -->\n<\/div><\/div><\/div><!-- close content main div --><\/div><\/div><\/div><div id='after_section_2'  class='main_color av_default_container_wrap container_wrap sidebar_right'  ><div class='container av-section-cont-open' ><div class='template-page content  av-content-small alpha units'><div class='post-entry post-entry-type-page post-entry-12245'><div class='entry-content-wrapper clearfix'>\n","protected":false},"excerpt":{"rendered":"","protected":false},"author":3,"featured_media":0,"parent":0,"menu_order":0,"comment_status":"closed","ping_status":"closed","template":"","meta":{"footnotes":""},"class_list":["post-12245","page","type-page","status-publish","hentry"],"yoast_head":"<!-- This site is optimized with the Yoast SEO Premium plugin v27.4 (Yoast SEO v27.4) - https:\/\/yoast.com\/product\/yoast-seo-premium-wordpress\/ -->\n<title>Ing\u00e9nierie \u00e9lectronique d&#039;une source unique - NESS W\u00e4rmetechnik<\/title>\n<meta name=\"description\" content=\"Nous vous livrons aussi la technique \u00e9lectronique qui va avec nos installations et nos solutions modulaires.\" \/>\n<meta name=\"robots\" content=\"index, follow, max-snippet:-1, max-image-preview:large, max-video-preview:-1\" \/>\n<link rel=\"canonical\" href=\"https:\/\/ness.de\/fr\/ingenierie-electronique\/\" \/>\n<meta property=\"og:locale\" content=\"fr_FR\" \/>\n<meta property=\"og:type\" content=\"article\" \/>\n<meta property=\"og:title\" content=\"Ing\u00e9nierie \u00e9lectronique\" \/>\n<meta property=\"og:description\" content=\"Nous vous livrons aussi la technique \u00e9lectronique qui va avec nos installations et nos solutions modulaires.\" \/>\n<meta property=\"og:url\" content=\"https:\/\/ness.de\/fr\/ingenierie-electronique\/\" \/>\n<meta property=\"og:site_name\" content=\"NESS W\u00e4rmetechnik\" \/>\n<meta property=\"article:modified_time\" content=\"2021-03-23T09:55:31+00:00\" \/>\n<meta name=\"twitter:card\" content=\"summary_large_image\" \/>\n<meta name=\"twitter:label1\" content=\"Dur\u00e9e de lecture estim\u00e9e\" \/>\n\t<meta name=\"twitter:data1\" content=\"3 minutes\" \/>\n<!-- \/ Yoast SEO Premium plugin. -->","yoast_head_json":{"title":"Ing\u00e9nierie \u00e9lectronique d'une source unique - NESS W\u00e4rmetechnik","description":"Nous vous livrons aussi la technique \u00e9lectronique qui va avec nos installations et nos solutions modulaires.","robots":{"index":"index","follow":"follow","max-snippet":"max-snippet:-1","max-image-preview":"max-image-preview:large","max-video-preview":"max-video-preview:-1"},"canonical":"https:\/\/ness.de\/fr\/ingenierie-electronique\/","og_locale":"fr_FR","og_type":"article","og_title":"Ing\u00e9nierie \u00e9lectronique","og_description":"Nous vous livrons aussi la technique \u00e9lectronique qui va avec nos installations et nos solutions modulaires.","og_url":"https:\/\/ness.de\/fr\/ingenierie-electronique\/","og_site_name":"NESS W\u00e4rmetechnik","article_modified_time":"2021-03-23T09:55:31+00:00","twitter_card":"summary_large_image","twitter_misc":{"Dur\u00e9e de lecture estim\u00e9e":"3 minutes"},"schema":{"@context":"https:\/\/schema.org","@graph":[{"@type":"WebPage","@id":"https:\/\/ness.de\/fr\/ingenierie-electronique\/","url":"https:\/\/ness.de\/fr\/ingenierie-electronique\/","name":"Ing\u00e9nierie \u00e9lectronique d'une source unique - NESS W\u00e4rmetechnik","isPartOf":{"@id":"https:\/\/ness.de\/#website"},"datePublished":"2021-03-19T14:09:29+00:00","dateModified":"2021-03-23T09:55:31+00:00","description":"Nous vous livrons aussi la technique \u00e9lectronique qui va avec nos installations et nos solutions modulaires.","breadcrumb":{"@id":"https:\/\/ness.de\/fr\/ingenierie-electronique\/#breadcrumb"},"inLanguage":"fr-FR","potentialAction":[{"@type":"ReadAction","target":["https:\/\/ness.de\/fr\/ingenierie-electronique\/"]}]},{"@type":"BreadcrumbList","@id":"https:\/\/ness.de\/fr\/ingenierie-electronique\/#breadcrumb","itemListElement":[{"@type":"ListItem","position":1,"name":"Startseite","item":"https:\/\/ness.de\/fr\/"},{"@type":"ListItem","position":2,"name":"Ing\u00e9nierie \u00e9lectronique"}]},{"@type":"WebSite","@id":"https:\/\/ness.de\/#website","url":"https:\/\/ness.de\/","name":"NESS W\u00e4rmetechnik","description":"The Process Heat Company","publisher":{"@id":"https:\/\/ness.de\/#organization"},"potentialAction":[{"@type":"SearchAction","target":{"@type":"EntryPoint","urlTemplate":"https:\/\/ness.de\/?s={search_term_string}"},"query-input":{"@type":"PropertyValueSpecification","valueRequired":true,"valueName":"search_term_string"}}],"inLanguage":"fr-FR"},{"@type":"Organization","@id":"https:\/\/ness.de\/#organization","name":"NESS W\u00e4rmetechnik GmbH","url":"https:\/\/ness.de\/","logo":{"@type":"ImageObject","inLanguage":"fr-FR","@id":"https:\/\/ness.de\/#\/schema\/logo\/image\/","url":"https:\/\/ness.de\/wp-content\/uploads\/2018\/06\/ness_logo_web-01.png","contentUrl":"https:\/\/ness.de\/wp-content\/uploads\/2018\/06\/ness_logo_web-01.png","width":492,"height":210,"caption":"NESS W\u00e4rmetechnik GmbH"},"image":{"@id":"https:\/\/ness.de\/#\/schema\/logo\/image\/"},"sameAs":["https:\/\/www.linkedin.com\/company\/12209647\/","https:\/\/www.youtube.com\/channel\/UCDhnohU-u-vr6G2SDUw0dbQ"]}]}},"_links":{"self":[{"href":"https:\/\/ness.de\/fr\/wp-json\/wp\/v2\/pages\/12245","targetHints":{"allow":["GET"]}}],"collection":[{"href":"https:\/\/ness.de\/fr\/wp-json\/wp\/v2\/pages"}],"about":[{"href":"https:\/\/ness.de\/fr\/wp-json\/wp\/v2\/types\/page"}],"author":[{"embeddable":true,"href":"https:\/\/ness.de\/fr\/wp-json\/wp\/v2\/users\/3"}],"replies":[{"embeddable":true,"href":"https:\/\/ness.de\/fr\/wp-json\/wp\/v2\/comments?post=12245"}],"version-history":[{"count":4,"href":"https:\/\/ness.de\/fr\/wp-json\/wp\/v2\/pages\/12245\/revisions"}],"predecessor-version":[{"id":13133,"href":"https:\/\/ness.de\/fr\/wp-json\/wp\/v2\/pages\/12245\/revisions\/13133"}],"wp:attachment":[{"href":"https:\/\/ness.de\/fr\/wp-json\/wp\/v2\/media?parent=12245"}],"curies":[{"name":"wp","href":"https:\/\/api.w.org\/{rel}","templated":true}]}}