{"id":12229,"date":"2021-03-19T11:55:14","date_gmt":"2021-03-19T10:55:14","guid":{"rendered":"https:\/\/www.ness.de\/ingenierie\/"},"modified":"2021-03-23T10:41:12","modified_gmt":"2021-03-23T09:41:12","slug":"ingenierie","status":"publish","type":"page","link":"https:\/\/ness.de\/fr\/ingenierie\/","title":{"rendered":"Ing\u00e9nierie"},"content":{"rendered":"<div id='av_section_1'  class='avia-section av-1gavql-8abcb9d330ab6d2b33ece83eb8c7389f main_color avia-section-default avia-no-border-styling  avia-builder-el-0  el_before_av_section  avia-builder-el-first  avia-bg-style-scroll container_wrap sidebar_right'  ><div class='container av-section-cont-open' ><main  role=\"main\" itemprop=\"mainContentOfPage\"  class='template-page content  av-content-small alpha units'><div class='post-entry post-entry-type-page post-entry-12229'><div class='entry-content-wrapper clearfix'>\n\n<style type=\"text\/css\" data-created_by=\"avia_inline_auto\" id=\"style-css-av-eq34d-7ae0cb4c930f7664d44caf7eefc7154f\">\n.flex_column.av-eq34d-7ae0cb4c930f7664d44caf7eefc7154f{\nborder-radius:0px 0px 0px 0px;\npadding:0px 0px 0px 0px;\n}\n<\/style>\n<div  class='flex_column av-eq34d-7ae0cb4c930f7664d44caf7eefc7154f av_one_full  avia-builder-el-1  avia-builder-el-no-sibling  first flex_column_div av-zero-column-padding  '     ><section  class='av_textblock_section av-jikdh1yt-114f873a96e6bd94323829524cb25617 '   itemscope=\"itemscope\" itemtype=\"https:\/\/schema.org\/CreativeWork\" ><div class='avia_textblock'  itemprop=\"text\" ><h1 class=\"headline font-inherit fontsize-xxxl fontweight-300 lh-12 align-center transform-inherit \" style=\"text-align: center;\">NESS Ing\u00e9nierie<\/h1>\n<p style=\"text-align: center;\">Notre secteur Ing\u00e9nierie compte 20 ing\u00e9nieurs hautement qualifi\u00e9s et motiv\u00e9s, qui sont issus de tous les domaines de la technique. Ils travaillent sur des solutions fonctionnelles pour nos clients \u00e0 travers le globe.<\/p>\n<\/div><\/section><\/div>\n\n<\/div><\/div><\/main><!-- close content main element --><\/div><\/div><div id='av_section_2'  class='avia-section av-15zig-1b82593d1a9165ece3a1bbdb47054958 main_color avia-section-default avia-no-border-styling  avia-builder-el-3  el_after_av_section  el_before_av_section  avia-bg-style-scroll container_wrap sidebar_right'  ><div class='container av-section-cont-open' ><div class='template-page content  av-content-small alpha units'><div class='post-entry post-entry-type-page post-entry-12229'><div class='entry-content-wrapper clearfix'>\n\n<style type=\"text\/css\" data-created_by=\"avia_inline_auto\" id=\"style-css-av-15hx4-d1ab8bab3a208348928395a8e08bc7a0\">\n.flex_column.av-15hx4-d1ab8bab3a208348928395a8e08bc7a0{\nborder-radius:0px 0px 0px 0px;\npadding:0px 0px 0px 0px;\n}\n<\/style>\n<div  class='flex_column av-15hx4-d1ab8bab3a208348928395a8e08bc7a0 av_one_half  avia-builder-el-4  el_before_av_one_half  avia-builder-el-first  first flex_column_div av-zero-column-padding  '     ><p>\n<style type=\"text\/css\" data-created_by=\"avia_inline_auto\" id=\"style-css-av-jikdn9sx-bd34526fa80295082280d27d33ef2d00\">\n.avia-image-container.av-jikdn9sx-bd34526fa80295082280d27d33ef2d00 img.avia_image{\nbox-shadow:none;\n}\n.avia-image-container.av-jikdn9sx-bd34526fa80295082280d27d33ef2d00 .av-image-caption-overlay-center{\ncolor:#ffffff;\n}\n<\/style>\n<div  class='avia-image-container av-jikdn9sx-bd34526fa80295082280d27d33ef2d00 av-styling- av-img-linked avia_animated_image av-animated-when-visible-95 top-to-bottom avia-align-center  avia-builder-el-5  el_before_av_textblock  avia-builder-el-first '   itemprop=\"image\" itemscope=\"itemscope\" itemtype=\"https:\/\/schema.org\/ImageObject\" ><div class=\"avia-image-container-inner\"><div class=\"avia-image-overlay-wrap\"><a href=\"https:\/\/ness.de\/anlagenplanung\/\" class='avia_image '  aria-label='slider-plant-planning'><img decoding=\"async\" fetchpriority=\"high\" class='wp-image-12235 avia-img-lazy-loading-not-12235 avia_image ' src=\"https:\/\/ness.de\/wp-content\/uploads\/2019\/10\/slider-plant-planning-1030x328.jpg\" alt='' title='slider-plant-planning'  height=\"328\" width=\"1030\"  itemprop=\"thumbnailUrl\" srcset=\"https:\/\/ness.de\/wp-content\/uploads\/2019\/10\/slider-plant-planning-1030x328.jpg 1030w, https:\/\/ness.de\/wp-content\/uploads\/2019\/10\/slider-plant-planning-300x95.jpg 300w, https:\/\/ness.de\/wp-content\/uploads\/2019\/10\/slider-plant-planning-768x244.jpg 768w, https:\/\/ness.de\/wp-content\/uploads\/2019\/10\/slider-plant-planning-1500x477.jpg 1500w, https:\/\/ness.de\/wp-content\/uploads\/2019\/10\/slider-plant-planning-705x224.jpg 705w, https:\/\/ness.de\/wp-content\/uploads\/2019\/10\/slider-plant-planning-450x143.jpg 450w\" sizes=\"(max-width: 1030px) 100vw, 1030px\" \/><\/a><\/div><\/div><\/div><br \/>\n<section  class='av_textblock_section av-jikdoqqu-4afad660e34944fc43ef389c8db1660a '   itemscope=\"itemscope\" itemtype=\"https:\/\/schema.org\/CreativeWork\" ><div class='avia_textblock'  itemprop=\"text\" ><h2>\u00c9tude de projet d&rsquo;installations<\/h2>\n<p>De l&rsquo;id\u00e9e \u00e0 l&rsquo;installation finie<\/p>\n<\/div><\/section><br \/>\n<div  class='avia-button-wrap av-jikdprvg-3cf771ce35832e1e6e2065b8a2393957-wrap avia-button-left  avia-builder-el-7  el_after_av_textblock  avia-builder-el-last '><a href='https:\/\/ness.de\/anlagenplanung\/'  class='avia-button av-jikdprvg-3cf771ce35832e1e6e2065b8a2393957 av-link-btn avia-icon_select-no avia-size-large avia-position-left avia-color-theme-color'   aria-label=\"\u00c9tude de projet d\u2019installations\"><span class='avia_iconbox_title' >\u00c9tude de projet d\u2019installations<\/span><\/a><\/div><\/p><\/div>\n<style type=\"text\/css\" data-created_by=\"avia_inline_auto\" id=\"style-css-av-15hx4-c68297fc3dad84f5e0c7fb5ecac814cb\">\n.flex_column.av-15hx4-c68297fc3dad84f5e0c7fb5ecac814cb{\nborder-radius:0px 0px 0px 0px;\npadding:0px 0px 0px 0px;\n}\n<\/style>\n<div  class='flex_column av-15hx4-c68297fc3dad84f5e0c7fb5ecac814cb av_one_half  avia-builder-el-8  el_after_av_one_half  avia-builder-el-last  flex_column_div av-zero-column-padding  '     ><p>\n<style type=\"text\/css\" data-created_by=\"avia_inline_auto\" id=\"style-css-av-jikdn9sx-3575e6b0f68262c6ce9cadddd2b12149\">\n.avia-image-container.av-jikdn9sx-3575e6b0f68262c6ce9cadddd2b12149 img.avia_image{\nbox-shadow:none;\n}\n.avia-image-container.av-jikdn9sx-3575e6b0f68262c6ce9cadddd2b12149 .av-image-caption-overlay-center{\ncolor:#ffffff;\n}\n<\/style>\n<div  class='avia-image-container av-jikdn9sx-3575e6b0f68262c6ce9cadddd2b12149 av-styling- av-img-linked avia_animated_image av-animated-when-visible-95 top-to-bottom avia-align-center  avia-builder-el-9  el_before_av_textblock  avia-builder-el-first '   itemprop=\"image\" itemscope=\"itemscope\" itemtype=\"https:\/\/schema.org\/ImageObject\" ><div class=\"avia-image-container-inner\"><div class=\"avia-image-overlay-wrap\"><a href=\"https:\/\/ness.de\/elektroengineering\/\" class='avia_image '  aria-label='slider-electric-engineering'><img decoding=\"async\" fetchpriority=\"high\" class='wp-image-12234 avia-img-lazy-loading-not-12234 avia_image ' src=\"https:\/\/ness.de\/wp-content\/uploads\/2019\/10\/slider-electric-engineering-1030x328.jpg\" alt='' title='slider-electric-engineering'  height=\"328\" width=\"1030\"  itemprop=\"thumbnailUrl\" srcset=\"https:\/\/ness.de\/wp-content\/uploads\/2019\/10\/slider-electric-engineering-1030x328.jpg 1030w, https:\/\/ness.de\/wp-content\/uploads\/2019\/10\/slider-electric-engineering-300x95.jpg 300w, https:\/\/ness.de\/wp-content\/uploads\/2019\/10\/slider-electric-engineering-768x244.jpg 768w, https:\/\/ness.de\/wp-content\/uploads\/2019\/10\/slider-electric-engineering-1500x477.jpg 1500w, https:\/\/ness.de\/wp-content\/uploads\/2019\/10\/slider-electric-engineering-705x224.jpg 705w, https:\/\/ness.de\/wp-content\/uploads\/2019\/10\/slider-electric-engineering-450x143.jpg 450w\" sizes=\"(max-width: 1030px) 100vw, 1030px\" \/><\/a><\/div><\/div><\/div><br \/>\n<section  class='av_textblock_section av-jikdoqqu-4afad660e34944fc43ef389c8db1660a '   itemscope=\"itemscope\" itemtype=\"https:\/\/schema.org\/CreativeWork\" ><div class='avia_textblock'  itemprop=\"text\" ><h2>Ing\u00e9nierie \u00e9lectronique<\/h2>\n<p>Construction d&rsquo;armoires \u00e9lectriques et technique des syst\u00e8mes<\/p>\n<\/div><\/section><br \/>\n<div  class='avia-button-wrap av-jikdprvg-04754fec3e2ad81eaec826b1b310c4c7-wrap avia-button-left  avia-builder-el-11  el_after_av_textblock  avia-builder-el-last '><a href='https:\/\/ness.de\/elektroengineering\/'  class='avia-button av-jikdprvg-04754fec3e2ad81eaec826b1b310c4c7 av-link-btn avia-icon_select-no avia-size-large avia-position-left avia-color-theme-color'   aria-label=\"Ing\u00e9nierie \u00e9lectronique\"><span class='avia_iconbox_title' >Ing\u00e9nierie \u00e9lectronique<\/span><\/a><\/div><\/p><\/div>\n\n<\/div><\/div><\/div><!-- close content main div --><\/div><\/div>\n<style type=\"text\/css\" data-created_by=\"avia_inline_auto\" id=\"style-css-av-jiectw21-21059ebe66ee446cd0961e9c4cbbb788\">\n.avia-section.av-jiectw21-21059ebe66ee446cd0961e9c4cbbb788 .av-parallax .av-parallax-inner{\nbackground-color:#000000;\nbackground-image:url(https:\/\/ness.de\/wp-content\/uploads\/2018\/06\/Fa.-NESS-23170.jpg);\nbackground-repeat:no-repeat;\nbackground-position:50% 50%;\nbackground-attachment:scroll;\n}\n.avia-section.av-jiectw21-21059ebe66ee446cd0961e9c4cbbb788 .av-section-color-overlay{\nopacity:0.6;\nbackground-color:#e1081a;\n}\n<\/style>\n<div id='av_section_3'  class='avia-section av-jiectw21-21059ebe66ee446cd0961e9c4cbbb788 main_color avia-section-small avia-no-border-styling  avia-builder-el-12  el_after_av_section  avia-builder-el-last  avia-full-stretch av-parallax-section avia-bg-style-parallax av-section-color-overlay-active container_wrap sidebar_right'  data-section-bg-repeat='stretch'><div class='av-parallax' data-avia-parallax-ratio='0.3' ><div class='av-parallax-inner main_color avia-full-stretch'><\/div><\/div><div class=\"av-section-color-overlay-wrap\"><div class=\"av-section-color-overlay\"><\/div><div class='container av-section-cont-open' ><div class='template-page content  av-content-small alpha units'><div class='post-entry post-entry-type-page post-entry-12229'><div class='entry-content-wrapper clearfix'>\n<div class='flex_column_table av-1fv7w-72109d7d6aa661a72fe9f6f5d292193b sc-av_two_third av-equal-height-column-flextable'>\n<style type=\"text\/css\" data-created_by=\"avia_inline_auto\" id=\"style-css-av-1fv7w-72109d7d6aa661a72fe9f6f5d292193b\">\n.flex_column.av-1fv7w-72109d7d6aa661a72fe9f6f5d292193b{\nborder-radius:0px 0px 0px 0px;\npadding:0px 0px 0px 0px;\n}\n<\/style>\n<div  class='flex_column av-1fv7w-72109d7d6aa661a72fe9f6f5d292193b av_two_third  avia-builder-el-13  el_before_av_one_third  avia-builder-el-first  first flex_column_table_cell av-equal-height-column av-align-middle av-zero-column-padding  '     ><style type=\"text\/css\" data-created_by=\"avia_inline_auto\" id=\"style-css-av-1cjjk-9ba17c22c4efa142bbd090fe7485fe01\">\n#top .av_textblock_section.av-1cjjk-9ba17c22c4efa142bbd090fe7485fe01 .avia_textblock{\nfont-size:34px;\n}\n<\/style>\n<section  class='av_textblock_section av-1cjjk-9ba17c22c4efa142bbd090fe7485fe01 '   itemscope=\"itemscope\" itemtype=\"https:\/\/schema.org\/CreativeWork\" ><div class='avia_textblock'  itemprop=\"text\" ><div class=\"csc-textpic-text\">\n<p class=\"bodytext\"><span style=\"color: #ffffff;\">Avez-vous trouv\u00e9 ce que vous cherchiez ? Nous sommes l\u00e0 pour vous conseiller !<br \/>\n<\/span><\/p>\n<\/div>\n<\/div><\/section><\/div><div class='av-flex-placeholder'><\/div>\n<style type=\"text\/css\" data-created_by=\"avia_inline_auto\" id=\"style-css-av-14tx4-daf164164c2dc4340ffbc8fa80586ed5\">\n.flex_column.av-14tx4-daf164164c2dc4340ffbc8fa80586ed5{\nborder-radius:0px 0px 0px 0px;\npadding:0px 0px 0px 0px;\n}\n<\/style>\n<div  class='flex_column av-14tx4-daf164164c2dc4340ffbc8fa80586ed5 av_one_third  avia-builder-el-15  el_after_av_two_third  avia-builder-el-last  flex_column_table_cell av-equal-height-column av-align-middle av-zero-column-padding  '     ><div  class='avia-button-wrap av-jiecxirw-760fd66993aefb1c6f993afc1f1a8921-wrap avia-button-left  avia-builder-el-16  avia-builder-el-no-sibling '><a href='https:\/\/ness.de\/kontakt\/'  class='avia-button av-jiecxirw-760fd66993aefb1c6f993afc1f1a8921 av-link-btn avia-icon_select-no avia-size-large avia-position-left avia-color-theme-color-subtle'   aria-label=\"Prendre contact maintenant\"><span class='avia_iconbox_title' >Prendre contact maintenant<\/span><\/a><\/div><\/div><\/div><!--close column table wrapper. Autoclose: 1 -->\n<\/div><\/div><\/div><!-- close content main div --><\/div><\/div><\/div><div id='after_section_3'  class='main_color av_default_container_wrap container_wrap sidebar_right'  ><div class='container av-section-cont-open' ><div class='template-page content  av-content-small alpha units'><div class='post-entry post-entry-type-page post-entry-12229'><div class='entry-content-wrapper clearfix'>\n","protected":false},"excerpt":{"rendered":"","protected":false},"author":3,"featured_media":0,"parent":0,"menu_order":0,"comment_status":"closed","ping_status":"closed","template":"","meta":{"footnotes":""},"class_list":["post-12229","page","type-page","status-publish","hentry"],"yoast_head":"<!-- This site is optimized with the Yoast SEO Premium plugin v27.4 (Yoast SEO v27.4) - https:\/\/yoast.com\/product\/yoast-seo-premium-wordpress\/ -->\n<title>Ing\u00e9nierie de tous les domaines techniques - NESS W\u00e4rmetechnik<\/title>\n<meta name=\"description\" content=\"Notre secteur Ing\u00e9nierie compte 20 ing\u00e9nieurs hautement qualifi\u00e9s et motiv\u00e9s, qui sont issus de tous les domaines de la technique.\" \/>\n<meta name=\"robots\" content=\"index, follow, max-snippet:-1, max-image-preview:large, max-video-preview:-1\" \/>\n<link rel=\"canonical\" href=\"https:\/\/ness.de\/fr\/ingenierie\/\" \/>\n<meta property=\"og:locale\" content=\"fr_FR\" \/>\n<meta property=\"og:type\" content=\"article\" \/>\n<meta property=\"og:title\" content=\"Ing\u00e9nierie\" \/>\n<meta property=\"og:description\" content=\"Notre secteur Ing\u00e9nierie compte 20 ing\u00e9nieurs hautement qualifi\u00e9s et motiv\u00e9s, qui sont issus de tous les domaines de la technique.\" \/>\n<meta property=\"og:url\" content=\"https:\/\/ness.de\/fr\/ingenierie\/\" \/>\n<meta property=\"og:site_name\" content=\"NESS W\u00e4rmetechnik\" \/>\n<meta property=\"article:modified_time\" content=\"2021-03-23T09:41:12+00:00\" \/>\n<meta name=\"twitter:card\" content=\"summary_large_image\" \/>\n<meta name=\"twitter:label1\" content=\"Dur\u00e9e de lecture estim\u00e9e\" \/>\n\t<meta name=\"twitter:data1\" content=\"2 minutes\" \/>\n<!-- \/ Yoast SEO Premium plugin. -->","yoast_head_json":{"title":"Ing\u00e9nierie de tous les domaines techniques - NESS W\u00e4rmetechnik","description":"Notre secteur Ing\u00e9nierie compte 20 ing\u00e9nieurs hautement qualifi\u00e9s et motiv\u00e9s, qui sont issus de tous les domaines de la technique.","robots":{"index":"index","follow":"follow","max-snippet":"max-snippet:-1","max-image-preview":"max-image-preview:large","max-video-preview":"max-video-preview:-1"},"canonical":"https:\/\/ness.de\/fr\/ingenierie\/","og_locale":"fr_FR","og_type":"article","og_title":"Ing\u00e9nierie","og_description":"Notre secteur Ing\u00e9nierie compte 20 ing\u00e9nieurs hautement qualifi\u00e9s et motiv\u00e9s, qui sont issus de tous les domaines de la technique.","og_url":"https:\/\/ness.de\/fr\/ingenierie\/","og_site_name":"NESS W\u00e4rmetechnik","article_modified_time":"2021-03-23T09:41:12+00:00","twitter_card":"summary_large_image","twitter_misc":{"Dur\u00e9e de lecture estim\u00e9e":"2 minutes"},"schema":{"@context":"https:\/\/schema.org","@graph":[{"@type":"WebPage","@id":"https:\/\/ness.de\/fr\/ingenierie\/","url":"https:\/\/ness.de\/fr\/ingenierie\/","name":"Ing\u00e9nierie de tous les domaines techniques - NESS W\u00e4rmetechnik","isPartOf":{"@id":"https:\/\/ness.de\/#website"},"datePublished":"2021-03-19T10:55:14+00:00","dateModified":"2021-03-23T09:41:12+00:00","description":"Notre secteur Ing\u00e9nierie compte 20 ing\u00e9nieurs hautement qualifi\u00e9s et motiv\u00e9s, qui sont issus de tous les domaines de la technique.","breadcrumb":{"@id":"https:\/\/ness.de\/fr\/ingenierie\/#breadcrumb"},"inLanguage":"fr-FR","potentialAction":[{"@type":"ReadAction","target":["https:\/\/ness.de\/fr\/ingenierie\/"]}]},{"@type":"BreadcrumbList","@id":"https:\/\/ness.de\/fr\/ingenierie\/#breadcrumb","itemListElement":[{"@type":"ListItem","position":1,"name":"Startseite","item":"https:\/\/ness.de\/fr\/"},{"@type":"ListItem","position":2,"name":"Ing\u00e9nierie"}]},{"@type":"WebSite","@id":"https:\/\/ness.de\/#website","url":"https:\/\/ness.de\/","name":"NESS W\u00e4rmetechnik","description":"The Process Heat Company","publisher":{"@id":"https:\/\/ness.de\/#organization"},"potentialAction":[{"@type":"SearchAction","target":{"@type":"EntryPoint","urlTemplate":"https:\/\/ness.de\/?s={search_term_string}"},"query-input":{"@type":"PropertyValueSpecification","valueRequired":true,"valueName":"search_term_string"}}],"inLanguage":"fr-FR"},{"@type":"Organization","@id":"https:\/\/ness.de\/#organization","name":"NESS W\u00e4rmetechnik GmbH","url":"https:\/\/ness.de\/","logo":{"@type":"ImageObject","inLanguage":"fr-FR","@id":"https:\/\/ness.de\/#\/schema\/logo\/image\/","url":"https:\/\/ness.de\/wp-content\/uploads\/2018\/06\/ness_logo_web-01.png","contentUrl":"https:\/\/ness.de\/wp-content\/uploads\/2018\/06\/ness_logo_web-01.png","width":492,"height":210,"caption":"NESS W\u00e4rmetechnik GmbH"},"image":{"@id":"https:\/\/ness.de\/#\/schema\/logo\/image\/"},"sameAs":["https:\/\/www.linkedin.com\/company\/12209647\/","https:\/\/www.youtube.com\/channel\/UCDhnohU-u-vr6G2SDUw0dbQ"]}]}},"_links":{"self":[{"href":"https:\/\/ness.de\/fr\/wp-json\/wp\/v2\/pages\/12229","targetHints":{"allow":["GET"]}}],"collection":[{"href":"https:\/\/ness.de\/fr\/wp-json\/wp\/v2\/pages"}],"about":[{"href":"https:\/\/ness.de\/fr\/wp-json\/wp\/v2\/types\/page"}],"author":[{"embeddable":true,"href":"https:\/\/ness.de\/fr\/wp-json\/wp\/v2\/users\/3"}],"replies":[{"embeddable":true,"href":"https:\/\/ness.de\/fr\/wp-json\/wp\/v2\/comments?post=12229"}],"version-history":[{"count":4,"href":"https:\/\/ness.de\/fr\/wp-json\/wp\/v2\/pages\/12229\/revisions"}],"predecessor-version":[{"id":13120,"href":"https:\/\/ness.de\/fr\/wp-json\/wp\/v2\/pages\/12229\/revisions\/13120"}],"wp:attachment":[{"href":"https:\/\/ness.de\/fr\/wp-json\/wp\/v2\/media?parent=12229"}],"curies":[{"name":"wp","href":"https:\/\/api.w.org\/{rel}","templated":true}]}}