{"id":12206,"date":"2021-03-19T11:39:11","date_gmt":"2021-03-19T10:39:11","guid":{"rendered":"https:\/\/www.ness.de\/installations-speciales\/"},"modified":"2021-03-23T10:30:59","modified_gmt":"2021-03-23T09:30:59","slug":"installations-speciales","status":"publish","type":"page","link":"https:\/\/ness.de\/fr\/installations-speciales\/","title":{"rendered":"Installations sp\u00e9ciales"},"content":{"rendered":"<section  class='av_textblock_section av-jikbywl1-59eb46e57a41fca6bbe75c10c01e1820 '   itemscope=\"itemscope\" itemtype=\"https:\/\/schema.org\/CreativeWork\" ><div class='avia_textblock'  itemprop=\"text\" ><h1 style=\"text-align: center;\">Installations sp\u00e9ciales<\/h1>\n<h2 style=\"text-align: center;\">Installations sp\u00e9ciales d&rsquo;expert \u00e0 expert<\/h2>\n<\/div><\/section>\n\n<style type=\"text\/css\" data-created_by=\"avia_inline_auto\" id=\"style-css-av-jikjuuzc-358eb38c012e01cf052584db60adfad7\">\n#top .hr.hr-invisible.av-jikjuuzc-358eb38c012e01cf052584db60adfad7{\nheight:30px;\n}\n<\/style>\n<div  class='hr av-jikjuuzc-358eb38c012e01cf052584db60adfad7 hr-invisible  avia-builder-el-1  el_after_av_textblock  el_before_av_image '><span class='hr-inner '><span class=\"hr-inner-style\"><\/span><\/span><\/div>\n\n<style type=\"text\/css\" data-created_by=\"avia_inline_auto\" id=\"style-css-av-jikctntd-a00efc4ea307817483b1eae218341d0f\">\n.avia-image-container.av-jikctntd-a00efc4ea307817483b1eae218341d0f img.avia_image{\nbox-shadow:none;\n}\n.avia-image-container.av-jikctntd-a00efc4ea307817483b1eae218341d0f .av-image-caption-overlay-center{\ncolor:#ffffff;\n}\n<\/style>\n<div  class='avia-image-container av-jikctntd-a00efc4ea307817483b1eae218341d0f av-styling- avia-align-center  avia-builder-el-2  el_after_av_hr  el_before_av_section  avia-builder-el-last '   itemprop=\"image\" itemscope=\"itemscope\" itemtype=\"https:\/\/schema.org\/ImageObject\" ><div class=\"avia-image-container-inner\"><div class=\"avia-image-overlay-wrap\"><img decoding=\"async\" fetchpriority=\"high\" class='wp-image-11913 avia-img-lazy-loading-not-11913 avia_image ' src=\"https:\/\/ness.de\/wp-content\/uploads\/2019\/10\/slider-special-installations-1210x423.jpg\" alt='' title='slider-special-installations'  height=\"423\" width=\"1210\"  itemprop=\"thumbnailUrl\"  \/><\/div><\/div><\/div>\n<\/div><\/div><\/div><!-- close content main div --><\/div><\/div><div id='av_section_1'  class='avia-section av-63tsp-f56bc69621f462b60ff782c47dd8762c main_color avia-section-default avia-no-border-styling  avia-builder-el-3  el_after_av_image  el_before_av_section  avia-bg-style-scroll container_wrap sidebar_right'  ><div class='container av-section-cont-open' ><div class='template-page content  av-content-small alpha units'><div class='post-entry post-entry-type-page post-entry-12206'><div class='entry-content-wrapper clearfix'>\n\n<style type=\"text\/css\" data-created_by=\"avia_inline_auto\" id=\"style-css-av-1jyeqh-4ef1e849578942577eecfb0c99ac3f6d\">\n.flex_column.av-1jyeqh-4ef1e849578942577eecfb0c99ac3f6d{\nborder-radius:0px 0px 0px 0px;\npadding:0px 0px 0px 0px;\n}\n<\/style>\n<div  class='flex_column av-1jyeqh-4ef1e849578942577eecfb0c99ac3f6d av_one_half  avia-builder-el-4  el_before_av_one_half  avia-builder-el-first  first flex_column_div av-zero-column-padding  '     ><section  class='av_textblock_section av-jikc530y-fbf7e560c6b6e522145385effc680a03 '   itemscope=\"itemscope\" itemtype=\"https:\/\/schema.org\/CreativeWork\" ><div class='avia_textblock'  itemprop=\"text\" ><h2>Installations sp\u00e9ciales d&rsquo;expert \u00e0 expert<\/h2>\n<p>Les exigences et souhaits de nos clients constituent souvent des opportunit\u00e9s de d\u00e9veloppement de nouveaux concepts pour des domaines d&rsquo;application sp\u00e9ciaux. Par cons\u00e9quent, nous repensons enti\u00e8rement et \u00ab\u00a0rafra\u00eechissons\u00a0\u00bb certains concepts de solution selon vos besoins.<\/p>\n<p>Nous d\u00e9veloppons de nouveaux concepts et nous am\u00e9liorons les concepts existants pour et avec l&rsquo;utilisateur.<\/p>\n<p>Experts du chauffage de processus, nous sommes le partenaire id\u00e9al pour tout ce qui concerne le r\u00e9glage de la temp\u00e9rature de vos installations de production. Tous les produits NESS sont optimis\u00e9s du point de vue thermodynamique. Nous accordons beaucoup d&rsquo;importance au rendement, \u00e0 la durabilit\u00e9, \u00e0 la s\u00e9curit\u00e9 et \u00e0 la disponibilit\u00e9 ainsi qu&rsquo;\u00e0 l&rsquo;efficacit\u00e9 du transfert de chaleur de nos installations. Notre \u00e9quipe Ing\u00e9nierie se penche volontiers avec vous sur de nouveaux concepts de solution.<\/p>\n<p>Parce que nous avons \u00e0 c\u0153ur votre succ\u00e8s, nous optimisons vos installations pour vos exigences individuelles.<\/p>\n<\/div><\/section><\/div>\n<style type=\"text\/css\" data-created_by=\"avia_inline_auto\" id=\"style-css-av-51gmh-4d29f50bc90b046fadb23c23e6e0397c\">\n.flex_column.av-51gmh-4d29f50bc90b046fadb23c23e6e0397c{\nborder-radius:0px 0px 0px 0px;\npadding:0px 0px 0px 0px;\n}\n<\/style>\n<div  class='flex_column av-51gmh-4d29f50bc90b046fadb23c23e6e0397c av_one_half  avia-builder-el-6  el_after_av_one_half  avia-builder-el-last  flex_column_div av-zero-column-padding  '     ><style type=\"text\/css\" data-created_by=\"avia_inline_auto\" id=\"style-css-av-jikcduf3-29830bf4348b785f4873b87506a36ea5\">\n#top .avia-icon-list-container.av-jikcduf3-29830bf4348b785f4873b87506a36ea5 .iconlist_icon{\ncolor:#e1081a;\nbackground-color:#ffffff;\nborder:1px solid #e1081a;\n}\n#top .avia-icon-list-container.av-jikcduf3-29830bf4348b785f4873b87506a36ea5 .iconlist_icon svg:first-child{\nstroke:#e1081a;\nfill:#e1081a;\n}\n<\/style>\n<div  class='avia-icon-list-container av-jikcduf3-29830bf4348b785f4873b87506a36ea5  avia-builder-el-7  avia-builder-el-no-sibling '><ul class='avia-icon-list avia_animate_when_almost_visible avia-icon-list-left av-iconlist-big av-jikcduf3-29830bf4348b785f4873b87506a36ea5 avia-iconlist-animate'>\n<li><div class='iconlist_icon av-dhjtw-9a395c3cdcc2d57035a1645929b47708 avia-font-entypo-fontello avia-iconfont avia-font-entypo-fontello'><span class='av-icon-char' data-av_icon='\ue8d2' data-av_iconfont='entypo-fontello' aria-hidden=\"true\"><\/span><\/div><article class=\"article-icon-entry \"  itemscope=\"itemscope\" itemtype=\"https:\/\/schema.org\/CreativeWork\" ><div class=\"iconlist_content_wrap\"><header class=\"entry-content-header\" aria-label=\"Ic\u00f4ne : Solutions sp\u00e9ciales\"><h4 class='av_iconlist_title iconlist_title  '  itemprop=\"headline\" >Solutions sp\u00e9ciales<\/h4><\/header><div class='iconlist_content '  itemprop=\"text\" ><p>Syst\u00e8mes \u00e0 vapeur pour le pr\u00e9chauffage des mati\u00e8res premi\u00e8res (industrie du bois), groupes de refroidissement compacts pour le refroidissement rapide d&rsquo;installations de production \u00e0 chauffage thermique (lors de l&rsquo;entretien et de la maintenance), etc.<\/p>\n<\/div><\/div><footer class=\"entry-footer\"><\/footer><\/article><div class=\"iconlist-timeline\"><\/div><\/li>\n<li><div class='iconlist_icon av-ase58-9b646923031932b6b58803f703226fed avia-font-entypo-fontello avia-iconfont avia-font-entypo-fontello'><span class='av-icon-char' data-av_icon='\ue857' data-av_iconfont='entypo-fontello' aria-hidden=\"true\"><\/span><\/div><article class=\"article-icon-entry \"  itemscope=\"itemscope\" itemtype=\"https:\/\/schema.org\/CreativeWork\" ><div class=\"iconlist_content_wrap\"><header class=\"entry-content-header\" aria-label=\"Ic\u00f4ne : Installations compactes\"><h4 class='av_iconlist_title iconlist_title  '  itemprop=\"headline\" >Installations compactes<\/h4><\/header><div class='iconlist_content '  itemprop=\"text\" ><p>Syst\u00e8mes avec installation de distribution \u00e9lectrique compl\u00e8tement mont\u00e9e pour l&rsquo;int\u00e9gration Plug-and-Play<\/p>\n<\/div><\/div><footer class=\"entry-footer\"><\/footer><\/article><div class=\"iconlist-timeline\"><\/div><\/li>\n<\/ul><\/div><\/div>\n\n<\/div><\/div><\/div><!-- close content main div --><\/div><\/div>\n<style type=\"text\/css\" data-created_by=\"avia_inline_auto\" id=\"style-css-av-jiectw21-2a7c1acc9437bc0a7b26a1c5d0283b97\">\n.avia-section.av-jiectw21-2a7c1acc9437bc0a7b26a1c5d0283b97 .av-parallax .av-parallax-inner{\nbackground-repeat:no-repeat;\nbackground-image:url(https:\/\/ness.de\/wp-content\/uploads\/2018\/06\/Fa.jpg);\nbackground-position:50% 50%;\nbackground-attachment:scroll;\n}\n.avia-section.av-jiectw21-2a7c1acc9437bc0a7b26a1c5d0283b97 .av-section-color-overlay{\nopacity:0.6;\nbackground-color:#e1081a;\n}\n<\/style>\n<div id='av_section_2'  class='avia-section av-jiectw21-2a7c1acc9437bc0a7b26a1c5d0283b97 main_color avia-section-small avia-no-border-styling  avia-builder-el-8  el_after_av_section  el_before_av_section  avia-full-stretch av-parallax-section avia-bg-style-parallax av-section-color-overlay-active container_wrap sidebar_right'  data-section-bg-repeat='stretch'><div class='av-parallax' data-avia-parallax-ratio='0.3' ><div class='av-parallax-inner main_color avia-full-stretch'><\/div><\/div><div class=\"av-section-color-overlay-wrap\"><div class=\"av-section-color-overlay\"><\/div><div class='container av-section-cont-open' ><div class='template-page content  av-content-small alpha units'><div class='post-entry post-entry-type-page post-entry-12206'><div class='entry-content-wrapper clearfix'>\n<div class='flex_column_table av-1fv7w-72109d7d6aa661a72fe9f6f5d292193b sc-av_two_third av-equal-height-column-flextable'>\n<style type=\"text\/css\" data-created_by=\"avia_inline_auto\" id=\"style-css-av-1fv7w-72109d7d6aa661a72fe9f6f5d292193b\">\n.flex_column.av-1fv7w-72109d7d6aa661a72fe9f6f5d292193b{\nborder-radius:0px 0px 0px 0px;\npadding:0px 0px 0px 0px;\n}\n<\/style>\n<div  class='flex_column av-1fv7w-72109d7d6aa661a72fe9f6f5d292193b av_two_third  avia-builder-el-9  el_before_av_one_third  avia-builder-el-first  first flex_column_table_cell av-equal-height-column av-align-middle av-zero-column-padding  '     ><style type=\"text\/css\" data-created_by=\"avia_inline_auto\" id=\"style-css-av-jkv7mh7z-2058ca22d9a2f441007f318e69dbb1bc\">\n#top .av-special-heading.av-jkv7mh7z-2058ca22d9a2f441007f318e69dbb1bc{\nmargin:3% 3% 3% 3%;\npadding-bottom:10px;\ncolor:#ffffff;\n}\nbody .av-special-heading.av-jkv7mh7z-2058ca22d9a2f441007f318e69dbb1bc .av-special-heading-tag .heading-char{\nfont-size:25px;\n}\n.av-special-heading.av-jkv7mh7z-2058ca22d9a2f441007f318e69dbb1bc .special-heading-inner-border{\nborder-color:#ffffff;\n}\n.av-special-heading.av-jkv7mh7z-2058ca22d9a2f441007f318e69dbb1bc .av-subheading{\nfont-size:15px;\n}\n<\/style>\n<div  class='av-special-heading av-jkv7mh7z-2058ca22d9a2f441007f318e69dbb1bc av-special-heading-h1 custom-color-heading blockquote modern-quote  avia-builder-el-10  avia-builder-el-no-sibling '><h1 class='av-special-heading-tag '  itemprop=\"headline\"  >Nous vous conseillons de mani\u00e8re personnalis\u00e9e et comp\u00e9tente<\/h1><div class=\"special-heading-border\"><div class=\"special-heading-inner-border\"><\/div><\/div><\/div><\/div><div class='av-flex-placeholder'><\/div>\n<style type=\"text\/css\" data-created_by=\"avia_inline_auto\" id=\"style-css-av-14tx4-daf164164c2dc4340ffbc8fa80586ed5\">\n.flex_column.av-14tx4-daf164164c2dc4340ffbc8fa80586ed5{\nborder-radius:0px 0px 0px 0px;\npadding:0px 0px 0px 0px;\n}\n<\/style>\n<div  class='flex_column av-14tx4-daf164164c2dc4340ffbc8fa80586ed5 av_one_third  avia-builder-el-11  el_after_av_two_third  avia-builder-el-last  flex_column_table_cell av-equal-height-column av-align-middle av-zero-column-padding  '     ><div  class='avia-button-wrap av-jiecxirw-8269a03ac18de84192d00af056952a40-wrap avia-button-left  avia-builder-el-12  avia-builder-el-no-sibling '><a href='https:\/\/ness.de\/kontakt\/'  class='avia-button av-jiecxirw-8269a03ac18de84192d00af056952a40 av-link-btn avia-icon_select-no avia-size-large avia-position-left avia-color-light'   aria-label=\"Prendre contact maintenant\"><span class='avia_iconbox_title' >Prendre contact maintenant<\/span><\/a><\/div><\/div><\/div><!--close column table wrapper. Autoclose: 1 -->\n\n<\/div><\/div><\/div><!-- close content main div --><\/div><\/div><\/div><div id='av_section_3'  class='avia-section av-7zwex-cd36c61963c210c6c065e5a44c5ed9ad main_color avia-section-default avia-no-border-styling  avia-builder-el-13  el_after_av_section  avia-builder-el-last  avia-bg-style-scroll container_wrap sidebar_right'  ><div class='container av-section-cont-open' ><div class='template-page content  av-content-small alpha units'><div class='post-entry post-entry-type-page post-entry-12206'><div class='entry-content-wrapper clearfix'>\n<section  class='av_textblock_section av-jikcvm12-5ea341785e4bb654bcede3da929a74d8 '   itemscope=\"itemscope\" itemtype=\"https:\/\/schema.org\/CreativeWork\" ><div class='avia_textblock'  itemprop=\"text\" ><h2 style=\"text-align: center;\">Exemples de projet<\/h2>\n<\/div><\/section>\n\n<style type=\"text\/css\" data-created_by=\"avia_inline_auto\" id=\"style-css-av-jikcxk4r-0b44a7f7fee916fa96402dbbbebd0ba7\">\n#top .hr.av-jikcxk4r-0b44a7f7fee916fa96402dbbbebd0ba7{\nmargin-top:15px;\nmargin-bottom:15px;\n}\n.hr.av-jikcxk4r-0b44a7f7fee916fa96402dbbbebd0ba7 .hr-inner{\nwidth:50px;\n}\n<\/style>\n<div  class='hr av-jikcxk4r-0b44a7f7fee916fa96402dbbbebd0ba7 hr-custom  avia-builder-el-15  el_after_av_textblock  el_before_av_gallery  hr-center hr-icon-no'><span class='hr-inner inner-border-av-border-none'><span class=\"hr-inner-style\"><\/span><\/span><\/div>\n\n<style type=\"text\/css\" data-created_by=\"avia_inline_auto\" id=\"style-css-av-jikclqj7-cb137fe4e62011a6ab7e7ea4cce0ea6b\">\n#top .avia-gallery.av-jikclqj7-cb137fe4e62011a6ab7e7ea4cce0ea6b .avia-gallery-thumb a{\nwidth:25%;\n}\n<\/style>\n<div  class='avia-gallery av-jikclqj7-cb137fe4e62011a6ab7e7ea4cce0ea6b avia_animate_when_visible  avia-builder-el-16  el_after_av_hr  avia-builder-el-last  avia_lazyload avia-gallery-animate avia-gallery-1'  itemprop=\"image\" itemscope=\"itemscope\" itemtype=\"https:\/\/schema.org\/ImageObject\" ><meta itemprop=\"contentURL\" content=\"https:\/\/ness.de\/fr\/installations-speciales\/\"><div class='avia-gallery-thumb'><a href=\"https:\/\/ness.de\/wp-content\/uploads\/2018\/07\/Sonderanlagen-1-1030x773.jpg\" data-srcset=\"https:\/\/ness.de\/wp-content\/uploads\/2018\/07\/Sonderanlagen-1-1030x773.jpg 1030w, https:\/\/ness.de\/wp-content\/uploads\/2018\/07\/Sonderanlagen-1-300x225.jpg 300w, https:\/\/ness.de\/wp-content\/uploads\/2018\/07\/Sonderanlagen-1-768x576.jpg 768w, https:\/\/ness.de\/wp-content\/uploads\/2018\/07\/Sonderanlagen-1-1500x1125.jpg 1500w, https:\/\/ness.de\/wp-content\/uploads\/2018\/07\/Sonderanlagen-1-705x529.jpg 705w, https:\/\/ness.de\/wp-content\/uploads\/2018\/07\/Sonderanlagen-1-450x338.jpg 450w\" data-sizes=\"(max-width: 1030px) 100vw, 1030px\" data-rel='gallery-1' data-prev-img='https:\/\/ness.de\/wp-content\/uploads\/2018\/07\/Sonderanlagen-1-495x400.jpg' class='first_thumb lightbox ' data-onclick='1' title='Installations sp\u00e9ciales'  itemprop=\"thumbnailUrl\"  ><img decoding=\"async\" fetchpriority=\"high\" class=\"wp-image-12213 avia-img-lazy-loading-not-12213\"  data-avia-tooltip='Installations sp\u00e9ciales' src=\"https:\/\/ness.de\/wp-content\/uploads\/2018\/07\/Sonderanlagen-1-260x185.jpg\" width=\"260\" height=\"185\"  title='Sonderanlagen' alt='' \/><div class='big-prev-fake'><img decoding=\"async\" loading=\"lazy\" class=\"wp-image-12213 avia-img-lazy-loading-12213\"  width=\"495\" height=\"400\" src=\"https:\/\/ness.de\/wp-content\/uploads\/2018\/07\/Sonderanlagen-1-495x400.jpg\" title='Sonderanlagen' alt='' srcset=\"https:\/\/ness.de\/wp-content\/uploads\/2018\/07\/Sonderanlagen-1-495x400.jpg 495w, https:\/\/ness.de\/wp-content\/uploads\/2018\/07\/Sonderanlagen-1-845x684.jpg 845w\" sizes=\"auto, (max-width: 495px) 100vw, 495px\" \/><\/div><\/a><a href=\"https:\/\/ness.de\/wp-content\/uploads\/2021\/03\/Nulldruckverteiler_Halle_web-1030x773-1.jpg\" data-srcset=\"https:\/\/ness.de\/wp-content\/uploads\/2021\/03\/Nulldruckverteiler_Halle_web-1030x773-1.jpg 1030w, https:\/\/ness.de\/wp-content\/uploads\/2021\/03\/Nulldruckverteiler_Halle_web-1030x773-1-300x225.jpg 300w, https:\/\/ness.de\/wp-content\/uploads\/2021\/03\/Nulldruckverteiler_Halle_web-1030x773-1-768x576.jpg 768w, https:\/\/ness.de\/wp-content\/uploads\/2021\/03\/Nulldruckverteiler_Halle_web-1030x773-1-705x529.jpg 705w, https:\/\/ness.de\/wp-content\/uploads\/2021\/03\/Nulldruckverteiler_Halle_web-1030x773-1-450x338.jpg 450w\" data-sizes=\"(max-width: 1030px) 100vw, 1030px\" data-rel='gallery-1' data-prev-img='https:\/\/ness.de\/wp-content\/uploads\/2021\/03\/Nulldruckverteiler_Halle_web-1030x773-1-495x400.jpg' class='lightbox ' data-onclick='2' title='R\u00e9partiteur \u00e0 pression z\u00e9ro dans la conception'  itemprop=\"thumbnailUrl\"  ><img decoding=\"async\" fetchpriority=\"high\" class=\"wp-image-13109 avia-img-lazy-loading-not-13109\"  data-avia-tooltip='R\u00e9partiteur \u00e0 pression z\u00e9ro dans la conception' src=\"https:\/\/ness.de\/wp-content\/uploads\/2021\/03\/Nulldruckverteiler_Halle_web-1030x773-1-260x185.jpg\" width=\"260\" height=\"185\"  title='Nulldruckverteiler_Halle_web-1030x773' alt='' \/><div class='big-prev-fake'><img decoding=\"async\" loading=\"lazy\" class=\"wp-image-13109 avia-img-lazy-loading-13109\"  width=\"495\" height=\"400\" src=\"https:\/\/ness.de\/wp-content\/uploads\/2021\/03\/Nulldruckverteiler_Halle_web-1030x773-1-495x400.jpg\" title='Nulldruckverteiler_Halle_web-1030x773' alt='' srcset=\"https:\/\/ness.de\/wp-content\/uploads\/2021\/03\/Nulldruckverteiler_Halle_web-1030x773-1-495x400.jpg 495w, https:\/\/ness.de\/wp-content\/uploads\/2021\/03\/Nulldruckverteiler_Halle_web-1030x773-1-845x684.jpg 845w\" sizes=\"auto, (max-width: 495px) 100vw, 495px\" \/><\/div><\/a><a href=\"https:\/\/ness.de\/wp-content\/uploads\/2018\/07\/Sonderanlagen_3.jpg\" data-srcset=\"https:\/\/ness.de\/wp-content\/uploads\/2018\/07\/Sonderanlagen_3.jpg 800w, https:\/\/ness.de\/wp-content\/uploads\/2018\/07\/Sonderanlagen_3-300x174.jpg 300w, https:\/\/ness.de\/wp-content\/uploads\/2018\/07\/Sonderanlagen_3-768x444.jpg 768w, https:\/\/ness.de\/wp-content\/uploads\/2018\/07\/Sonderanlagen_3-705x408.jpg 705w, https:\/\/ness.de\/wp-content\/uploads\/2018\/07\/Sonderanlagen_3-450x260.jpg 450w\" data-sizes=\"(max-width: 800px) 100vw, 800px\" data-rel='gallery-1' data-prev-img='https:\/\/ness.de\/wp-content\/uploads\/2018\/07\/Sonderanlagen_3-495x400.jpg' class='lightbox ' data-onclick='3' title='Installations sp\u00e9ciales'  itemprop=\"thumbnailUrl\"  ><img decoding=\"async\" fetchpriority=\"high\" class=\"wp-image-12221 avia-img-lazy-loading-not-12221\"  data-avia-tooltip='Installations sp\u00e9ciales' src=\"https:\/\/ness.de\/wp-content\/uploads\/2018\/07\/Sonderanlagen_3-260x185.jpg\" width=\"260\" height=\"185\"  title='Sonderanlagen_3' alt='' \/><div class='big-prev-fake'><img decoding=\"async\" loading=\"lazy\" class=\"wp-image-12221 avia-img-lazy-loading-12221\"  width=\"495\" height=\"400\" src=\"https:\/\/ness.de\/wp-content\/uploads\/2018\/07\/Sonderanlagen_3-495x400.jpg\" title='Sonderanlagen_3' alt='' \/><\/div><\/a><a href=\"https:\/\/ness.de\/wp-content\/uploads\/2018\/07\/Sonderanlagen_4.jpg\" data-srcset=\"https:\/\/ness.de\/wp-content\/uploads\/2018\/07\/Sonderanlagen_4.jpg 800w, https:\/\/ness.de\/wp-content\/uploads\/2018\/07\/Sonderanlagen_4-300x146.jpg 300w, https:\/\/ness.de\/wp-content\/uploads\/2018\/07\/Sonderanlagen_4-768x373.jpg 768w, https:\/\/ness.de\/wp-content\/uploads\/2018\/07\/Sonderanlagen_4-705x343.jpg 705w, https:\/\/ness.de\/wp-content\/uploads\/2018\/07\/Sonderanlagen_4-450x219.jpg 450w\" data-sizes=\"(max-width: 800px) 100vw, 800px\" data-rel='gallery-1' data-prev-img='https:\/\/ness.de\/wp-content\/uploads\/2018\/07\/Sonderanlagen_4-495x389.jpg' class='lightbox ' data-onclick='4' title='Installations sp\u00e9ciales'  itemprop=\"thumbnailUrl\"  ><img decoding=\"async\" fetchpriority=\"high\" class=\"wp-image-12217 avia-img-lazy-loading-not-12217\"  data-avia-tooltip='Installations sp\u00e9ciales' src=\"https:\/\/ness.de\/wp-content\/uploads\/2018\/07\/Sonderanlagen_4-260x185.jpg\" width=\"260\" height=\"185\"  title='Sonderanlagen_4' alt='' \/><div class='big-prev-fake'><img decoding=\"async\" loading=\"lazy\" class=\"wp-image-12217 avia-img-lazy-loading-12217\"  width=\"495\" height=\"389\" src=\"https:\/\/ness.de\/wp-content\/uploads\/2018\/07\/Sonderanlagen_4-495x389.jpg\" title='Sonderanlagen_4' alt='' \/><\/div><\/a><\/div><\/div>\n<\/div><\/div><\/div><!-- close content main div --><\/div><\/div><div id='after_section_3'  class='main_color av_default_container_wrap container_wrap sidebar_right'  ><div class='container av-section-cont-open' ><div class='template-page content  av-content-small alpha units'><div class='post-entry post-entry-type-page post-entry-12206'><div class='entry-content-wrapper clearfix'>\n","protected":false},"excerpt":{"rendered":"","protected":false},"author":3,"featured_media":0,"parent":0,"menu_order":0,"comment_status":"closed","ping_status":"closed","template":"","meta":{"footnotes":""},"class_list":["post-12206","page","type-page","status-publish","hentry"],"yoast_head":"<!-- This site is optimized with the Yoast SEO Premium plugin v27.4 (Yoast SEO v27.4) - https:\/\/yoast.com\/product\/yoast-seo-premium-wordpress\/ -->\n<title>Installations sp\u00e9ciales d&#039;experts pour les experts - NESS W\u00e4rmetechnik<\/title>\n<meta name=\"description\" content=\"Les exigences et souhaits de nos clients constituent souvent des opportunit\u00e9s de d\u00e9veloppement de nouveaux concepts pour des domaines d&#039;application sp\u00e9ciaux.\" \/>\n<meta name=\"robots\" content=\"index, follow, max-snippet:-1, max-image-preview:large, max-video-preview:-1\" \/>\n<link rel=\"canonical\" href=\"https:\/\/ness.de\/fr\/installations-speciales\/\" \/>\n<meta property=\"og:locale\" content=\"fr_FR\" \/>\n<meta property=\"og:type\" content=\"article\" \/>\n<meta property=\"og:title\" content=\"Installations sp\u00e9ciales\" \/>\n<meta property=\"og:description\" content=\"Les exigences et souhaits de nos clients constituent souvent des opportunit\u00e9s de d\u00e9veloppement de nouveaux concepts pour des domaines d&#039;application sp\u00e9ciaux.\" \/>\n<meta property=\"og:url\" content=\"https:\/\/ness.de\/fr\/installations-speciales\/\" \/>\n<meta property=\"og:site_name\" content=\"NESS W\u00e4rmetechnik\" \/>\n<meta property=\"article:modified_time\" content=\"2021-03-23T09:30:59+00:00\" \/>\n<meta name=\"twitter:card\" content=\"summary_large_image\" \/>\n<meta name=\"twitter:label1\" content=\"Dur\u00e9e de lecture estim\u00e9e\" \/>\n\t<meta name=\"twitter:data1\" content=\"3 minutes\" \/>\n<!-- \/ Yoast SEO Premium plugin. -->","yoast_head_json":{"title":"Installations sp\u00e9ciales d'experts pour les experts - NESS W\u00e4rmetechnik","description":"Les exigences et souhaits de nos clients constituent souvent des opportunit\u00e9s de d\u00e9veloppement de nouveaux concepts pour des domaines d'application sp\u00e9ciaux.","robots":{"index":"index","follow":"follow","max-snippet":"max-snippet:-1","max-image-preview":"max-image-preview:large","max-video-preview":"max-video-preview:-1"},"canonical":"https:\/\/ness.de\/fr\/installations-speciales\/","og_locale":"fr_FR","og_type":"article","og_title":"Installations sp\u00e9ciales","og_description":"Les exigences et souhaits de nos clients constituent souvent des opportunit\u00e9s de d\u00e9veloppement de nouveaux concepts pour des domaines d'application sp\u00e9ciaux.","og_url":"https:\/\/ness.de\/fr\/installations-speciales\/","og_site_name":"NESS W\u00e4rmetechnik","article_modified_time":"2021-03-23T09:30:59+00:00","twitter_card":"summary_large_image","twitter_misc":{"Dur\u00e9e de lecture estim\u00e9e":"3 minutes"},"schema":{"@context":"https:\/\/schema.org","@graph":[{"@type":"WebPage","@id":"https:\/\/ness.de\/fr\/installations-speciales\/","url":"https:\/\/ness.de\/fr\/installations-speciales\/","name":"Installations sp\u00e9ciales d'experts pour les experts - NESS W\u00e4rmetechnik","isPartOf":{"@id":"https:\/\/ness.de\/#website"},"datePublished":"2021-03-19T10:39:11+00:00","dateModified":"2021-03-23T09:30:59+00:00","description":"Les exigences et souhaits de nos clients constituent souvent des opportunit\u00e9s de d\u00e9veloppement de nouveaux concepts pour des domaines d'application sp\u00e9ciaux.","breadcrumb":{"@id":"https:\/\/ness.de\/fr\/installations-speciales\/#breadcrumb"},"inLanguage":"fr-FR","potentialAction":[{"@type":"ReadAction","target":["https:\/\/ness.de\/fr\/installations-speciales\/"]}]},{"@type":"BreadcrumbList","@id":"https:\/\/ness.de\/fr\/installations-speciales\/#breadcrumb","itemListElement":[{"@type":"ListItem","position":1,"name":"Startseite","item":"https:\/\/ness.de\/fr\/"},{"@type":"ListItem","position":2,"name":"Installations sp\u00e9ciales"}]},{"@type":"WebSite","@id":"https:\/\/ness.de\/#website","url":"https:\/\/ness.de\/","name":"NESS W\u00e4rmetechnik","description":"The Process Heat Company","publisher":{"@id":"https:\/\/ness.de\/#organization"},"potentialAction":[{"@type":"SearchAction","target":{"@type":"EntryPoint","urlTemplate":"https:\/\/ness.de\/?s={search_term_string}"},"query-input":{"@type":"PropertyValueSpecification","valueRequired":true,"valueName":"search_term_string"}}],"inLanguage":"fr-FR"},{"@type":"Organization","@id":"https:\/\/ness.de\/#organization","name":"NESS W\u00e4rmetechnik GmbH","url":"https:\/\/ness.de\/","logo":{"@type":"ImageObject","inLanguage":"fr-FR","@id":"https:\/\/ness.de\/#\/schema\/logo\/image\/","url":"https:\/\/ness.de\/wp-content\/uploads\/2018\/06\/ness_logo_web-01.png","contentUrl":"https:\/\/ness.de\/wp-content\/uploads\/2018\/06\/ness_logo_web-01.png","width":492,"height":210,"caption":"NESS W\u00e4rmetechnik GmbH"},"image":{"@id":"https:\/\/ness.de\/#\/schema\/logo\/image\/"},"sameAs":["https:\/\/www.linkedin.com\/company\/12209647\/","https:\/\/www.youtube.com\/channel\/UCDhnohU-u-vr6G2SDUw0dbQ"]}]}},"_links":{"self":[{"href":"https:\/\/ness.de\/fr\/wp-json\/wp\/v2\/pages\/12206","targetHints":{"allow":["GET"]}}],"collection":[{"href":"https:\/\/ness.de\/fr\/wp-json\/wp\/v2\/pages"}],"about":[{"href":"https:\/\/ness.de\/fr\/wp-json\/wp\/v2\/types\/page"}],"author":[{"embeddable":true,"href":"https:\/\/ness.de\/fr\/wp-json\/wp\/v2\/users\/3"}],"replies":[{"embeddable":true,"href":"https:\/\/ness.de\/fr\/wp-json\/wp\/v2\/comments?post=12206"}],"version-history":[{"count":6,"href":"https:\/\/ness.de\/fr\/wp-json\/wp\/v2\/pages\/12206\/revisions"}],"predecessor-version":[{"id":13117,"href":"https:\/\/ness.de\/fr\/wp-json\/wp\/v2\/pages\/12206\/revisions\/13117"}],"wp:attachment":[{"href":"https:\/\/ness.de\/fr\/wp-json\/wp\/v2\/media?parent=12206"}],"curies":[{"name":"wp","href":"https:\/\/api.w.org\/{rel}","templated":true}]}}