{"id":11885,"date":"2021-03-19T09:03:22","date_gmt":"2021-03-19T08:03:22","guid":{"rendered":"https:\/\/www.ness.de\/la-chaleur-industrielle\/"},"modified":"2021-03-29T11:21:40","modified_gmt":"2021-03-29T09:21:40","slug":"la-chaleur-industrielle","status":"publish","type":"page","link":"https:\/\/ness.de\/fr\/la-chaleur-industrielle\/","title":{"rendered":"La chaleur industrielle"},"content":{"rendered":"<div id='full_slider_1'  class='avia-fullwidth-slider main_color avia-shadow av-small-hide av-mini-hide  avia-builder-el-0  el_before_av_textblock  avia-builder-el-first   container_wrap sidebar_right'  ><div  class='avia-slideshow av-jikbtuwa-5d3ef604b0c1da7f08a2459987ef8b84 avia-slideshow-featured av_slideshow_full avia-slide-slider av-small-hide av-mini-hide av-slideshow-ui av-control-default av-slideshow-manual av-loop-once av-loop-manual-endless av-default-height-applied   avia-slideshow-1' data-slideshow-options=\"{&quot;animation&quot;:&quot;slide&quot;,&quot;autoplay&quot;:false,&quot;loop_autoplay&quot;:&quot;once&quot;,&quot;interval&quot;:7,&quot;loop_manual&quot;:&quot;manual-endless&quot;,&quot;autoplay_stopper&quot;:false,&quot;noNavigation&quot;:false,&quot;bg_slider&quot;:false,&quot;keep_padding&quot;:false,&quot;hoverpause&quot;:false,&quot;show_slide_delay&quot;:0}\"  itemprop=\"image\" itemscope=\"itemscope\" itemtype=\"https:\/\/schema.org\/ImageObject\" ><ul class='avia-slideshow-inner ' style='padding-bottom: 31.818181818182%;'><li  class='avia-slideshow-slide av-jikbtuwa-5d3ef604b0c1da7f08a2459987ef8b84__0  av-single-slide slide-1 slide-odd'><div data-rel='slideshow-1' class='avia-slide-wrap '   ><img decoding=\"async\" fetchpriority=\"high\" class=\"wp-image-13492 avia-img-lazy-loading-not-13492\"  src=\"https:\/\/ness.de\/wp-content\/uploads\/2021\/03\/slider-thermal-oil-plant-2200x700-1-2200x700-1-2200x700.jpg\" width=\"2200\" height=\"700\" title='slider-thermal-oil-plant-2200x700-1-2200x700' alt=''  itemprop=\"thumbnailUrl\" srcset=\"https:\/\/ness.de\/wp-content\/uploads\/2021\/03\/slider-thermal-oil-plant-2200x700-1-2200x700-1-2200x700.jpg 2200w, https:\/\/ness.de\/wp-content\/uploads\/2021\/03\/slider-thermal-oil-plant-2200x700-1-2200x700-1-300x95.jpg 300w, https:\/\/ness.de\/wp-content\/uploads\/2021\/03\/slider-thermal-oil-plant-2200x700-1-2200x700-1-1030x328.jpg 1030w, https:\/\/ness.de\/wp-content\/uploads\/2021\/03\/slider-thermal-oil-plant-2200x700-1-2200x700-1-768x244.jpg 768w, https:\/\/ness.de\/wp-content\/uploads\/2021\/03\/slider-thermal-oil-plant-2200x700-1-2200x700-1-1536x489.jpg 1536w, https:\/\/ness.de\/wp-content\/uploads\/2021\/03\/slider-thermal-oil-plant-2200x700-1-2200x700-1-2048x652.jpg 2048w, https:\/\/ness.de\/wp-content\/uploads\/2021\/03\/slider-thermal-oil-plant-2200x700-1-2200x700-1-1500x477.jpg 1500w, https:\/\/ness.de\/wp-content\/uploads\/2021\/03\/slider-thermal-oil-plant-2200x700-1-2200x700-1-705x224.jpg 705w, https:\/\/ness.de\/wp-content\/uploads\/2021\/03\/slider-thermal-oil-plant-2200x700-1-2200x700-1-450x143.jpg 450w, https:\/\/ness.de\/wp-content\/uploads\/2021\/03\/slider-thermal-oil-plant-2200x700-1-2200x700-1-1320x420.jpg 1320w\" sizes=\"(max-width: 2200px) 100vw, 2200px\" \/><\/div><\/li><\/ul><\/div><\/div><div id='after_full_slider_1'  class='main_color av_default_container_wrap container_wrap sidebar_right'  ><div class='container av-section-cont-open' ><div class='template-page content  av-content-small alpha units'><div class='post-entry post-entry-type-page post-entry-11885'><div class='entry-content-wrapper clearfix'>\n<section  class='av_textblock_section av-jikdh1yt-d6e07abd5b5a554dd7972fffd1594056 '   itemscope=\"itemscope\" itemtype=\"https:\/\/schema.org\/CreativeWork\" ><div class='avia_textblock'  itemprop=\"text\" ><h1 class=\"headline font-inherit fontsize-xxxl fontweight-300 lh-12 align-center transform-inherit \" style=\"text-align: center;\">Vos avantages avec NESS<\/h1>\n<p style=\"text-align: center;\">Un interlocuteur quelles que soient vos exigences \u2013 Nous connaissons votre commerce comme personne d&rsquo;autre. NESS W\u00e4rmetechnik GmbH offre une multiplicit\u00e9 de solutions pour le chauffage et le refroidissement des processus de production. Fiez-vous \u00e0 notre savoir.<\/p>\n<p style=\"text-align: center;\">Le service apr\u00e8s-vente Full-Service, l&rsquo;adaptation de syst\u00e8mes, la modernisation, l&rsquo;optimisation, la fabrication et l&rsquo;installation ne sont que quelques-uns des services que nous pouvons vous offrir.<\/p>\n<p style=\"text-align: center;\">Qu&rsquo;il s&rsquo;agisse d&rsquo;une \u00e9tude de projet soigneuse par notre \u00e9quipe Ing\u00e9nierie, de la fabrication interne de haute qualit\u00e9 et flexible, ou de l&rsquo;exp\u00e9rience de notre \u00e9quipe Service apr\u00e8s-vente \u2013 nos d\u00e9partements travaillent main dans la main.<\/p>\n<p style=\"text-align: center;\"><strong>L&rsquo;avantage avec nous &#8211; nous sommes des joueurs d&rsquo;\u00e9quipe et nous consid\u00e9rons la chaleur du processus de mani\u00e8re holistique.<\/strong><\/p>\n<\/div><\/section>\n\n<style type=\"text\/css\" data-created_by=\"avia_inline_auto\" id=\"style-css-av-2am0g-97d82b1fbb1ee44a0358dfbc1f1747cc\">\n.flex_column.av-2am0g-97d82b1fbb1ee44a0358dfbc1f1747cc{\nborder-radius:0px 0px 0px 0px;\npadding:0px 0px 0px 0px;\n}\n<\/style>\n<div  class='flex_column av-2am0g-97d82b1fbb1ee44a0358dfbc1f1747cc av_one_fourth  avia-builder-el-2  el_after_av_textblock  el_before_av_one_fourth  first flex_column_div av-zero-column-padding  column-top-margin'     ><p>\n<style type=\"text\/css\" data-created_by=\"avia_inline_auto\" id=\"style-css-av-jjilf0nw-141db15963471ba534886e0990700ab6\">\n.avia-image-container.av-jjilf0nw-141db15963471ba534886e0990700ab6 img.avia_image{\nbox-shadow:none;\n}\n.avia-image-container.av-jjilf0nw-141db15963471ba534886e0990700ab6 .av-image-caption-overlay-center{\ncolor:#ffffff;\n}\n<\/style>\n<div  class='avia-image-container av-jjilf0nw-141db15963471ba534886e0990700ab6 av-styling- av-hover-grow av-img-linked avia_animated_image av-animated-when-visible-95 pop-up avia-align-center  avia-builder-el-3  el_before_av_textblock  avia-builder-el-first '   itemprop=\"image\" itemscope=\"itemscope\" itemtype=\"https:\/\/schema.org\/ImageObject\" ><div class=\"avia-image-container-inner\"><div class=\"avia-image-overlay-wrap\"><a href=\"https:\/\/ness.de\/produkte\/\" class='avia_image '  aria-label='manufacturing'><img decoding=\"async\" fetchpriority=\"high\" class='wp-image-11896 avia-img-lazy-loading-not-11896 avia_image ' src=\"https:\/\/ness.de\/wp-content\/uploads\/2019\/10\/manufacturing.jpg\" alt='' title='manufacturing'  height=\"300\" width=\"500\"  itemprop=\"thumbnailUrl\" srcset=\"https:\/\/ness.de\/wp-content\/uploads\/2019\/10\/manufacturing.jpg 500w, https:\/\/ness.de\/wp-content\/uploads\/2019\/10\/manufacturing-300x180.jpg 300w, https:\/\/ness.de\/wp-content\/uploads\/2019\/10\/manufacturing-450x270.jpg 450w\" sizes=\"(max-width: 500px) 100vw, 500px\" \/><\/a><\/div><\/div><\/div><br \/>\n<section  class='av_textblock_section av-jikdoqqu-f13b1e100d1c47151f1bb554f3a8c102 '   itemscope=\"itemscope\" itemtype=\"https:\/\/schema.org\/CreativeWork\" ><div class='avia_textblock'  itemprop=\"text\" ><h2 style=\"text-align: center;\">Produits<\/h2>\n<p style=\"text-align: center;\">Fabrication de produits pour votre processus de production<\/p>\n<\/div><\/section><br \/>\n<div  class='avia-button-wrap av-jiezn14j-2695c4a67f74d4c216ce22efbc3ccaa8-wrap avia-button-center  avia-builder-el-5  el_after_av_textblock  avia-builder-el-last '><a href='https:\/\/ness.de\/produkte\/'  class='avia-button av-jiezn14j-2695c4a67f74d4c216ce22efbc3ccaa8 av-link-btn avia-icon_select-no avia-size-large avia-position-center avia-color-theme-color'   aria-label=\"Produits\"><span class='avia_iconbox_title' >Produits<\/span><\/a><\/div><\/p><\/div>\n\n<style type=\"text\/css\" data-created_by=\"avia_inline_auto\" id=\"style-css-av-1hlyc-17952cb91a0e37b4c3c0650e1a370e91\">\n.flex_column.av-1hlyc-17952cb91a0e37b4c3c0650e1a370e91{\nborder-radius:0px 0px 0px 0px;\npadding:0px 0px 0px 0px;\n}\n<\/style>\n<div  class='flex_column av-1hlyc-17952cb91a0e37b4c3c0650e1a370e91 av_one_fourth  avia-builder-el-6  el_after_av_one_fourth  el_before_av_one_fourth  flex_column_div av-zero-column-padding  column-top-margin'     ><p>\n<style type=\"text\/css\" data-created_by=\"avia_inline_auto\" id=\"style-css-av-jjilf0nw-9a5ae466b6a784fdc40a3b10dd13b7cd\">\n.avia-image-container.av-jjilf0nw-9a5ae466b6a784fdc40a3b10dd13b7cd img.avia_image{\nbox-shadow:none;\n}\n.avia-image-container.av-jjilf0nw-9a5ae466b6a784fdc40a3b10dd13b7cd .av-image-caption-overlay-center{\ncolor:#ffffff;\n}\n<\/style>\n<div  class='avia-image-container av-jjilf0nw-9a5ae466b6a784fdc40a3b10dd13b7cd av-styling- av-hover-grow av-img-linked avia_animated_image av-animated-when-visible-95 pop-up avia-align-center  avia-builder-el-7  el_before_av_textblock  avia-builder-el-first '   itemprop=\"image\" itemscope=\"itemscope\" itemtype=\"https:\/\/schema.org\/ImageObject\" ><div class=\"avia-image-container-inner\"><div class=\"avia-image-overlay-wrap\"><a href=\"https:\/\/ness.de\/engineering\/\" class='avia_image '  aria-label='engineering'><img decoding=\"async\" fetchpriority=\"high\" class='wp-image-11895 avia-img-lazy-loading-not-11895 avia_image ' src=\"https:\/\/ness.de\/wp-content\/uploads\/2019\/10\/engineering.jpg\" alt='' title='engineering'  height=\"300\" width=\"500\"  itemprop=\"thumbnailUrl\" srcset=\"https:\/\/ness.de\/wp-content\/uploads\/2019\/10\/engineering.jpg 500w, https:\/\/ness.de\/wp-content\/uploads\/2019\/10\/engineering-300x180.jpg 300w, https:\/\/ness.de\/wp-content\/uploads\/2019\/10\/engineering-450x270.jpg 450w\" sizes=\"(max-width: 500px) 100vw, 500px\" \/><\/a><\/div><\/div><\/div><br \/>\n<section  class='av_textblock_section av-jikdoqqu-f13b1e100d1c47151f1bb554f3a8c102 '   itemscope=\"itemscope\" itemtype=\"https:\/\/schema.org\/CreativeWork\" ><div class='avia_textblock'  itemprop=\"text\" ><h2 style=\"text-align: center;\">Ing\u00e9nierie<\/h2>\n<p style=\"text-align: center;\">\u00c9tude de projet d&rsquo;installations et ing\u00e9nierie \u00e9lectrique<\/p>\n<\/div><\/section><br \/>\n<div  class='avia-button-wrap av-jiezn14j-6b8ab39ce69e565416e96fbc9d2aad2b-wrap avia-button-center  avia-builder-el-9  el_after_av_textblock  avia-builder-el-last '><a href='https:\/\/ness.de\/engineering\/'  class='avia-button av-jiezn14j-6b8ab39ce69e565416e96fbc9d2aad2b av-link-btn avia-icon_select-no avia-size-large avia-position-center avia-color-theme-color'   aria-label=\"Ing\u00e9nierie\"><span class='avia_iconbox_title' >Ing\u00e9nierie<\/span><\/a><\/div><\/p><\/div>\n\n<style type=\"text\/css\" data-created_by=\"avia_inline_auto\" id=\"style-css-av-wwco-7b89ee7edb47eb86dcda1e8fd4fae5b9\">\n.flex_column.av-wwco-7b89ee7edb47eb86dcda1e8fd4fae5b9{\nborder-radius:0px 0px 0px 0px;\npadding:0px 0px 0px 0px;\n}\n<\/style>\n<div  class='flex_column av-wwco-7b89ee7edb47eb86dcda1e8fd4fae5b9 av_one_fourth  avia-builder-el-10  el_after_av_one_fourth  el_before_av_one_fourth  flex_column_div av-zero-column-padding  column-top-margin'     ><p>\n<style type=\"text\/css\" data-created_by=\"avia_inline_auto\" id=\"style-css-av-jjilf0nw-ee5a74c7eb04e00fc55e1125b5972c78\">\n.avia-image-container.av-jjilf0nw-ee5a74c7eb04e00fc55e1125b5972c78 img.avia_image{\nbox-shadow:none;\n}\n.avia-image-container.av-jjilf0nw-ee5a74c7eb04e00fc55e1125b5972c78 .av-image-caption-overlay-center{\ncolor:#ffffff;\n}\n<\/style>\n<div  class='avia-image-container av-jjilf0nw-ee5a74c7eb04e00fc55e1125b5972c78 av-styling- av-hover-grow av-img-linked avia_animated_image av-animated-when-visible-95 pop-up avia-align-center  avia-builder-el-11  el_before_av_textblock  avia-builder-el-first '   itemprop=\"image\" itemscope=\"itemscope\" itemtype=\"https:\/\/schema.org\/ImageObject\" ><div class=\"avia-image-container-inner\"><div class=\"avia-image-overlay-wrap\"><a href=\"https:\/\/ness.de\/anlagenoptimierung\/\" class='avia_image '  aria-label='optimization'><img decoding=\"async\" fetchpriority=\"high\" class='wp-image-11894 avia-img-lazy-loading-not-11894 avia_image ' src=\"https:\/\/ness.de\/wp-content\/uploads\/2019\/10\/optimization.jpg\" alt='' title='optimization'  height=\"300\" width=\"500\"  itemprop=\"thumbnailUrl\" srcset=\"https:\/\/ness.de\/wp-content\/uploads\/2019\/10\/optimization.jpg 500w, https:\/\/ness.de\/wp-content\/uploads\/2019\/10\/optimization-300x180.jpg 300w, https:\/\/ness.de\/wp-content\/uploads\/2019\/10\/optimization-450x270.jpg 450w\" sizes=\"(max-width: 500px) 100vw, 500px\" \/><\/a><\/div><\/div><\/div><br \/>\n<section  class='av_textblock_section av-jikdoqqu-f13b1e100d1c47151f1bb554f3a8c102 '   itemscope=\"itemscope\" itemtype=\"https:\/\/schema.org\/CreativeWork\" ><div class='avia_textblock'  itemprop=\"text\" ><h2 style=\"text-align: center;\">Optimisation<\/h2>\n<p style=\"text-align: center;\">Modernisation et am\u00e9lioration des installations<\/p>\n<\/div><\/section><br \/>\n<div  class='avia-button-wrap av-jiezn14j-a25eda80b757bd2314cf389a98d43a18-wrap avia-button-center  avia-builder-el-13  el_after_av_textblock  avia-builder-el-last '><a href='https:\/\/ness.de\/anlagenoptimierung\/'  class='avia-button av-jiezn14j-a25eda80b757bd2314cf389a98d43a18 av-link-btn avia-icon_select-no avia-size-large avia-position-center avia-color-theme-color'   aria-label=\"Optimisation des installations\"><span class='avia_iconbox_title' >Optimisation des installations<\/span><\/a><\/div><\/p><\/div>\n\n<style type=\"text\/css\" data-created_by=\"avia_inline_auto\" id=\"style-css-av-2am0g-0297b65a16ed12ca7153ca526d859801\">\n.flex_column.av-2am0g-0297b65a16ed12ca7153ca526d859801{\nborder-radius:0px 0px 0px 0px;\npadding:0px 0px 0px 0px;\n}\n<\/style>\n<div  class='flex_column av-2am0g-0297b65a16ed12ca7153ca526d859801 av_one_fourth  avia-builder-el-14  el_after_av_one_fourth  el_before_av_hr  flex_column_div av-zero-column-padding  column-top-margin'     ><p>\n<style type=\"text\/css\" data-created_by=\"avia_inline_auto\" id=\"style-css-av-jjilf0nw-592ef2cdac10ee023b46e16e3ed72e4f\">\n.avia-image-container.av-jjilf0nw-592ef2cdac10ee023b46e16e3ed72e4f img.avia_image{\nbox-shadow:none;\n}\n.avia-image-container.av-jjilf0nw-592ef2cdac10ee023b46e16e3ed72e4f .av-image-caption-overlay-center{\ncolor:#ffffff;\n}\n<\/style>\n<div  class='avia-image-container av-jjilf0nw-592ef2cdac10ee023b46e16e3ed72e4f av-styling- av-hover-grow av-img-linked avia_animated_image av-animated-when-visible-95 pop-up avia-align-center  avia-builder-el-15  el_before_av_textblock  avia-builder-el-first '   itemprop=\"image\" itemscope=\"itemscope\" itemtype=\"https:\/\/schema.org\/ImageObject\" ><div class=\"avia-image-container-inner\"><div class=\"avia-image-overlay-wrap\"><a href=\"https:\/\/ness.de\/service\/\" class='avia_image '  aria-label='customer-care'><img decoding=\"async\" fetchpriority=\"high\" class='wp-image-11897 avia-img-lazy-loading-not-11897 avia_image ' src=\"https:\/\/ness.de\/wp-content\/uploads\/2019\/10\/customer-care.jpg\" alt='' title='customer-care'  height=\"300\" width=\"500\"  itemprop=\"thumbnailUrl\" srcset=\"https:\/\/ness.de\/wp-content\/uploads\/2019\/10\/customer-care.jpg 500w, https:\/\/ness.de\/wp-content\/uploads\/2019\/10\/customer-care-300x180.jpg 300w, https:\/\/ness.de\/wp-content\/uploads\/2019\/10\/customer-care-450x270.jpg 450w\" sizes=\"(max-width: 500px) 100vw, 500px\" \/><\/a><\/div><\/div><\/div><br \/>\n<section  class='av_textblock_section av-jikdoqqu-f13b1e100d1c47151f1bb554f3a8c102 '   itemscope=\"itemscope\" itemtype=\"https:\/\/schema.org\/CreativeWork\" ><div class='avia_textblock'  itemprop=\"text\" ><h2 style=\"text-align: center;\">Full-Service<\/h2>\n<p style=\"text-align: center;\">Maintenances, pi\u00e8ces de rechange, contr\u00f4les de s\u00e9curit\u00e9, et beaucoup plus encore<\/p>\n<\/div><\/section><br \/>\n<div  class='avia-button-wrap av-jiezn14j-33e5f1b890849aae101598cbe0757802-wrap avia-button-center  avia-builder-el-17  el_after_av_textblock  avia-builder-el-last '><a href='https:\/\/ness.de\/service\/'  class='avia-button av-jiezn14j-33e5f1b890849aae101598cbe0757802 av-link-btn avia-icon_select-no avia-size-large avia-position-center avia-color-theme-color'   aria-label=\"Service apr\u00e8s-vente\"><span class='avia_iconbox_title' >Service apr\u00e8s-vente<\/span><\/a><\/div><\/p><\/div>\n\n<style type=\"text\/css\" data-created_by=\"avia_inline_auto\" id=\"style-css-av-k1kly22g-03e75b829bb1d0d3a88f5f7b84d522a8\">\n#top .hr.hr-invisible.av-k1kly22g-03e75b829bb1d0d3a88f5f7b84d522a8{\nheight:50px;\n}\n<\/style>\n<div  class='hr av-k1kly22g-03e75b829bb1d0d3a88f5f7b84d522a8 hr-invisible  avia-builder-el-18  el_after_av_one_fourth  el_before_av_section  avia-builder-el-last '><span class='hr-inner '><span class=\"hr-inner-style\"><\/span><\/span><\/div>\n<\/div><\/div><\/div><!-- close content main div --><\/div><\/div>\n<style type=\"text\/css\" data-created_by=\"avia_inline_auto\" id=\"style-css-av-jiectw21-96f3e5b12c192823e699bd04b3c401d9\">\n.avia-section.av-jiectw21-96f3e5b12c192823e699bd04b3c401d9{\nbackground-color:#000000;\nbackground-image:url(https:\/\/ness.de\/wp-content\/uploads\/2018\/06\/Fa.-NESS-23170.jpg);\nbackground-repeat:no-repeat;\nbackground-position:50% 50%;\nbackground-attachment:fixed;\n}\n.avia-section.av-jiectw21-96f3e5b12c192823e699bd04b3c401d9 .av-section-color-overlay{\nopacity:0.6;\nbackground-color:#e1081a;\n}\n<\/style>\n<div id='av_section_1'  class='avia-section av-jiectw21-96f3e5b12c192823e699bd04b3c401d9 main_color avia-section-small avia-no-border-styling  avia-builder-el-19  el_after_av_hr  avia-builder-el-last  avia-full-stretch avia-bg-style-fixed av-section-color-overlay-active container_wrap sidebar_right'  data-section-bg-repeat='stretch'><div class=\"av-section-color-overlay-wrap\"><div class=\"av-section-color-overlay\"><\/div><div class='container av-section-cont-open' ><div class='template-page content  av-content-small alpha units'><div class='post-entry post-entry-type-page post-entry-11885'><div class='entry-content-wrapper clearfix'>\n<div class='flex_column_table av-1fv7w-72109d7d6aa661a72fe9f6f5d292193b sc-av_two_third av-equal-height-column-flextable'>\n<style type=\"text\/css\" data-created_by=\"avia_inline_auto\" id=\"style-css-av-1fv7w-72109d7d6aa661a72fe9f6f5d292193b\">\n.flex_column.av-1fv7w-72109d7d6aa661a72fe9f6f5d292193b{\nborder-radius:0px 0px 0px 0px;\npadding:0px 0px 0px 0px;\n}\n<\/style>\n<div  class='flex_column av-1fv7w-72109d7d6aa661a72fe9f6f5d292193b av_two_third  avia-builder-el-20  el_before_av_one_third  avia-builder-el-first  first flex_column_table_cell av-equal-height-column av-align-middle av-zero-column-padding  '     ><style type=\"text\/css\" data-created_by=\"avia_inline_auto\" id=\"style-css-av-1cjjk-9ba17c22c4efa142bbd090fe7485fe01\">\n#top .av_textblock_section.av-1cjjk-9ba17c22c4efa142bbd090fe7485fe01 .avia_textblock{\nfont-size:34px;\n}\n<\/style>\n<section  class='av_textblock_section av-1cjjk-9ba17c22c4efa142bbd090fe7485fe01 '   itemscope=\"itemscope\" itemtype=\"https:\/\/schema.org\/CreativeWork\" ><div class='avia_textblock'  itemprop=\"text\" ><div class=\"csc-textpic-text\">\n<p class=\"bodytext\"><span style=\"color: #ffffff;\">Nous vous conseillons de mani\u00e8re personnalis\u00e9e et comp\u00e9tente<\/span><\/p>\n<\/div>\n<\/div><\/section><\/div><div class='av-flex-placeholder'><\/div>\n<style type=\"text\/css\" data-created_by=\"avia_inline_auto\" id=\"style-css-av-14tx4-daf164164c2dc4340ffbc8fa80586ed5\">\n.flex_column.av-14tx4-daf164164c2dc4340ffbc8fa80586ed5{\nborder-radius:0px 0px 0px 0px;\npadding:0px 0px 0px 0px;\n}\n<\/style>\n<div  class='flex_column av-14tx4-daf164164c2dc4340ffbc8fa80586ed5 av_one_third  avia-builder-el-22  el_after_av_two_third  avia-builder-el-last  flex_column_table_cell av-equal-height-column av-align-middle av-zero-column-padding  '     ><div  class='avia-button-wrap av-jiecxirw-760fd66993aefb1c6f993afc1f1a8921-wrap avia-button-left  avia-builder-el-23  avia-builder-el-no-sibling '><a href='https:\/\/ness.de\/kontakt\/'  class='avia-button av-jiecxirw-760fd66993aefb1c6f993afc1f1a8921 av-link-btn avia-icon_select-no avia-size-large avia-position-left avia-color-theme-color-subtle'   aria-label=\"Prendre contact maintenant\"><span class='avia_iconbox_title' >Prendre contact maintenant<\/span><\/a><\/div><\/div><\/div><!--close column table wrapper. Autoclose: 1 -->\n<\/div><\/div><\/div><!-- close content main div --><\/div><\/div><\/div><div id='after_section_1'  class='main_color av_default_container_wrap container_wrap sidebar_right'  ><div class='container av-section-cont-open' ><div class='template-page content  av-content-small alpha units'><div class='post-entry post-entry-type-page post-entry-11885'><div class='entry-content-wrapper clearfix'>\n","protected":false},"excerpt":{"rendered":"","protected":false},"author":3,"featured_media":0,"parent":0,"menu_order":0,"comment_status":"closed","ping_status":"closed","template":"","meta":{"footnotes":""},"class_list":["post-11885","page","type-page","status-publish","hentry"],"yoast_head":"<!-- This site is optimized with the Yoast SEO Premium plugin v27.4 (Yoast SEO v27.4) - https:\/\/yoast.com\/product\/yoast-seo-premium-wordpress\/ -->\n<title>La chaleur industrielle pour la chaleur industrielle - NESS W\u00e4rmetechnik GmbH<\/title>\n<meta name=\"description\" content=\"Nous d\u00e9veloppons des solutions \u00e9conomiques et pratiques pour la chaleur des processus industriels et les t\u00e2ches de chauffage professionnel.\" \/>\n<meta name=\"robots\" content=\"index, follow, max-snippet:-1, max-image-preview:large, max-video-preview:-1\" \/>\n<link rel=\"canonical\" href=\"https:\/\/ness.de\/fr\/la-chaleur-industrielle\/\" \/>\n<meta property=\"og:locale\" content=\"fr_FR\" \/>\n<meta property=\"og:type\" content=\"article\" \/>\n<meta property=\"og:title\" content=\"La chaleur industrielle\" \/>\n<meta property=\"og:description\" content=\"Nous d\u00e9veloppons des solutions \u00e9conomiques et pratiques pour la chaleur des processus industriels et les t\u00e2ches de chauffage professionnel.\" \/>\n<meta property=\"og:url\" content=\"https:\/\/ness.de\/fr\/la-chaleur-industrielle\/\" \/>\n<meta property=\"og:site_name\" content=\"NESS W\u00e4rmetechnik\" \/>\n<meta property=\"article:modified_time\" content=\"2021-03-29T09:21:40+00:00\" \/>\n<meta name=\"twitter:card\" content=\"summary_large_image\" \/>\n<meta name=\"twitter:label1\" content=\"Dur\u00e9e de lecture estim\u00e9e\" \/>\n\t<meta name=\"twitter:data1\" content=\"4 minutes\" \/>\n<!-- \/ Yoast SEO Premium plugin. -->","yoast_head_json":{"title":"La chaleur industrielle pour la chaleur industrielle - NESS W\u00e4rmetechnik GmbH","description":"Nous d\u00e9veloppons des solutions \u00e9conomiques et pratiques pour la chaleur des processus industriels et les t\u00e2ches de chauffage professionnel.","robots":{"index":"index","follow":"follow","max-snippet":"max-snippet:-1","max-image-preview":"max-image-preview:large","max-video-preview":"max-video-preview:-1"},"canonical":"https:\/\/ness.de\/fr\/la-chaleur-industrielle\/","og_locale":"fr_FR","og_type":"article","og_title":"La chaleur industrielle","og_description":"Nous d\u00e9veloppons des solutions \u00e9conomiques et pratiques pour la chaleur des processus industriels et les t\u00e2ches de chauffage professionnel.","og_url":"https:\/\/ness.de\/fr\/la-chaleur-industrielle\/","og_site_name":"NESS W\u00e4rmetechnik","article_modified_time":"2021-03-29T09:21:40+00:00","twitter_card":"summary_large_image","twitter_misc":{"Dur\u00e9e de lecture estim\u00e9e":"4 minutes"},"schema":{"@context":"https:\/\/schema.org","@graph":[{"@type":"WebPage","@id":"https:\/\/ness.de\/fr\/la-chaleur-industrielle\/","url":"https:\/\/ness.de\/fr\/la-chaleur-industrielle\/","name":"La chaleur industrielle pour la chaleur industrielle - NESS W\u00e4rmetechnik GmbH","isPartOf":{"@id":"https:\/\/ness.de\/#website"},"datePublished":"2021-03-19T08:03:22+00:00","dateModified":"2021-03-29T09:21:40+00:00","description":"Nous d\u00e9veloppons des solutions \u00e9conomiques et pratiques pour la chaleur des processus industriels et les t\u00e2ches de chauffage professionnel.","breadcrumb":{"@id":"https:\/\/ness.de\/fr\/la-chaleur-industrielle\/#breadcrumb"},"inLanguage":"fr-FR","potentialAction":[{"@type":"ReadAction","target":["https:\/\/ness.de\/fr\/la-chaleur-industrielle\/"]}]},{"@type":"BreadcrumbList","@id":"https:\/\/ness.de\/fr\/la-chaleur-industrielle\/#breadcrumb","itemListElement":[{"@type":"ListItem","position":1,"name":"Startseite","item":"https:\/\/ness.de\/fr\/"},{"@type":"ListItem","position":2,"name":"La chaleur industrielle"}]},{"@type":"WebSite","@id":"https:\/\/ness.de\/#website","url":"https:\/\/ness.de\/","name":"NESS W\u00e4rmetechnik","description":"The Process Heat Company","publisher":{"@id":"https:\/\/ness.de\/#organization"},"potentialAction":[{"@type":"SearchAction","target":{"@type":"EntryPoint","urlTemplate":"https:\/\/ness.de\/?s={search_term_string}"},"query-input":{"@type":"PropertyValueSpecification","valueRequired":true,"valueName":"search_term_string"}}],"inLanguage":"fr-FR"},{"@type":"Organization","@id":"https:\/\/ness.de\/#organization","name":"NESS W\u00e4rmetechnik GmbH","url":"https:\/\/ness.de\/","logo":{"@type":"ImageObject","inLanguage":"fr-FR","@id":"https:\/\/ness.de\/#\/schema\/logo\/image\/","url":"https:\/\/ness.de\/wp-content\/uploads\/2018\/06\/ness_logo_web-01.png","contentUrl":"https:\/\/ness.de\/wp-content\/uploads\/2018\/06\/ness_logo_web-01.png","width":492,"height":210,"caption":"NESS W\u00e4rmetechnik GmbH"},"image":{"@id":"https:\/\/ness.de\/#\/schema\/logo\/image\/"},"sameAs":["https:\/\/www.linkedin.com\/company\/12209647\/","https:\/\/www.youtube.com\/channel\/UCDhnohU-u-vr6G2SDUw0dbQ"]}]}},"_links":{"self":[{"href":"https:\/\/ness.de\/fr\/wp-json\/wp\/v2\/pages\/11885","targetHints":{"allow":["GET"]}}],"collection":[{"href":"https:\/\/ness.de\/fr\/wp-json\/wp\/v2\/pages"}],"about":[{"href":"https:\/\/ness.de\/fr\/wp-json\/wp\/v2\/types\/page"}],"author":[{"embeddable":true,"href":"https:\/\/ness.de\/fr\/wp-json\/wp\/v2\/users\/3"}],"replies":[{"embeddable":true,"href":"https:\/\/ness.de\/fr\/wp-json\/wp\/v2\/comments?post=11885"}],"version-history":[{"count":10,"href":"https:\/\/ness.de\/fr\/wp-json\/wp\/v2\/pages\/11885\/revisions"}],"predecessor-version":[{"id":13497,"href":"https:\/\/ness.de\/fr\/wp-json\/wp\/v2\/pages\/11885\/revisions\/13497"}],"wp:attachment":[{"href":"https:\/\/ness.de\/fr\/wp-json\/wp\/v2\/media?parent=11885"}],"curies":[{"name":"wp","href":"https:\/\/api.w.org\/{rel}","templated":true}]}}