{"id":3392,"date":"2018-08-23T17:04:25","date_gmt":"2018-08-23T15:04:25","guid":{"rendered":"http:\/\/wordpress.p466486.webspaceconfig.de\/downloads\/"},"modified":"2025-04-28T11:30:38","modified_gmt":"2025-04-28T09:30:38","slug":"downloads","status":"publish","type":"page","link":"https:\/\/ness.de\/en\/downloads\/","title":{"rendered":"Downloads"},"content":{"rendered":"<div id='full_slider_1'  class='avia-fullwidth-slider main_color avia-shadow av-small-hide av-mini-hide  avia-builder-el-0  el_before_av_section  avia-builder-el-first   container_wrap sidebar_right'  ><div  class='avia-slideshow av-jikbtuwa-2063d4434b0b3dc9534c71bd2000221e avia-slideshow-featured av_slideshow_full avia-slide-slider av-small-hide av-mini-hide av-slideshow-ui av-control-default av-slideshow-manual av-loop-once av-loop-manual-endless av-default-height-applied   avia-slideshow-1' data-slideshow-options=\"{&quot;animation&quot;:&quot;slide&quot;,&quot;autoplay&quot;:false,&quot;loop_autoplay&quot;:&quot;once&quot;,&quot;interval&quot;:7,&quot;loop_manual&quot;:&quot;manual-endless&quot;,&quot;autoplay_stopper&quot;:false,&quot;noNavigation&quot;:false,&quot;bg_slider&quot;:false,&quot;keep_padding&quot;:false,&quot;hoverpause&quot;:false,&quot;show_slide_delay&quot;:0}\"  itemprop=\"image\" itemscope=\"itemscope\" itemtype=\"https:\/\/schema.org\/ImageObject\" ><ul class='avia-slideshow-inner ' style='padding-bottom: 31.818181818182%;'><li  data-controls='aviaTBaviaTBvideo_controls' data-mute='aviaTBaviaTBvideo_mute' data-loop='aviaTBaviaTBvideo_loop' data-disable-autoplay=''  data-video-height='197' data-video-toppos='-48.5' data-video-ratio='3.4883720930233' class='avia-slideshow-slide av-jikbtuwa-2063d4434b0b3dc9534c71bd2000221e__0  av-video-slide  av-video-service-html5  av-hide-video-controls av-mute-video av-loop-video av-mobile-fallback-image  av-video-stretch av-single-slide slide-1 slide-odd'><div data-rel='slideshow-1' class='avia-slide-wrap '    itemprop=\"video\" itemtype=\"https:\/\/schema.org\/VideoObject\" ><div class='av-click-overlay'><\/div><video class='avia_video'  autoplay playsinline loop preload=\"metadata\" muted  id='player_3392_1908592454_302395022'><source src=\"https:\/\/ness.de\/wp-content\/uploads\/2022\/06\/NESS-Firma.mp4\" type=\"video\/mp4\" \/><\/video><div class=\"av-click-to-play-overlay\"><div class=\"avia_playpause_icon\"><\/div><\/div><\/div><\/li><\/ul><\/div><\/div>\n<div id='av_section_1'  class='avia-section av-2wm50-acaa273e2697e29ee8de4f4cc4a0101d main_color avia-section-large avia-no-border-styling  avia-builder-el-1  el_after_av_slideshow_full  el_before_av_tab_section  avia-bg-style-scroll container_wrap sidebar_right'  ><div class='container av-section-cont-open' ><div class='template-page content  av-content-small alpha units'><div class='post-entry post-entry-type-page post-entry-3392'><div class='entry-content-wrapper clearfix'>\n<div class='flex_column_table av-26zgc-40e6bb468d60f1a01784778e68a56410 sc-av_one_full av-equal-height-column-flextable'>\n<style type=\"text\/css\" data-created_by=\"avia_inline_auto\" id=\"style-css-av-26zgc-40e6bb468d60f1a01784778e68a56410\">\n.flex_column.av-26zgc-40e6bb468d60f1a01784778e68a56410{\nborder-radius:0px 0px 0px 0px;\npadding:0px 0px 0px 0px;\n}\n<\/style>\n<div  class='flex_column av-26zgc-40e6bb468d60f1a01784778e68a56410 av_one_full  avia-builder-el-2  avia-builder-el-no-sibling  first flex_column_table_cell av-equal-height-column av-align-middle av-zero-column-padding  '     ><section  class='av_textblock_section av-1cjjk-9ed203448515012ba4ccc0c8a497fedf '   itemscope=\"itemscope\" itemtype=\"https:\/\/schema.org\/CreativeWork\" ><div class='avia_textblock'  itemprop=\"text\" ><h1 style=\"text-align: center;\">Download Center<\/h1>\n<h2 style=\"font-weight: 400; text-align: center;\"><span id=\"result_box\" class=\"\" lang=\"en\"><span class=\"\">Here you can download all important documents and other media files<\/span><\/span><span id=\"result_box\" class=\"\" lang=\"en\"><\/span><\/h2>\n<\/div><\/section><\/div><\/div><!--close column table wrapper. Autoclose: 1 -->\n\n<\/div><\/div><\/div><!-- close content main div --><\/div><\/div><div id='av-tab-section-1'  class='av-tab-section-container entry-content-wrapper main_color av-tab-no-transition av-tab-content-auto  av-tab-above-content  avia-builder-el-4  el_after_av_section  avia-builder-el-last  tab-section-not-first container_wrap sidebar_right'  ><div class='av-tab-section-outer-container av-2f816n-9a23d17ecdece97e3586138c722f22f5'><div class='av-tab-section-tab-title-container avia-tab-title-padding-small' role='tablist'><a href='#ness-broschueren' data-av-tab-section-title='1' class='av-section-tab-title av-active-tab-title no-scroll av-jje9ucw6-456b9d9da15e7e49141f7216b7273c59 av-tab-no-icon av-tab-no-image ' role='tab' tabindex='0' aria-controls='av-tab-section-1-1'><span class='av-outer-tab-title'><span class='av-inner-tab-title'>NESS Brosch\u00fcren<\/span><\/span><span class=\"av-tab-arrow-container\"><span><\/span><\/span><\/a><a href='#nessessities' data-av-tab-section-title='2' class='av-section-tab-title  av-jje9vblj-d77609e12ec7bda2a5470f8f90455934 av-tab-no-icon av-tab-no-image ' role='tab' tabindex='0' aria-controls='av-tab-section-1-2'><span class='av-outer-tab-title'><span class='av-inner-tab-title'>NESSessities<\/span><\/span><span class=\"av-tab-arrow-container\"><span><\/span><\/span><\/a><a href='#questionnaires' data-av-tab-section-title='3' class='av-section-tab-title  av-kdpvs2ft-ca0c4cb44f21078bd97969781d7645cf av-tab-no-icon av-tab-no-image ' role='tab' tabindex='0' aria-controls='av-tab-section-1-3'><span class='av-outer-tab-title'><span class='av-inner-tab-title'>Questionnaires<\/span><\/span><span class=\"av-tab-arrow-container\"><span><\/span><\/span><\/a><a href='#general-terms-of-sale-delivery-and-purchase' data-av-tab-section-title='4' class='av-section-tab-title  av-jje9vblj-06381db3fb92e36c9619dcce42ef233d av-tab-no-icon av-tab-no-image ' role='tab' tabindex='0' aria-controls='av-tab-section-1-4'><span class='av-outer-tab-title'><span class='av-inner-tab-title'>General terms of sale, delivery and purchase<\/span><\/span><span class=\"av-tab-arrow-container\"><span><\/span><\/span><\/a><a href='#general-terms-and-conditions-of-purchase' data-av-tab-section-title='5' class='av-section-tab-title  av-jvw2eo28-accb2efd4f0f06b6b4e07ba1bf172bfa av-tab-no-icon av-tab-no-image ' role='tab' tabindex='0' aria-controls='av-tab-section-1-5'><span class='av-outer-tab-title'><span class='av-inner-tab-title'>General terms and conditions of purchase<\/span><\/span><span class=\"av-tab-arrow-container\"><span><\/span><\/span><\/a><a href='#certifications' data-av-tab-section-title='6' class='av-section-tab-title  av-jvw2eo28-f391138401fec640fb299d4ed852ecf1 av-tab-no-icon av-tab-no-image ' role='tab' tabindex='0' aria-controls='av-tab-section-1-6'><span class='av-outer-tab-title'><span class='av-inner-tab-title'>Certifications<\/span><\/span><span class=\"av-tab-arrow-container\"><span><\/span><\/span><\/a><\/div><div class='avia-slideshow-arrows av-tabsection-arrow' ><a href='#prev' class='prev-slide av_prev_tab_section av-tab-section-slide avia-svg-icon avia-font-svg_entypo-fontello' data-av_svg_icon='left-open-big' data-av_iconset='svg_entypo-fontello' tabindex='-1' title=\"Previous\"><svg version=\"1.1\" xmlns=\"http:\/\/www.w3.org\/2000\/svg\" width=\"15\" height=\"32\" viewBox=\"0 0 15 32\" preserveAspectRatio=\"xMidYMid meet\" aria-labelledby='av-svg-title-1' aria-describedby='av-svg-desc-1' role=\"graphics-symbol\" aria-hidden=\"true\">\n<title id='av-svg-title-1'>Previous<\/title>\n<desc id='av-svg-desc-1'>Previous<\/desc>\n<path d=\"M14.464 27.84q0.832 0.832 0 1.536-0.832 0.832-1.536 0l-12.544-12.608q-0.768-0.768 0-1.6l12.544-12.608q0.704-0.832 1.536 0 0.832 0.704 0 1.536l-11.456 11.904z\"><\/path>\n<\/svg><span class='avia_hidden_link_text'>Previous<\/span><\/a><a href='#next' class='next-slide av_next_tab_section av-tab-section-slide avia-svg-icon avia-font-svg_entypo-fontello' data-av_svg_icon='right-open-big' data-av_iconset='svg_entypo-fontello' tabindex='-1' title=\"Next\"><svg version=\"1.1\" xmlns=\"http:\/\/www.w3.org\/2000\/svg\" width=\"15\" height=\"32\" viewBox=\"0 0 15 32\" preserveAspectRatio=\"xMidYMid meet\" aria-labelledby='av-svg-title-2' aria-describedby='av-svg-desc-2' role=\"graphics-symbol\" aria-hidden=\"true\">\n<title id='av-svg-title-2'>Next<\/title>\n<desc id='av-svg-desc-2'>Next<\/desc>\n<path d=\"M0.416 27.84l11.456-11.84-11.456-11.904q-0.832-0.832 0-1.536 0.832-0.832 1.536 0l12.544 12.608q0.768 0.832 0 1.6l-12.544 12.608q-0.704 0.832-1.536 0-0.832-0.704 0-1.536z\"><\/path>\n<\/svg><span class='avia_hidden_link_text'>Next<\/span><\/a><\/div><div class='av-tab-section-inner-container avia-section-default' style='width:600vw; left:0%;'><span class=\"av_prev_tab_section av_tab_navigation\"><\/span><span class=\"av_next_tab_section av_tab_navigation\"><\/span>\n\n<style type=\"text\/css\" data-created_by=\"avia_inline_auto\" id=\"style-css-av-jje9ucw6-456b9d9da15e7e49141f7216b7273c59\">\n.av-layout-tab.av-jje9ucw6-456b9d9da15e7e49141f7216b7273c59{\nvertical-align:top;\n}\n<\/style>\n<div id='av-tab-section-1-1' class='av-layout-tab av-jje9ucw6-456b9d9da15e7e49141f7216b7273c59 av-animation-delay-container  avia-builder-el-5  el_before_av_tab_sub_section  avia-builder-el-first  av-active-tab-content __av_init_open ' data-av-deeplink-tabs=\"\" data-av-tab-section-content=\"1\" data-tab-section-id=\"ness-broschueren\"><div class=\"av-layout-tab-inner\"><div class=\"container\"><section  class='av_textblock_section av-jjea68s9-85861ea8b1a93a75a734d6dd7545f7c2 '   itemscope=\"itemscope\" itemtype=\"https:\/\/schema.org\/CreativeWork\" ><div class='avia_textblock'  itemprop=\"text\" ><p><strong>NESS Image <span id=\"result_box\" class=\"short_text\" lang=\"en\"><span class=\"\">brochure<\/span><\/span><br \/>\n<\/strong><\/p>\n<p>> <a href=\"\/wp-content\/uploads\/2019\/09\/NESS_Companybrochure_V05_01_EN.pdf\">Image\u00a0<span id=\"result_box\" class=\"short_text\" lang=\"en\"><span class=\"\">brochure<\/span><\/span><\/a><\/p>\n<p>> <a href=\"\/wp-content\/uploads\/2021\/04\/NESS_Servicebroschuere_V02_02_EN-lowres.pdf\">Service <span id=\"result_box\" class=\"short_text\" lang=\"en\"><span class=\"\">brochure<\/span><\/span><\/a><\/p>\n<p><strong>NESS Product <span id=\"result_box\" class=\"short_text\" lang=\"en\"><span class=\"\">brochures<\/span><\/span><br \/>\n<\/strong><\/p>\n<p>> <a href=\"\/wp-content\/uploads\/2021\/02\/NESS_WEH_WEV_V03_01_EN-lowres.pdf\">NESS Thermal oil heaters WEH\/WEV<span id=\"result_box\" class=\"short_text\" lang=\"en\"><\/span><\/a><\/p>\n<p>> <a href=\"\/wp-content\/uploads\/2021\/03\/NESS_BIOMASS_V03_01_EN-lowres.pdf\">NESS Biomass plants<\/a><\/p>\n<p><strong>NESS Heat Process Factsheets<\/strong><\/p>\n<p>> <a href=\"https:\/\/ness.de\/wp-content\/uploads\/2018\/11\/NESS-Waermetraegeroelanlagen_V01_02_EN.pdf\">NESS Thermal oil systems<\/a><\/p>\n<p>> <a href=\"https:\/\/ness.de\/wp-content\/uploads\/2018\/11\/NESS_EWE_V01_01_EN.pdf\">NESS Electric thermal oil heater EWE<\/a><\/p>\n<p>> <a href=\"https:\/\/ness.de\/wp-content\/uploads\/2018\/11\/NESS_HeatCooling_circuits_V01_01_EN.pdf\">NESS Heating and cooling systems<\/a><\/p>\n<p>> <a href=\"https:\/\/ness.de\/wp-content\/uploads\/2018\/11\/NESS_Steam_Hotwater_V01_01_EN.pdf\">NESS Steam systems \/ Hot water systems<\/a><\/p>\n<p>> <a href=\"https:\/\/ness.de\/wp-content\/uploads\/2018\/11\/NESS_Secondary_circuits_V01_01_EN.pdf\">NESS Secondary circuits<\/a><\/p>\n<p>> <a href=\"https:\/\/ness.de\/wp-content\/uploads\/2018\/11\/NESS_Luvo_V01_01_EN.pdf\">NESS Combustion air pre-heater Luvo<\/a><\/p>\n<p>> <a href=\"https:\/\/ness.de\/wp-content\/uploads\/2018\/11\/NESS_Heat_exchanger_systems_V01_01_EN.pdf\">NESS Heat exchanger systems<\/a><\/p>\n<\/div><\/section>\n<\/div><\/div><\/div>\n<style type=\"text\/css\" data-created_by=\"avia_inline_auto\" id=\"style-css-av-jje9vblj-d77609e12ec7bda2a5470f8f90455934\">\n.av-layout-tab.av-jje9vblj-d77609e12ec7bda2a5470f8f90455934{\nvertical-align:top;\n}\n<\/style>\n<div id='av-tab-section-1-2' class='av-layout-tab av-jje9vblj-d77609e12ec7bda2a5470f8f90455934 av-animation-delay-container  avia-builder-el-7  el_after_av_tab_sub_section  el_before_av_tab_sub_section  ' data-av-deeplink-tabs=\"\" data-av-tab-section-content=\"2\" data-tab-section-id=\"nessessities\"><div class=\"av-layout-tab-inner\"><div class=\"container\"><section  class='av_textblock_section av-jjeatdup-f0aadba1acc360b7cf6d631654ed488d '   itemscope=\"itemscope\" itemtype=\"https:\/\/schema.org\/CreativeWork\" ><div class='avia_textblock'  itemprop=\"text\" ><p><strong>NESSessities brochure<br \/>\n<\/strong><\/p>\n<p>&gt; <a href=\"\/wp-content\/uploads\/2019\/09\/NESSessitiesbrochure_V04_01_EN-lowres.pdf\">NESSessities broschure<\/a><\/p>\n<p><strong>NESSessities Data Sheets<\/strong><\/p>\n<p>&gt; <a href=\"https:\/\/ness.de\/wp-content\/uploads\/2018\/08\/NESS_NPK40_V01_01_EN.pdf\">Sample cooler<\/a><\/p>\n<p>&gt; <a href=\"https:\/\/ness.de\/wp-content\/uploads\/2018\/08\/NESS_FFX00_V01_01_EN.pdf\">Fine filter station<\/a><\/p>\n<p>&gt; <a href=\"https:\/\/ness.de\/wp-content\/uploads\/2018\/08\/NESS_NALD250_V01_01_EN.pdf\">Light-ends removal system<\/a><\/p>\n<p>&gt; <a href=\"https:\/\/ness.de\/wp-content\/uploads\/2018\/08\/NESS_NBS_V01_01_EN.pdf\">Nitrogen blanket system<\/a><\/p>\n<p>&gt; <a href=\"https:\/\/ness.de\/wp-content\/uploads\/2018\/08\/NESS_NPCX_V01_01_EN.pdf\">Pump monitoring<\/a><\/p>\n<p>&gt; <a href=\"https:\/\/ness.de\/wp-content\/uploads\/2018\/08\/NESS_NEWM_V01_02_EN-1.pdf\">Extinguishing systems<\/a><\/p>\n<p>&gt; <a href=\"https:\/\/ness.de\/wp-content\/uploads\/2018\/08\/NESS_Safeflange_V01_01_EN.pdf\">Safe-flange<\/a><\/p>\n<p>&gt; <a href=\"\/wp-content\/uploads\/2025\/04\/NESS_NG2000_V01_02_EN.pdf\">Nitrogen generator<\/a><\/p>\n<p>&gt; <a href=\"https:\/\/ness.de\/wp-content\/uploads\/2019\/03\/NESS-Mobile-Druckpruefpumpe_V01_02_EN.pdf\">Mobile Pressure Test Pump<\/a><\/p>\n<p>&gt; <a href=\"https:\/\/ness.de\/wp-content\/uploads\/2019\/12\/NESS-Mobile_Kuehleinrichtung_V01_02_EN.pdf\">Mobile Cooling Unit<\/a><\/p>\n<\/div><\/section>\n<\/div><\/div><\/div>\n<style type=\"text\/css\" data-created_by=\"avia_inline_auto\" id=\"style-css-av-kdpvs2ft-ca0c4cb44f21078bd97969781d7645cf\">\n.av-layout-tab.av-kdpvs2ft-ca0c4cb44f21078bd97969781d7645cf{\nvertical-align:top;\n}\n<\/style>\n<div id='av-tab-section-1-3' class='av-layout-tab av-kdpvs2ft-ca0c4cb44f21078bd97969781d7645cf av-animation-delay-container  avia-builder-el-9  el_after_av_tab_sub_section  el_before_av_tab_sub_section  ' data-av-deeplink-tabs=\"\" data-av-tab-section-content=\"3\" data-tab-section-id=\"questionnaires\"><div class=\"av-layout-tab-inner\"><div class=\"container\"><section  class='av_textblock_section av-jjea68s9-85861ea8b1a93a75a734d6dd7545f7c2 '   itemscope=\"itemscope\" itemtype=\"https:\/\/schema.org\/CreativeWork\" ><div class='avia_textblock'  itemprop=\"text\" ><p>> <a href=\"\/wp-content\/uploads\/2020\/08\/NESS_Fragebogen_W\u00e4rmetr\u00e4ger\u00f6lanlagen_V01_01_EN_web.pdf\">Questionnaire for thermal oil plants<\/a><\/p>\n<p>> <a href=\"\/wp-content\/uploads\/2020\/09\/NESS_Fragebogen_NESSessities_V01_02_EN.pdf\">Questionnaire for NESSessities<\/a><\/p>\n<\/div><\/section>\n<\/div><\/div><\/div>\n<style type=\"text\/css\" data-created_by=\"avia_inline_auto\" id=\"style-css-av-jje9vblj-06381db3fb92e36c9619dcce42ef233d\">\n.av-layout-tab.av-jje9vblj-06381db3fb92e36c9619dcce42ef233d{\nvertical-align:top;\n}\n<\/style>\n<div id='av-tab-section-1-4' class='av-layout-tab av-jje9vblj-06381db3fb92e36c9619dcce42ef233d av-animation-delay-container  avia-builder-el-11  el_after_av_tab_sub_section  el_before_av_tab_sub_section  ' data-av-deeplink-tabs=\"\" data-av-tab-section-content=\"4\" data-tab-section-id=\"general-terms-of-sale-delivery-and-purchase\"><div class=\"av-layout-tab-inner\"><div class=\"container\"><section  class='av_textblock_section av-jjeatdup-0428834f10ff6bf815d39ead897ef34f '   itemscope=\"itemscope\" itemtype=\"https:\/\/schema.org\/CreativeWork\" ><div class='avia_textblock'  itemprop=\"text\" ><p>> <a href=\"\/wp-content\/uploads\/2019\/04\/Verkaufsbed-NWT-0419-E.pdf\">NESS General terms of sale and delivery<\/a><\/p>\n<\/div><\/section>\n<\/div><\/div><\/div>\n<style type=\"text\/css\" data-created_by=\"avia_inline_auto\" id=\"style-css-av-jvw2eo28-accb2efd4f0f06b6b4e07ba1bf172bfa\">\n.av-layout-tab.av-jvw2eo28-accb2efd4f0f06b6b4e07ba1bf172bfa{\nvertical-align:top;\n}\n<\/style>\n<div id='av-tab-section-1-5' class='av-layout-tab av-jvw2eo28-accb2efd4f0f06b6b4e07ba1bf172bfa av-animation-delay-container  avia-builder-el-13  el_after_av_tab_sub_section  el_before_av_tab_sub_section  ' data-av-deeplink-tabs=\"\" data-av-tab-section-content=\"5\" data-tab-section-id=\"general-terms-and-conditions-of-purchase\"><div class=\"av-layout-tab-inner\"><div class=\"container\"><section  class='av_textblock_section av-jvw2fgbz-9cd81938c0127daf8b82b206bb430539 '   itemscope=\"itemscope\" itemtype=\"https:\/\/schema.org\/CreativeWork\" ><div class='avia_textblock'  itemprop=\"text\" ><p>> <a href=\"https:\/\/ness.de\/wp-content\/uploads\/2019\/05\/Einkaufsbed-NWT-0618_E.pdf\">NESS General terms and conditions of purchase<\/a><\/p>\n<\/div><\/section>\n<\/div><\/div><\/div>\n<style type=\"text\/css\" data-created_by=\"avia_inline_auto\" id=\"style-css-av-jvw2eo28-f391138401fec640fb299d4ed852ecf1\">\n.av-layout-tab.av-jvw2eo28-f391138401fec640fb299d4ed852ecf1{\nvertical-align:top;\n}\n<\/style>\n<div id='av-tab-section-1-6' class='av-layout-tab av-jvw2eo28-f391138401fec640fb299d4ed852ecf1 av-animation-delay-container  avia-builder-el-15  el_after_av_tab_sub_section  avia-builder-el-last  ' data-av-deeplink-tabs=\"\" data-av-tab-section-content=\"6\" data-tab-section-id=\"certifications\"><div class=\"av-layout-tab-inner\"><div class=\"container\"><section  class='av_textblock_section av-jvw2fgbz-9cd81938c0127daf8b82b206bb430539 '   itemscope=\"itemscope\" itemtype=\"https:\/\/schema.org\/CreativeWork\" ><div class='avia_textblock'  itemprop=\"text\" ><p>> <a href=\"https:\/\/ness.de\/en\/certifications\/\">About our certifications<\/a><\/p>\n<\/div><\/section>\n<\/div><\/div><\/div><\/div><\/div><\/div>\n","protected":false},"excerpt":{"rendered":"","protected":false},"author":3,"featured_media":0,"parent":0,"menu_order":0,"comment_status":"closed","ping_status":"closed","template":"","meta":{"footnotes":""},"class_list":["post-3392","page","type-page","status-publish","hentry"],"yoast_head":"<!-- This site is optimized with the Yoast SEO Premium plugin v27.4 (Yoast SEO v27.4) - https:\/\/yoast.com\/product\/yoast-seo-premium-wordpress\/ -->\n<title>Downloadcenter for your Downloads - NESS W\u00e4rmetechnik GmbH<\/title>\n<meta name=\"description\" content=\"In the Downloads section you will find all the important data sheets, printed matter and other media files in digital form for downloading.\" \/>\n<meta name=\"robots\" content=\"index, follow, max-snippet:-1, max-image-preview:large, max-video-preview:-1\" \/>\n<link rel=\"canonical\" href=\"https:\/\/ness.de\/en\/downloads\/\" \/>\n<meta property=\"og:locale\" content=\"en_US\" \/>\n<meta property=\"og:type\" content=\"article\" \/>\n<meta property=\"og:title\" content=\"Downloads\" \/>\n<meta property=\"og:description\" content=\"In the Downloads section you will find all the important data sheets, printed matter and other media files in digital form for downloading.\" \/>\n<meta property=\"og:url\" content=\"https:\/\/ness.de\/en\/downloads\/\" \/>\n<meta property=\"og:site_name\" content=\"NESS W\u00e4rmetechnik\" \/>\n<meta property=\"article:modified_time\" content=\"2025-04-28T09:30:38+00:00\" \/>\n<meta name=\"twitter:card\" content=\"summary_large_image\" \/>\n<meta name=\"twitter:label1\" content=\"Est. reading time\" \/>\n\t<meta name=\"twitter:data1\" content=\"1 minute\" \/>\n<!-- \/ Yoast SEO Premium plugin. -->","yoast_head_json":{"title":"Downloadcenter for your Downloads - NESS W\u00e4rmetechnik GmbH","description":"In the Downloads section you will find all the important data sheets, printed matter and other media files in digital form for downloading.","robots":{"index":"index","follow":"follow","max-snippet":"max-snippet:-1","max-image-preview":"max-image-preview:large","max-video-preview":"max-video-preview:-1"},"canonical":"https:\/\/ness.de\/en\/downloads\/","og_locale":"en_US","og_type":"article","og_title":"Downloads","og_description":"In the Downloads section you will find all the important data sheets, printed matter and other media files in digital form for downloading.","og_url":"https:\/\/ness.de\/en\/downloads\/","og_site_name":"NESS W\u00e4rmetechnik","article_modified_time":"2025-04-28T09:30:38+00:00","twitter_card":"summary_large_image","twitter_misc":{"Est. reading time":"1 minute"},"schema":{"@context":"https:\/\/schema.org","@graph":[{"@type":"WebPage","@id":"https:\/\/ness.de\/en\/downloads\/","url":"https:\/\/ness.de\/en\/downloads\/","name":"Downloadcenter for your Downloads - NESS W\u00e4rmetechnik GmbH","isPartOf":{"@id":"https:\/\/ness.de\/#website"},"datePublished":"2018-08-23T15:04:25+00:00","dateModified":"2025-04-28T09:30:38+00:00","description":"In the Downloads section you will find all the important data sheets, printed matter and other media files in digital form for downloading.","breadcrumb":{"@id":"https:\/\/ness.de\/en\/downloads\/#breadcrumb"},"inLanguage":"en-US","potentialAction":[{"@type":"ReadAction","target":["https:\/\/ness.de\/en\/downloads\/"]}]},{"@type":"BreadcrumbList","@id":"https:\/\/ness.de\/en\/downloads\/#breadcrumb","itemListElement":[{"@type":"ListItem","position":1,"name":"Startseite","item":"https:\/\/ness.de\/en\/"},{"@type":"ListItem","position":2,"name":"Downloads"}]},{"@type":"WebSite","@id":"https:\/\/ness.de\/#website","url":"https:\/\/ness.de\/","name":"NESS W\u00e4rmetechnik","description":"The Process Heat Company","publisher":{"@id":"https:\/\/ness.de\/#organization"},"potentialAction":[{"@type":"SearchAction","target":{"@type":"EntryPoint","urlTemplate":"https:\/\/ness.de\/?s={search_term_string}"},"query-input":{"@type":"PropertyValueSpecification","valueRequired":true,"valueName":"search_term_string"}}],"inLanguage":"en-US"},{"@type":"Organization","@id":"https:\/\/ness.de\/#organization","name":"NESS W\u00e4rmetechnik GmbH","url":"https:\/\/ness.de\/","logo":{"@type":"ImageObject","inLanguage":"en-US","@id":"https:\/\/ness.de\/#\/schema\/logo\/image\/","url":"https:\/\/ness.de\/wp-content\/uploads\/2018\/06\/ness_logo_web-01.png","contentUrl":"https:\/\/ness.de\/wp-content\/uploads\/2018\/06\/ness_logo_web-01.png","width":492,"height":210,"caption":"NESS W\u00e4rmetechnik GmbH"},"image":{"@id":"https:\/\/ness.de\/#\/schema\/logo\/image\/"},"sameAs":["https:\/\/www.linkedin.com\/company\/12209647\/","https:\/\/www.youtube.com\/channel\/UCDhnohU-u-vr6G2SDUw0dbQ"]}]}},"_links":{"self":[{"href":"https:\/\/ness.de\/en\/wp-json\/wp\/v2\/pages\/3392","targetHints":{"allow":["GET"]}}],"collection":[{"href":"https:\/\/ness.de\/en\/wp-json\/wp\/v2\/pages"}],"about":[{"href":"https:\/\/ness.de\/en\/wp-json\/wp\/v2\/types\/page"}],"author":[{"embeddable":true,"href":"https:\/\/ness.de\/en\/wp-json\/wp\/v2\/users\/3"}],"replies":[{"embeddable":true,"href":"https:\/\/ness.de\/en\/wp-json\/wp\/v2\/comments?post=3392"}],"version-history":[{"count":43,"href":"https:\/\/ness.de\/en\/wp-json\/wp\/v2\/pages\/3392\/revisions"}],"predecessor-version":[{"id":26155,"href":"https:\/\/ness.de\/en\/wp-json\/wp\/v2\/pages\/3392\/revisions\/26155"}],"wp:attachment":[{"href":"https:\/\/ness.de\/en\/wp-json\/wp\/v2\/media?parent=3392"}],"curies":[{"name":"wp","href":"https:\/\/api.w.org\/{rel}","templated":true}]}}