{"id":24836,"date":"2025-02-13T14:07:38","date_gmt":"2025-02-13T13:07:38","guid":{"rendered":"https:\/\/www.ness.de\/?page_id=24836"},"modified":"2025-02-13T14:07:40","modified_gmt":"2025-02-13T13:07:40","slug":"fabian-modinger","status":"publish","type":"page","link":"https:\/\/ness.de\/en\/fabian-modinger\/","title":{"rendered":"Fabian M\u00f6dinger"},"content":{"rendered":"<\/p>\n<div id='full_slider_1'  class='avia-fullwidth-slider main_color avia-shadow   avia-builder-el-0  el_before_av_section  avia-builder-el-first   container_wrap sidebar_right'  ><div  class='avia-slideshow av-jikbtuwa-ee5a83d329fa3927c8b57c458fd907bd avia-slideshow-featured av_slideshow_full avia-slide-slider av-slideshow-ui av-control-default av-slideshow-manual av-loop-once av-loop-manual-endless av-default-height-applied   avia-slideshow-1' data-slideshow-options=\"{&quot;animation&quot;:&quot;slide&quot;,&quot;autoplay&quot;:false,&quot;loop_autoplay&quot;:&quot;once&quot;,&quot;interval&quot;:7,&quot;loop_manual&quot;:&quot;manual-endless&quot;,&quot;autoplay_stopper&quot;:false,&quot;noNavigation&quot;:false,&quot;bg_slider&quot;:false,&quot;keep_padding&quot;:false,&quot;hoverpause&quot;:false,&quot;show_slide_delay&quot;:0}\"  itemprop=\"image\" itemscope=\"itemscope\" itemtype=\"https:\/\/schema.org\/ImageObject\" ><ul class='avia-slideshow-inner ' style='padding-bottom: 31.818181818182%;'><li  class='avia-slideshow-slide av-jikbtuwa-ee5a83d329fa3927c8b57c458fd907bd__0  av-single-slide slide-1 slide-odd'><div data-rel='slideshow-1' class='avia-slide-wrap '   ><div class='av-slideshow-caption av-jikbtuwa-ee5a83d329fa3927c8b57c458fd907bd__0 caption_fullwidth caption_left caption_left_framed caption_framed'><div class=\"container caption_container\"><div class=\"slideshow_caption\"><div class=\"slideshow_inner_caption\"><div class=\"slideshow_align_caption\"><h2 class='avia-caption-title '  itemprop=\"name\" >Employee Profile<\/h2><div class='avia-caption-content '  itemprop=\"description\" ><p>with Fabian M\u00f6dinger<br \/>\nDocumentation Engineer<br \/>\nBeen at NESS since 2023<\/p>\n<\/div><\/div><\/div><\/div><\/div><\/div><img decoding=\"async\" fetchpriority=\"high\" class=\"wp-image-24716 avia-img-lazy-loading-not-24716\"  src=\"https:\/\/ness.de\/wp-content\/uploads\/2025\/02\/slider-Fabian-Moedinger.jpg\" width=\"2200\" height=\"700\" title='slider-Fabian-M\u00f6dinger' alt=''  itemprop=\"thumbnailUrl\" srcset=\"https:\/\/ness.de\/wp-content\/uploads\/2025\/02\/slider-Fabian-Moedinger.jpg 2200w, https:\/\/ness.de\/wp-content\/uploads\/2025\/02\/slider-Fabian-Moedinger-300x95.jpg 300w, https:\/\/ness.de\/wp-content\/uploads\/2025\/02\/slider-Fabian-Moedinger-1030x328.jpg 1030w, https:\/\/ness.de\/wp-content\/uploads\/2025\/02\/slider-Fabian-Moedinger-768x244.jpg 768w, https:\/\/ness.de\/wp-content\/uploads\/2025\/02\/slider-Fabian-Moedinger-1536x489.jpg 1536w, https:\/\/ness.de\/wp-content\/uploads\/2025\/02\/slider-Fabian-Moedinger-2048x652.jpg 2048w, https:\/\/ness.de\/wp-content\/uploads\/2025\/02\/slider-Fabian-Moedinger-1500x477.jpg 1500w, https:\/\/ness.de\/wp-content\/uploads\/2025\/02\/slider-Fabian-Moedinger-705x224.jpg 705w, https:\/\/ness.de\/wp-content\/uploads\/2025\/02\/slider-Fabian-Moedinger-1320x420.jpg 1320w\" sizes=\"(max-width: 2200px) 100vw, 2200px\" \/><\/div><\/li><\/ul><\/div><\/div>\n<div id='av_section_1'  class='avia-section av-2wm50-51e0264b12d9452832fbbb2d57682612 main_color avia-section-default avia-no-border-styling  avia-builder-el-1  el_after_av_slideshow_full  el_before_av_section  avia-bg-style-scroll container_wrap sidebar_right'  ><div class='container av-section-cont-open' ><div class='template-page content  av-content-small alpha units'><div class='post-entry post-entry-type-page post-entry-24836'><div class='entry-content-wrapper clearfix'>\n<div class='flex_column_table av-26zgc-40e6bb468d60f1a01784778e68a56410 sc-av_two_third av-equal-height-column-flextable'>\n<style type=\"text\/css\" data-created_by=\"avia_inline_auto\" id=\"style-css-av-26zgc-40e6bb468d60f1a01784778e68a56410\">\n.flex_column.av-26zgc-40e6bb468d60f1a01784778e68a56410{\nborder-radius:0px 0px 0px 0px;\npadding:0px 0px 0px 0px;\n}\n<\/style>\n<div  class='flex_column av-26zgc-40e6bb468d60f1a01784778e68a56410 av_two_third  avia-builder-el-2  avia-builder-el-no-sibling  first flex_column_table_cell av-equal-height-column av-align-middle av-zero-column-padding  '     ><section  class='av_textblock_section av-1cjjk-367bdf9a575635c72394ed097878ac5b '   itemscope=\"itemscope\" itemtype=\"https:\/\/schema.org\/CreativeWork\" ><div class='avia_textblock'  itemprop=\"text\" ><h1 class=\"avia-caption-title \">What did you do before joining NESS?<\/h1>\n<p>After training as a bank clerk, I gained my first professional experience in the bank before my path finally led me to Deutsche Post and then on to NESS W\u00e4rmetechnik.<\/p>\n<h1 class=\"avia-caption-title \">Why did you start at NESS?<\/h1>\n<p>Through a friend who had already started at Ness and another current colleague, I independently became aware of an exciting position in the company at exactly the right time, as I was looking for a new challenge anyway.<\/p>\n<h1 class=\"avia-caption-title \">What is your day-to-day work at NESS like? What arIch bin verantwortle your daily tasks?<\/h1>\n<p>I am responsible for document management &#8211; from checking and archiving incoming documents to creating customer-specific documentation for our systems and products. I am also responsible for creating and checking relevant documents and, if necessary, revising operating instructions in close collaboration with the design, electrical engineering and commissioning departments.<\/p>\n<h1 class=\"avia-caption-title \">What do you like best about your job? What do you enjoy most?<\/h1>\n<p>When there is a new project, I make sure that all the relevant information for complete customer documentation comes together. I collect drawings, lists and orders, check supplier documents and compile the necessary internal documents.<br \/>\nThe most exciting part for me is putting all the pieces of the puzzle together until I end up with structured and complete documentation.<\/p>\n<h1 class=\"avia-caption-title \">What has been your favourite experience at NESS so far?<\/h1>\n<p>The summer party and the Christmas party during my first year at the company &#8211; a great opportunity to get to know the team better. Through relaxed conversations away from the daily work routine, I was able to experience many colleagues from a new perspective and familiarise myself even better with the company.<\/p>\n<h1 class=\"avia-caption-title \">What would new colleagues need to bring with them to fit in at NESS?<\/h1>\n<p>The ability to work in a team, personal responsibility and the willingness to acquire new knowledge and respond flexibly to change &#8211; these are key strengths for me.<\/p>\n<h1 class=\"avia-caption-title \">How would you describe the working atmosphere at NESS?<\/h1>\n<p>That it is better to do things thoroughly and correctly, especially by coordinating with colleagues from different departments. Good teamwork and solution-orientated cooperation make all the difference.<\/p>\n<h1 class=\"avia-caption-title \">What makes NESS special for you as an employer?<\/h1>\n<p>The family atmosphere in general and the cross-departmental cooperation are crucial to finding the best possible solutions. At the same time, I appreciate the personal responsibility and the variety of new challenges, so it&#8217;s always exciting.<\/p>\n<h1 class=\"avia-caption-title \">Describe NESS in 3 words<\/h1>\n<p>A strong team<\/p>\n<\/div><\/section><\/div><\/div><!--close column table wrapper. Autoclose: 1 -->\n\n<\/div><\/div><\/div><!-- close content main div --><\/div><\/div><div id='av_section_2'  class='avia-section av-15zig-1b82593d1a9165ece3a1bbdb47054958 main_color avia-section-default avia-no-border-styling  avia-builder-el-4  el_after_av_section  avia-builder-el-last  avia-bg-style-scroll container_wrap sidebar_right'  ><div class='container av-section-cont-open' ><div class='template-page content  av-content-small alpha units'><div class='post-entry post-entry-type-page post-entry-24836'><div class='entry-content-wrapper clearfix'><\/div><\/div><\/div><!-- close content main div --><\/div><\/div><div id='after_section_2'  class='main_color av_default_container_wrap container_wrap sidebar_right'  ><div class='container av-section-cont-open' ><div class='template-page content  av-content-small alpha units'><div class='post-entry post-entry-type-page post-entry-24836'><div class='entry-content-wrapper clearfix'>\n","protected":false},"excerpt":{"rendered":"","protected":false},"author":18,"featured_media":24716,"parent":0,"menu_order":0,"comment_status":"closed","ping_status":"closed","template":"","meta":{"footnotes":""},"class_list":["post-24836","page","type-page","status-publish","has-post-thumbnail","hentry"],"yoast_head":"<!-- This site is optimized with the Yoast SEO Premium plugin v27.4 (Yoast SEO v27.4) - https:\/\/yoast.com\/product\/yoast-seo-premium-wordpress\/ -->\n<title>About our colleague Fabian M\u00f6dinger - NESS W\u00e4rmetechnik GmbH<\/title>\n<meta name=\"description\" content=\"Fabian M\u00f6dinger is a Documentation Engineer and has been with NESS W\u00e4rmetechnik since 2023. We asked him a few things about it.\" \/>\n<meta name=\"robots\" content=\"index, follow, max-snippet:-1, max-image-preview:large, max-video-preview:-1\" \/>\n<link rel=\"canonical\" href=\"https:\/\/ness.de\/en\/fabian-modinger\/\" \/>\n<meta property=\"og:locale\" content=\"en_US\" \/>\n<meta property=\"og:type\" content=\"article\" \/>\n<meta property=\"og:title\" content=\"Fabian M\u00f6dinger\" \/>\n<meta property=\"og:description\" content=\"Fabian M\u00f6dinger is a Documentation Engineer and has been with NESS W\u00e4rmetechnik since 2023. We asked him a few things about it.\" \/>\n<meta property=\"og:url\" content=\"https:\/\/ness.de\/en\/fabian-modinger\/\" \/>\n<meta property=\"og:site_name\" content=\"NESS W\u00e4rmetechnik\" \/>\n<meta property=\"article:modified_time\" content=\"2025-02-13T13:07:40+00:00\" \/>\n<meta property=\"og:image\" content=\"https:\/\/ness.de\/wp-content\/uploads\/2025\/02\/slider-Fabian-Moedinger.jpg\" \/>\n\t<meta property=\"og:image:width\" content=\"1030\" \/>\n\t<meta property=\"og:image:height\" content=\"328\" \/>\n\t<meta property=\"og:image:type\" content=\"image\/jpeg\" \/>\n<meta name=\"twitter:card\" content=\"summary_large_image\" \/>\n<meta name=\"twitter:label1\" content=\"Est. reading time\" \/>\n\t<meta name=\"twitter:data1\" content=\"3 minutes\" \/>\n<!-- \/ Yoast SEO Premium plugin. -->","yoast_head_json":{"title":"About our colleague Fabian M\u00f6dinger - NESS W\u00e4rmetechnik GmbH","description":"Fabian M\u00f6dinger is a Documentation Engineer and has been with NESS W\u00e4rmetechnik since 2023. We asked him a few things about it.","robots":{"index":"index","follow":"follow","max-snippet":"max-snippet:-1","max-image-preview":"max-image-preview:large","max-video-preview":"max-video-preview:-1"},"canonical":"https:\/\/ness.de\/en\/fabian-modinger\/","og_locale":"en_US","og_type":"article","og_title":"Fabian M\u00f6dinger","og_description":"Fabian M\u00f6dinger is a Documentation Engineer and has been with NESS W\u00e4rmetechnik since 2023. We asked him a few things about it.","og_url":"https:\/\/ness.de\/en\/fabian-modinger\/","og_site_name":"NESS W\u00e4rmetechnik","article_modified_time":"2025-02-13T13:07:40+00:00","og_image":[{"width":1030,"height":328,"url":"https:\/\/ness.de\/wp-content\/uploads\/2025\/02\/slider-Fabian-Moedinger.jpg","type":"image\/jpeg"}],"twitter_card":"summary_large_image","twitter_misc":{"Est. reading time":"3 minutes"},"schema":{"@context":"https:\/\/schema.org","@graph":[{"@type":"WebPage","@id":"https:\/\/ness.de\/en\/fabian-modinger\/","url":"https:\/\/ness.de\/en\/fabian-modinger\/","name":"About our colleague Fabian M\u00f6dinger - NESS W\u00e4rmetechnik GmbH","isPartOf":{"@id":"https:\/\/ness.de\/#website"},"primaryImageOfPage":{"@id":"https:\/\/ness.de\/en\/fabian-modinger\/#primaryimage"},"image":{"@id":"https:\/\/ness.de\/en\/fabian-modinger\/#primaryimage"},"thumbnailUrl":"https:\/\/ness.de\/wp-content\/uploads\/2025\/02\/slider-Fabian-Moedinger.jpg","datePublished":"2025-02-13T13:07:38+00:00","dateModified":"2025-02-13T13:07:40+00:00","description":"Fabian M\u00f6dinger is a Documentation Engineer and has been with NESS W\u00e4rmetechnik since 2023. We asked him a few things about it.","breadcrumb":{"@id":"https:\/\/ness.de\/en\/fabian-modinger\/#breadcrumb"},"inLanguage":"en-US","potentialAction":[{"@type":"ReadAction","target":["https:\/\/ness.de\/en\/fabian-modinger\/"]}]},{"@type":"ImageObject","inLanguage":"en-US","@id":"https:\/\/ness.de\/en\/fabian-modinger\/#primaryimage","url":"https:\/\/ness.de\/wp-content\/uploads\/2025\/02\/slider-Fabian-Moedinger.jpg","contentUrl":"https:\/\/ness.de\/wp-content\/uploads\/2025\/02\/slider-Fabian-Moedinger.jpg","width":2200,"height":700},{"@type":"BreadcrumbList","@id":"https:\/\/ness.de\/en\/fabian-modinger\/#breadcrumb","itemListElement":[{"@type":"ListItem","position":1,"name":"Startseite","item":"https:\/\/ness.de\/en\/"},{"@type":"ListItem","position":2,"name":"Fabian M\u00f6dinger"}]},{"@type":"WebSite","@id":"https:\/\/ness.de\/#website","url":"https:\/\/ness.de\/","name":"NESS W\u00e4rmetechnik","description":"The Process Heat Company","publisher":{"@id":"https:\/\/ness.de\/#organization"},"potentialAction":[{"@type":"SearchAction","target":{"@type":"EntryPoint","urlTemplate":"https:\/\/ness.de\/?s={search_term_string}"},"query-input":{"@type":"PropertyValueSpecification","valueRequired":true,"valueName":"search_term_string"}}],"inLanguage":"en-US"},{"@type":"Organization","@id":"https:\/\/ness.de\/#organization","name":"NESS W\u00e4rmetechnik GmbH","url":"https:\/\/ness.de\/","logo":{"@type":"ImageObject","inLanguage":"en-US","@id":"https:\/\/ness.de\/#\/schema\/logo\/image\/","url":"https:\/\/ness.de\/wp-content\/uploads\/2018\/06\/ness_logo_web-01.png","contentUrl":"https:\/\/ness.de\/wp-content\/uploads\/2018\/06\/ness_logo_web-01.png","width":492,"height":210,"caption":"NESS W\u00e4rmetechnik GmbH"},"image":{"@id":"https:\/\/ness.de\/#\/schema\/logo\/image\/"},"sameAs":["https:\/\/www.linkedin.com\/company\/12209647\/","https:\/\/www.youtube.com\/channel\/UCDhnohU-u-vr6G2SDUw0dbQ"]}]}},"_links":{"self":[{"href":"https:\/\/ness.de\/en\/wp-json\/wp\/v2\/pages\/24836","targetHints":{"allow":["GET"]}}],"collection":[{"href":"https:\/\/ness.de\/en\/wp-json\/wp\/v2\/pages"}],"about":[{"href":"https:\/\/ness.de\/en\/wp-json\/wp\/v2\/types\/page"}],"author":[{"embeddable":true,"href":"https:\/\/ness.de\/en\/wp-json\/wp\/v2\/users\/18"}],"replies":[{"embeddable":true,"href":"https:\/\/ness.de\/en\/wp-json\/wp\/v2\/comments?post=24836"}],"version-history":[{"count":12,"href":"https:\/\/ness.de\/en\/wp-json\/wp\/v2\/pages\/24836\/revisions"}],"predecessor-version":[{"id":24885,"href":"https:\/\/ness.de\/en\/wp-json\/wp\/v2\/pages\/24836\/revisions\/24885"}],"wp:featuredmedia":[{"embeddable":true,"href":"https:\/\/ness.de\/en\/wp-json\/wp\/v2\/media\/24716"}],"wp:attachment":[{"href":"https:\/\/ness.de\/en\/wp-json\/wp\/v2\/media?parent=24836"}],"curies":[{"name":"wp","href":"https:\/\/api.w.org\/{rel}","templated":true}]}}