{"id":15394,"date":"2022-01-13T10:53:33","date_gmt":"2022-01-13T09:53:33","guid":{"rendered":"https:\/\/www.ness.de\/?page_id=15394"},"modified":"2022-01-13T10:53:34","modified_gmt":"2022-01-13T09:53:34","slug":"robert-gross","status":"publish","type":"page","link":"https:\/\/ness.de\/en\/robert-gross\/","title":{"rendered":"Robert Gro\u00df"},"content":{"rendered":"<div id='full_slider_1'  class='avia-fullwidth-slider main_color avia-shadow   avia-builder-el-0  el_before_av_section  avia-builder-el-first   container_wrap sidebar_right'  ><div  class='avia-slideshow av-jikbtuwa-cd4681cbd596fa5b0b9f7309e3416242 avia-slideshow-featured av_slideshow_full avia-slide-slider av-slideshow-ui av-control-default av-slideshow-manual av-loop-once av-loop-manual-endless av-default-height-applied   avia-slideshow-1' data-slideshow-options=\"{&quot;animation&quot;:&quot;slide&quot;,&quot;autoplay&quot;:false,&quot;loop_autoplay&quot;:&quot;once&quot;,&quot;interval&quot;:7,&quot;loop_manual&quot;:&quot;manual-endless&quot;,&quot;autoplay_stopper&quot;:false,&quot;noNavigation&quot;:false,&quot;bg_slider&quot;:false,&quot;keep_padding&quot;:false,&quot;hoverpause&quot;:false,&quot;show_slide_delay&quot;:0}\"  itemprop=\"image\" itemscope=\"itemscope\" itemtype=\"https:\/\/schema.org\/ImageObject\" ><ul class='avia-slideshow-inner ' style='padding-bottom: 31.818181818182%;'><li  class='avia-slideshow-slide av-jikbtuwa-cd4681cbd596fa5b0b9f7309e3416242__0  av-single-slide slide-1 slide-odd'><div data-rel='slideshow-1' class='avia-slide-wrap '   ><div class='av-slideshow-caption av-jikbtuwa-cd4681cbd596fa5b0b9f7309e3416242__0 caption_fullwidth caption_left caption_left_framed caption_framed'><div class=\"container caption_container\"><div class=\"slideshow_caption\"><div class=\"slideshow_inner_caption\"><div class=\"slideshow_align_caption\"><h2 class='avia-caption-title '  itemprop=\"name\" >Employee Profile<\/h2><div class='avia-caption-content '  itemprop=\"description\" ><p>with Robert Gro\u00df<br \/>\nService and Commissioning Engineer<br \/>\nBeen at NESS since 2018<\/p>\n<\/div><\/div><\/div><\/div><\/div><\/div><img decoding=\"async\" fetchpriority=\"high\" class=\"wp-image-15402 avia-img-lazy-loading-not-15402\"  src=\"https:\/\/ness.de\/wp-content\/uploads\/2022\/01\/slider-robert-gross-2200x700.jpg\" width=\"2200\" height=\"700\" title='slider-robert-gross' alt=''  itemprop=\"thumbnailUrl\" srcset=\"https:\/\/ness.de\/wp-content\/uploads\/2022\/01\/slider-robert-gross-2200x700.jpg 2200w, https:\/\/ness.de\/wp-content\/uploads\/2022\/01\/slider-robert-gross-300x95.jpg 300w, https:\/\/ness.de\/wp-content\/uploads\/2022\/01\/slider-robert-gross-1030x328.jpg 1030w, https:\/\/ness.de\/wp-content\/uploads\/2022\/01\/slider-robert-gross-768x244.jpg 768w, https:\/\/ness.de\/wp-content\/uploads\/2022\/01\/slider-robert-gross-1536x489.jpg 1536w, https:\/\/ness.de\/wp-content\/uploads\/2022\/01\/slider-robert-gross-2048x652.jpg 2048w, https:\/\/ness.de\/wp-content\/uploads\/2022\/01\/slider-robert-gross-1500x477.jpg 1500w, https:\/\/ness.de\/wp-content\/uploads\/2022\/01\/slider-robert-gross-705x224.jpg 705w, https:\/\/ness.de\/wp-content\/uploads\/2022\/01\/slider-robert-gross-1320x420.jpg 1320w\" sizes=\"(max-width: 2200px) 100vw, 2200px\" \/><\/div><\/li><\/ul><\/div><\/div>\n<div id='av_section_1'  class='avia-section av-2wm50-51e0264b12d9452832fbbb2d57682612 main_color avia-section-default avia-no-border-styling  avia-builder-el-1  el_after_av_slideshow_full  el_before_av_section  avia-bg-style-scroll container_wrap sidebar_right'  ><div class='container av-section-cont-open' ><div class='template-page content  av-content-small alpha units'><div class='post-entry post-entry-type-page post-entry-15394'><div class='entry-content-wrapper clearfix'>\n<div class='flex_column_table av-26zgc-40e6bb468d60f1a01784778e68a56410 sc-av_two_third av-equal-height-column-flextable'>\n<style type=\"text\/css\" data-created_by=\"avia_inline_auto\" id=\"style-css-av-26zgc-40e6bb468d60f1a01784778e68a56410\">\n.flex_column.av-26zgc-40e6bb468d60f1a01784778e68a56410{\nborder-radius:0px 0px 0px 0px;\npadding:0px 0px 0px 0px;\n}\n<\/style>\n<div  class='flex_column av-26zgc-40e6bb468d60f1a01784778e68a56410 av_two_third  avia-builder-el-2  avia-builder-el-no-sibling  first flex_column_table_cell av-equal-height-column av-align-middle av-zero-column-padding  '     ><section  class='av_textblock_section av-1cjjk-74effe18d5b9fd8e0876019f200f3d61 '   itemscope=\"itemscope\" itemtype=\"https:\/\/schema.org\/CreativeWork\" ><div class='avia_textblock'  itemprop=\"text\" ><h1 class=\"avia-caption-title \">What did you do before worked at NESS?<\/h1>\n<p>I worked for a long time as a Maintenance Manager in the PCB industry where others go on holiday &#8211; in the Philippines.<\/p>\n<p>The last job was as a maintenance manager for a company in the paper industry for about 4 years.<\/p>\n<h1 class=\"avia-caption-title \">Why did you decide to work for NESS?<\/h1>\n<p>As NESS is internationally active, the position of Service and Commissioning Engineer was particularly appealing to me. I simply need the international work and the exchange with people all over the world. For me, it&#8217;s always a great experience and the challenge is great.<\/p>\n<h1 class=\"avia-caption-title \">What is your working day like at NESS? What are your daily tasks?<\/h1>\n<p>My tasks are very extensive, from consulting on our products, accompanying sales and installation to commissioning and handover to our customers.<\/p>\n<h1 class=\"avia-caption-title \">What do you like best about your job? What task do you enjoy the most?<\/h1>\n<p>When I see that our customers have success with our products. I celebrate these successes very much! I am also happy to advise interested parties or existing customers on topics to become even better in your field.<\/p>\n<h1 class=\"avia-caption-title \">What has been your best moment at NESS?<\/h1>\n<p>The commissioning of our plants in unusual places that you would never think of or have been to before.<\/p>\n<p>Quito in Ecuador at an altitude of 2600 metres spontaneously comes to mind. Or a project in Taiwan for the production of bioplastics.<\/p>\n<h1 class=\"avia-caption-title \">What qualities do new work colleagues at NESS need to fit into the work culture?<\/h1>\n<p>They should fit in with us as people and have a healthy sense of humour.<\/p>\n<h1 class=\"avia-caption-title \">How do you describe the atmosphere at NESS?<\/h1>\n<p>At NESS, every employee stands up for the other. Teamwork is very important to us.<\/p>\n<h1 class=\"avia-caption-title \"><strong>What makes NESS as an employer special to you?<\/strong><\/h1>\n<p>The trust that is placed in us as a company. NESS is a name in the market and standing up for it makes me proud.<\/p>\n<h1 class=\"avia-caption-title \">Describe NESS in 3 words<\/h1>\n<p>Good from experience<\/p>\n<h2 class=\"avia-caption-title \">Dear Robert Gro\u00df \u2013 Thank you very much for answering the questions<\/h2>\n<\/div><\/section><\/div><\/div><!--close column table wrapper. Autoclose: 1 --><\/div><\/div><\/div><!-- close content main div --><\/div><\/div><div id='av_section_2'  class='avia-section av-15zig-1b82593d1a9165ece3a1bbdb47054958 main_color avia-section-default avia-no-border-styling  avia-builder-el-4  el_after_av_section  avia-builder-el-last  avia-bg-style-scroll container_wrap sidebar_right'  ><div class='container av-section-cont-open' ><div class='template-page content  av-content-small alpha units'><div class='post-entry post-entry-type-page post-entry-15394'><div class='entry-content-wrapper clearfix'><\/div><\/div><\/div><!-- close content main div --><\/div><\/div><div id='after_section_2'  class='main_color av_default_container_wrap container_wrap sidebar_right'  ><div class='container av-section-cont-open' ><div class='template-page content  av-content-small alpha units'><div class='post-entry post-entry-type-page post-entry-15394'><div class='entry-content-wrapper clearfix'><\/p>\n","protected":false},"excerpt":{"rendered":"","protected":false},"author":3,"featured_media":8994,"parent":0,"menu_order":0,"comment_status":"closed","ping_status":"closed","template":"","meta":{"footnotes":""},"class_list":["post-15394","page","type-page","status-publish","has-post-thumbnail","hentry"],"yoast_head":"<!-- This site is optimized with the Yoast SEO Premium plugin v27.4 (Yoast SEO v27.4) - https:\/\/yoast.com\/product\/yoast-seo-premium-wordpress\/ -->\n<title>About our colleague Robert Gro\u00df - NESS W\u00e4rmetechnik GmbH<\/title>\n<meta name=\"description\" content=\"Robert Gro\u00df is Service and Commissioning Engineer and has been with NESS W\u00e4rmetechnik since 2018. We asked her a few things about it.\" \/>\n<meta name=\"robots\" content=\"index, follow, max-snippet:-1, max-image-preview:large, max-video-preview:-1\" \/>\n<link rel=\"canonical\" href=\"https:\/\/ness.de\/en\/robert-gross\/\" \/>\n<meta property=\"og:locale\" content=\"en_US\" \/>\n<meta property=\"og:type\" content=\"article\" \/>\n<meta property=\"og:title\" content=\"Robert Gro\u00df\" \/>\n<meta property=\"og:description\" content=\"Robert Gro\u00df is Service and Commissioning Engineer and has been with NESS W\u00e4rmetechnik since 2018. We asked her a few things about it.\" \/>\n<meta property=\"og:url\" content=\"https:\/\/ness.de\/en\/robert-gross\/\" \/>\n<meta property=\"og:site_name\" content=\"NESS W\u00e4rmetechnik\" \/>\n<meta property=\"article:modified_time\" content=\"2022-01-13T09:53:34+00:00\" \/>\n<meta property=\"og:image\" content=\"https:\/\/ness.de\/wp-content\/uploads\/2019\/10\/slider-ness-service.jpg\" \/>\n\t<meta property=\"og:image:width\" content=\"2200\" \/>\n\t<meta property=\"og:image:height\" content=\"700\" \/>\n\t<meta property=\"og:image:type\" content=\"image\/jpeg\" \/>\n<meta name=\"twitter:card\" content=\"summary_large_image\" \/>\n<meta name=\"twitter:label1\" content=\"Est. reading time\" \/>\n\t<meta name=\"twitter:data1\" content=\"6 minutes\" \/>\n<!-- \/ Yoast SEO Premium plugin. -->","yoast_head_json":{"title":"About our colleague Robert Gro\u00df - NESS W\u00e4rmetechnik GmbH","description":"Robert Gro\u00df is Service and Commissioning Engineer and has been with NESS W\u00e4rmetechnik since 2018. We asked her a few things about it.","robots":{"index":"index","follow":"follow","max-snippet":"max-snippet:-1","max-image-preview":"max-image-preview:large","max-video-preview":"max-video-preview:-1"},"canonical":"https:\/\/ness.de\/en\/robert-gross\/","og_locale":"en_US","og_type":"article","og_title":"Robert Gro\u00df","og_description":"Robert Gro\u00df is Service and Commissioning Engineer and has been with NESS W\u00e4rmetechnik since 2018. We asked her a few things about it.","og_url":"https:\/\/ness.de\/en\/robert-gross\/","og_site_name":"NESS W\u00e4rmetechnik","article_modified_time":"2022-01-13T09:53:34+00:00","og_image":[{"width":2200,"height":700,"url":"https:\/\/ness.de\/wp-content\/uploads\/2019\/10\/slider-ness-service.jpg","type":"image\/jpeg"}],"twitter_card":"summary_large_image","twitter_misc":{"Est. reading time":"6 minutes"},"schema":{"@context":"https:\/\/schema.org","@graph":[{"@type":"WebPage","@id":"https:\/\/ness.de\/en\/robert-gross\/","url":"https:\/\/ness.de\/en\/robert-gross\/","name":"About our colleague Robert Gro\u00df - NESS W\u00e4rmetechnik GmbH","isPartOf":{"@id":"https:\/\/ness.de\/#website"},"primaryImageOfPage":{"@id":"https:\/\/ness.de\/en\/robert-gross\/#primaryimage"},"image":{"@id":"https:\/\/ness.de\/en\/robert-gross\/#primaryimage"},"thumbnailUrl":"https:\/\/ness.de\/wp-content\/uploads\/2019\/10\/slider-ness-service.jpg","datePublished":"2022-01-13T09:53:33+00:00","dateModified":"2022-01-13T09:53:34+00:00","description":"Robert Gro\u00df is Service and Commissioning Engineer and has been with NESS W\u00e4rmetechnik since 2018. We asked her a few things about it.","breadcrumb":{"@id":"https:\/\/ness.de\/en\/robert-gross\/#breadcrumb"},"inLanguage":"en-US","potentialAction":[{"@type":"ReadAction","target":["https:\/\/ness.de\/en\/robert-gross\/"]}]},{"@type":"ImageObject","inLanguage":"en-US","@id":"https:\/\/ness.de\/en\/robert-gross\/#primaryimage","url":"https:\/\/ness.de\/wp-content\/uploads\/2019\/10\/slider-ness-service.jpg","contentUrl":"https:\/\/ness.de\/wp-content\/uploads\/2019\/10\/slider-ness-service.jpg","width":2200,"height":700},{"@type":"BreadcrumbList","@id":"https:\/\/ness.de\/en\/robert-gross\/#breadcrumb","itemListElement":[{"@type":"ListItem","position":1,"name":"Startseite","item":"https:\/\/ness.de\/en\/"},{"@type":"ListItem","position":2,"name":"Robert Gro\u00df"}]},{"@type":"WebSite","@id":"https:\/\/ness.de\/#website","url":"https:\/\/ness.de\/","name":"NESS W\u00e4rmetechnik","description":"The Process Heat Company","publisher":{"@id":"https:\/\/ness.de\/#organization"},"potentialAction":[{"@type":"SearchAction","target":{"@type":"EntryPoint","urlTemplate":"https:\/\/ness.de\/?s={search_term_string}"},"query-input":{"@type":"PropertyValueSpecification","valueRequired":true,"valueName":"search_term_string"}}],"inLanguage":"en-US"},{"@type":"Organization","@id":"https:\/\/ness.de\/#organization","name":"NESS W\u00e4rmetechnik GmbH","url":"https:\/\/ness.de\/","logo":{"@type":"ImageObject","inLanguage":"en-US","@id":"https:\/\/ness.de\/#\/schema\/logo\/image\/","url":"https:\/\/ness.de\/wp-content\/uploads\/2018\/06\/ness_logo_web-01.png","contentUrl":"https:\/\/ness.de\/wp-content\/uploads\/2018\/06\/ness_logo_web-01.png","width":492,"height":210,"caption":"NESS W\u00e4rmetechnik GmbH"},"image":{"@id":"https:\/\/ness.de\/#\/schema\/logo\/image\/"},"sameAs":["https:\/\/www.linkedin.com\/company\/12209647\/","https:\/\/www.youtube.com\/channel\/UCDhnohU-u-vr6G2SDUw0dbQ"]}]}},"_links":{"self":[{"href":"https:\/\/ness.de\/en\/wp-json\/wp\/v2\/pages\/15394","targetHints":{"allow":["GET"]}}],"collection":[{"href":"https:\/\/ness.de\/en\/wp-json\/wp\/v2\/pages"}],"about":[{"href":"https:\/\/ness.de\/en\/wp-json\/wp\/v2\/types\/page"}],"author":[{"embeddable":true,"href":"https:\/\/ness.de\/en\/wp-json\/wp\/v2\/users\/3"}],"replies":[{"embeddable":true,"href":"https:\/\/ness.de\/en\/wp-json\/wp\/v2\/comments?post=15394"}],"version-history":[{"count":6,"href":"https:\/\/ness.de\/en\/wp-json\/wp\/v2\/pages\/15394\/revisions"}],"predecessor-version":[{"id":15418,"href":"https:\/\/ness.de\/en\/wp-json\/wp\/v2\/pages\/15394\/revisions\/15418"}],"wp:featuredmedia":[{"embeddable":true,"href":"https:\/\/ness.de\/en\/wp-json\/wp\/v2\/media\/8994"}],"wp:attachment":[{"href":"https:\/\/ness.de\/en\/wp-json\/wp\/v2\/media?parent=15394"}],"curies":[{"name":"wp","href":"https:\/\/api.w.org\/{rel}","templated":true}]}}